{"id":703116,"date":"2025-08-27T15:22:29","date_gmt":"2025-08-27T12:22:29","guid":{"rendered":"https:\/\/roveyayinevi.com.tr\/index.php\/urun\/labirent-olum-emri\/"},"modified":"2026-04-16T02:12:30","modified_gmt":"2026-04-15T23:12:30","slug":"labirent-olum-emri","status":"publish","type":"product","link":"https:\/\/roveyayinevi.com.tr\/index.php\/urun\/labirent-olum-emri\/","title":{"rendered":"Labirent : \u00d6l\u00fcm Emri"},"content":{"rendered":"<p>Ani bir patlamayla sonun geldi\u011fini sand\u0131lar. \u0130syan kurulmadan, Kayran in\u015fa edilmeden ve Thomas, Labirent\u2019e girmeden \u00f6nce bir g\u00fcne\u015f patlamas\u0131 d\u00fcnyay\u0131 vurmu\u015f, insan n\u00fcfusunun \u00e7o\u011funu \u00f6ld\u00fcrm\u00fc\u015ft\u00fcr. Ancak en k\u00f6t\u00fc g\u00fcnler hen\u00fcz ya\u015fanmad\u0131. <\/p>\n","protected":false},"excerpt":{"rendered":"<p>Ani bir patlamayla sonun geldi\u011fini sand\u0131lar. \u0130syan kurulmadan, Kayran in\u015fa edilmeden ve Thomas, Labirent\u2019e girmeden \u00f6nce bir g\u00fcne\u015f patlamas\u0131 d\u00fcnyay\u0131 vurmu\u015f, insan n\u00fcfusunun \u00e7o\u011funu \u00f6ld\u00fcrm\u00fc\u015ft\u00fcr. Ancak<span class=\"excerpt-hellip\"> [\u2026]<\/span><\/p>\n","protected":false},"featured_media":0,"template":"","meta":{"_monsterinsights_skip_tracking":false,"_monsterinsights_sitenote_active":false,"_monsterinsights_sitenote_note":"","_monsterinsights_sitenote_category":0},"product_brand":[],"product_cat":[12291,12711],"product_tag":[],"class_list":{"0":"post-703116","1":"product","2":"type-product","3":"status-publish","5":"product_cat-edebiyat","6":"product_cat-roman-oyku","7":"pa_tur-kitap","8":"pa_yayinevi-pegasus-yayinlari","9":"pa_yazar-james-dashner","11":"first","12":"instock","13":"sale","14":"shipping-taxable","15":"purchasable","16":"product-type-simple"},"_links":{"self":[{"href":"https:\/\/roveyayinevi.com.tr\/index.php\/wp-json\/wp\/v2\/product\/703116","targetHints":{"allow":["GET"]}}],"collection":[{"href":"https:\/\/roveyayinevi.com.tr\/index.php\/wp-json\/wp\/v2\/product"}],"about":[{"href":"https:\/\/roveyayinevi.com.tr\/index.php\/wp-json\/wp\/v2\/types\/product"}],"wp:attachment":[{"href":"https:\/\/roveyayinevi.com.tr\/index.php\/wp-json\/wp\/v2\/media?parent=703116"}],"wp:term":[{"taxonomy":"product_brand","embeddable":true,"href":"https:\/\/roveyayinevi.com.tr\/index.php\/wp-json\/wp\/v2\/product_brand?post=703116"},{"taxonomy":"product_cat","embeddable":true,"href":"https:\/\/roveyayinevi.com.tr\/index.php\/wp-json\/wp\/v2\/product_cat?post=703116"},{"taxonomy":"product_tag","embeddable":true,"href":"https:\/\/roveyayinevi.com.tr\/index.php\/wp-json\/wp\/v2\/product_tag?post=703116"}],"curies":[{"name":"wp","href":"https:\/\/api.w.org\/{rel}","templated":true}]}}