{"id":703115,"date":"2025-08-27T15:22:28","date_gmt":"2025-08-27T12:22:28","guid":{"rendered":"https:\/\/roveyayinevi.com.tr\/index.php\/urun\/yasam-kesikleri-toplu-yazilar-2003-2013\/"},"modified":"2026-04-07T02:18:53","modified_gmt":"2026-04-06T23:18:53","slug":"yasam-kesikleri-toplu-yazilar-2003-2013","status":"publish","type":"product","link":"https:\/\/roveyayinevi.com.tr\/index.php\/urun\/yasam-kesikleri-toplu-yazilar-2003-2013\/","title":{"rendered":"Ya\u015fam Kesikleri Toplu Yaz\u0131lar (2003-2013)"},"content":{"rendered":"<p>Alova&#8217;n\u0131n bu kitapta toplad\u0131\u011f\u0131 metinler, felsefeci, sanat\u00e7\u0131 ve \u015fair dostlar\u0131yla s\u00fcrd\u00fcrd\u00fc\u011f\u00fc dertle\u015fmelerde, tart\u0131\u015fmalarda g\u00fcndeme gelen, irdelenen d\u00fc\u015f\u00fcnce par\u00e7ac\u0131klar\u0131d\u0131r. Tarihin, g\u00fcncel ya\u015fam\u0131n, k\u00fclt\u00fcr sorunlar\u0131n\u0131n bilin\u00e7te a\u00e7t\u0131\u011f\u0131 &#8220;kesik&#8221;lerdir. Konu, izlek, zaman, mek\u00e2n g\u00f6z ard\u0131 edilerek, d\u00fc\u015f\u00fcnsel bir domino gibi, birbirini esinleyen, bir t\u00fcr atlama ta\u015flar\u0131d\u0131r bu &#8220;kesik&#8221;ler. <\/p>\n","protected":false},"excerpt":{"rendered":"<p>Alova&#8217;n\u0131n bu kitapta toplad\u0131\u011f\u0131 metinler, felsefeci, sanat\u00e7\u0131 ve \u015fair dostlar\u0131yla s\u00fcrd\u00fcrd\u00fc\u011f\u00fc dertle\u015fmelerde, tart\u0131\u015fmalarda g\u00fcndeme gelen, irdelenen d\u00fc\u015f\u00fcnce par\u00e7ac\u0131klar\u0131d\u0131r. Tarihin, g\u00fcncel ya\u015fam\u0131n, k\u00fclt\u00fcr sorunlar\u0131n\u0131n bilin\u00e7te a\u00e7t\u0131\u011f\u0131 &#8220;kesik&#8221;lerdir.<span class=\"excerpt-hellip\"> [\u2026]<\/span><\/p>\n","protected":false},"featured_media":0,"template":"","meta":{"_monsterinsights_skip_tracking":false,"_monsterinsights_sitenote_active":false,"_monsterinsights_sitenote_note":"","_monsterinsights_sitenote_category":0},"product_brand":[],"product_cat":[12777,12291],"product_tag":[],"class_list":{"0":"post-703115","1":"product","2":"type-product","3":"status-publish","5":"product_cat-deneme","6":"product_cat-edebiyat","7":"pa_cilt-ciltsiz","8":"pa_tur-kitap","9":"pa_yayinevi-is-bankasi-kultur-yayinlari","10":"pa_yazar-erdal-alova","12":"first","13":"instock","14":"sale","15":"shipping-taxable","16":"purchasable","17":"product-type-simple"},"_links":{"self":[{"href":"https:\/\/roveyayinevi.com.tr\/index.php\/wp-json\/wp\/v2\/product\/703115","targetHints":{"allow":["GET"]}}],"collection":[{"href":"https:\/\/roveyayinevi.com.tr\/index.php\/wp-json\/wp\/v2\/product"}],"about":[{"href":"https:\/\/roveyayinevi.com.tr\/index.php\/wp-json\/wp\/v2\/types\/product"}],"wp:attachment":[{"href":"https:\/\/roveyayinevi.com.tr\/index.php\/wp-json\/wp\/v2\/media?parent=703115"}],"wp:term":[{"taxonomy":"product_brand","embeddable":true,"href":"https:\/\/roveyayinevi.com.tr\/index.php\/wp-json\/wp\/v2\/product_brand?post=703115"},{"taxonomy":"product_cat","embeddable":true,"href":"https:\/\/roveyayinevi.com.tr\/index.php\/wp-json\/wp\/v2\/product_cat?post=703115"},{"taxonomy":"product_tag","embeddable":true,"href":"https:\/\/roveyayinevi.com.tr\/index.php\/wp-json\/wp\/v2\/product_tag?post=703115"}],"curies":[{"name":"wp","href":"https:\/\/api.w.org\/{rel}","templated":true}]}}