{"id":703111,"date":"2025-08-27T15:22:27","date_gmt":"2025-08-27T12:22:27","guid":{"rendered":"https:\/\/roveyayinevi.com.tr\/index.php\/urun\/geri-donenler\/"},"modified":"2026-04-16T02:12:30","modified_gmt":"2026-04-15T23:12:30","slug":"geri-donenler","status":"publish","type":"product","link":"https:\/\/roveyayinevi.com.tr\/index.php\/urun\/geri-donenler\/","title":{"rendered":"Geri D\u00f6nenler"},"content":{"rendered":"<p>\u0130ki d\u00fcnya aras\u0131ndaki kap\u0131lar a\u00e7\u0131ld\u0131.\u00d6l\u00fcm sadece bir ba\u015flang\u0131\u00e7t\u0131r\u2026Lucille ve Harold \u00e7iftinin 1966 y\u0131l\u0131nda g\u00fcne\u015fli bir a\u011fustos g\u00fcn\u00fc bo\u011fularak hayat\u0131n\u0131 kaybeden sekiz ya\u015f\u0131ndaki o\u011fullar\u0131 Jacob, aradan neredeyse elli y\u0131l ge\u00e7mi\u015fken bir anda kap\u0131da beliriverir. H\u00e2l\u00e2 sekiz ya\u015f\u0131ndad\u0131r ve son derece sa\u011fl\u0131kl\u0131d\u0131r.Fakat \u00f6teki d\u00fcnyadan geri d\u00f6nen tek insan Jacob de\u011fildir. \u00d6l\u00fcler d\u00fcnyan\u0131n d\u00f6rt bir taraf\u0131nda ortaya \u00e7\u0131kmaktad\u0131r. K\u0131sa bir s\u00fcre sonra geri d\u00f6nenlerin say\u0131s\u0131 o kadar \u00e7ok artar ki herkes kendini tehdit alt\u0131nda hissetmeye ba\u015flar. Kimse bunun ni\u00e7in ve nas\u0131l oldu\u011funu bilmemektedir. Kesin olan tek bir \u015fey varsa o da bu kaosun sonunda herkesin bir tercih yapmak zorunda kalaca\u011f\u0131d\u0131r. Uzun s\u00fcre ak\u0131llardan \u00e7\u0131kmayacak sorular\u0131 dile getiren s\u00fcr\u00fckleyici bir hikaye\u2026\u201cYer yer masals\u0131 ve merak uyand\u0131r\u0131c\u0131 bir kitap\u2026 Mott\u2019un, kelimenin tam anlam\u0131yla \u00f6l\u00fcmden sonraki ya\u015fam\u0131 i\u015fledi\u011fi bu hik\u00e2ye, okuyucuyu tam kalbinden yakalayacak ve hayal g\u00fc\u00e7lerini ele ge\u00e7irecek. Bu kitab\u0131 en k\u0131sa zamanda okumal\u0131s\u0131n\u0131z.\u201d- Shelf Awareness\u201cJason Mott, m\u00fcthi\u015f anlat\u0131m yetene\u011fi ve \u015fair ruhuyla tan\u0131nmas\u0131 gereken bir yazar. Geri D\u00f6nenler son derece g\u00fczel bir dille i\u015flenmi\u015f, unutulmaz bir hik\u00e2ye. Bu kitap gizlice r\u00fcyalar\u0131n\u0131za girecek ve siz onu okuduktan \u00e7ok sonra bile ruhunuza dokunmaya devam edecek.\u201d- Calvin Crosby\u201c\u015eair Mott, ustal\u0131kla kaleme ald\u0131\u011f\u0131 bu ilk roman\u0131nda insanla \u00f6l\u00fcm aras\u0131ndaki rahats\u0131z edici ili\u015fkiye dair merak uyand\u0131r\u0131c\u0131 sorular ortaya at\u0131yor. \u0130nsan olman\u0131n ne anlama geldi\u011fi konusunda derinlemesine d\u00fc\u015f\u00fcn\u00fclerek yaz\u0131lm\u0131\u015f g\u00fczel bir hikaye.\u201d- Booklist\u201cGeri D\u00f6nenler d\u00e2hiyane bir fikrin s\u0131ra d\u0131\u015f\u0131 bir \u015fekilde, ustaca i\u015flenmi\u015f bir romana d\u00f6n\u00fc\u015fmesidir. Bu unutulmaz hik\u00e2ye akl\u0131ma geldik\u00e7e hala \u00fcrperiyorum. Vay can\u0131na!\u201d &#8211; Douglas Preston\u201cAc\u0131 kay\u0131plar\u0131n bireyler ve milletler \u00fczerindeki farkl\u0131 sonu\u00e7lar\u0131n\u0131 ustaca irdeleyen bir roman. Mott, kedere ve sevgi ba\u011flar\u0131na dair b\u00fct\u00fcn duygular\u0131 bu hik\u00e2yenin sihriyle g\u00fcn y\u00fcz\u00fcne \u00e7\u0131kar\u0131yor.\u201d- New York Times \ufffc<\/p>\n","protected":false},"excerpt":{"rendered":"<p>\u0130ki d\u00fcnya aras\u0131ndaki kap\u0131lar a\u00e7\u0131ld\u0131.\u00d6l\u00fcm sadece bir ba\u015flang\u0131\u00e7t\u0131r\u2026Lucille ve Harold \u00e7iftinin 1966 y\u0131l\u0131nda g\u00fcne\u015fli bir a\u011fustos g\u00fcn\u00fc bo\u011fularak hayat\u0131n\u0131 kaybeden sekiz ya\u015f\u0131ndaki o\u011fullar\u0131 Jacob, aradan neredeyse<span class=\"excerpt-hellip\"> [\u2026]<\/span><\/p>\n","protected":false},"featured_media":0,"template":"","meta":{"_monsterinsights_skip_tracking":false,"_monsterinsights_sitenote_active":false,"_monsterinsights_sitenote_note":"","_monsterinsights_sitenote_category":0},"product_brand":[],"product_cat":[12291,12711],"product_tag":[],"class_list":{"0":"post-703111","1":"product","2":"type-product","3":"status-publish","5":"product_cat-edebiyat","6":"product_cat-roman-oyku","7":"pa_cilt-ciltsiz","8":"pa_tur-kitap","9":"pa_yayinevi-pegasus-yayinlari","10":"pa_yazar-jason-mott","12":"first","13":"instock","14":"sale","15":"shipping-taxable","16":"purchasable","17":"product-type-simple"},"_links":{"self":[{"href":"https:\/\/roveyayinevi.com.tr\/index.php\/wp-json\/wp\/v2\/product\/703111","targetHints":{"allow":["GET"]}}],"collection":[{"href":"https:\/\/roveyayinevi.com.tr\/index.php\/wp-json\/wp\/v2\/product"}],"about":[{"href":"https:\/\/roveyayinevi.com.tr\/index.php\/wp-json\/wp\/v2\/types\/product"}],"wp:attachment":[{"href":"https:\/\/roveyayinevi.com.tr\/index.php\/wp-json\/wp\/v2\/media?parent=703111"}],"wp:term":[{"taxonomy":"product_brand","embeddable":true,"href":"https:\/\/roveyayinevi.com.tr\/index.php\/wp-json\/wp\/v2\/product_brand?post=703111"},{"taxonomy":"product_cat","embeddable":true,"href":"https:\/\/roveyayinevi.com.tr\/index.php\/wp-json\/wp\/v2\/product_cat?post=703111"},{"taxonomy":"product_tag","embeddable":true,"href":"https:\/\/roveyayinevi.com.tr\/index.php\/wp-json\/wp\/v2\/product_tag?post=703111"}],"curies":[{"name":"wp","href":"https:\/\/api.w.org\/{rel}","templated":true}]}}