{"id":703110,"date":"2025-08-27T15:22:26","date_gmt":"2025-08-27T12:22:26","guid":{"rendered":"https:\/\/roveyayinevi.com.tr\/index.php\/urun\/butun-oyunlari-2-caligula\/"},"modified":"2026-04-16T02:12:30","modified_gmt":"2026-04-15T23:12:30","slug":"butun-oyunlari-2-caligula","status":"publish","type":"product","link":"https:\/\/roveyayinevi.com.tr\/index.php\/urun\/butun-oyunlari-2-caligula\/","title":{"rendered":"B\u00fct\u00fcn Oyunlar\u0131 &#8211; 2 : Caligula"},"content":{"rendered":"<p>Caligula: [\u2026] Kim c\u00fcret edebilir seni yarg\u0131lamaya \u015fu yarg\u0131\u00e7s\u0131z, \u015fu kimsenin masum olmad\u0131\u011f\u0131 d\u00fcnyada! \ufffcTan\u0131t\u0131m Metni<\/p>\n","protected":false},"excerpt":{"rendered":"<p>Caligula: [\u2026] Kim c\u00fcret edebilir seni yarg\u0131lamaya \u015fu yarg\u0131\u00e7s\u0131z, \u015fu kimsenin masum olmad\u0131\u011f\u0131 d\u00fcnyada! \ufffcTan\u0131t\u0131m Metni<\/p>\n","protected":false},"featured_media":0,"template":"","meta":{"_monsterinsights_skip_tracking":false,"_monsterinsights_sitenote_active":false,"_monsterinsights_sitenote_note":"","_monsterinsights_sitenote_category":0},"product_brand":[],"product_cat":[12291,15566],"product_tag":[],"class_list":{"0":"post-703110","1":"product","2":"type-product","3":"status-publish","5":"product_cat-edebiyat","6":"product_cat-oyun","7":"pa_cilt-ciltsiz","8":"pa_tur-kitap","9":"pa_yayinevi-can-yayinlari","10":"pa_yazar-albert-camus","12":"first","13":"instock","14":"sale","15":"shipping-taxable","16":"purchasable","17":"product-type-simple"},"_links":{"self":[{"href":"https:\/\/roveyayinevi.com.tr\/index.php\/wp-json\/wp\/v2\/product\/703110","targetHints":{"allow":["GET"]}}],"collection":[{"href":"https:\/\/roveyayinevi.com.tr\/index.php\/wp-json\/wp\/v2\/product"}],"about":[{"href":"https:\/\/roveyayinevi.com.tr\/index.php\/wp-json\/wp\/v2\/types\/product"}],"wp:attachment":[{"href":"https:\/\/roveyayinevi.com.tr\/index.php\/wp-json\/wp\/v2\/media?parent=703110"}],"wp:term":[{"taxonomy":"product_brand","embeddable":true,"href":"https:\/\/roveyayinevi.com.tr\/index.php\/wp-json\/wp\/v2\/product_brand?post=703110"},{"taxonomy":"product_cat","embeddable":true,"href":"https:\/\/roveyayinevi.com.tr\/index.php\/wp-json\/wp\/v2\/product_cat?post=703110"},{"taxonomy":"product_tag","embeddable":true,"href":"https:\/\/roveyayinevi.com.tr\/index.php\/wp-json\/wp\/v2\/product_tag?post=703110"}],"curies":[{"name":"wp","href":"https:\/\/api.w.org\/{rel}","templated":true}]}}