{"id":703108,"date":"2025-08-27T15:22:26","date_gmt":"2025-08-27T12:22:26","guid":{"rendered":"https:\/\/roveyayinevi.com.tr\/index.php\/urun\/alice-harikalar-diyarinda\/"},"modified":"2026-04-16T02:12:30","modified_gmt":"2026-04-15T23:12:30","slug":"alice-harikalar-diyarinda","status":"publish","type":"product","link":"https:\/\/roveyayinevi.com.tr\/index.php\/urun\/alice-harikalar-diyarinda\/","title":{"rendered":"Alice Harikalar Diyar\u0131nda"},"content":{"rendered":"<p>\u00d6ns\u00f6z Alice ablas\u0131n\u0131n yan\u0131nda, bankta bo\u015fbo\u015f oturmaktan s\u0131k\u0131lmaya ba\u015flam\u0131\u015ft\u0131. Bir, iki defa ablas\u0131n\u0131n okudu\u011fu kitaba g\u00f6z atmak istedi. Ancak bunda ne resim vard\u0131, ne de konu\u015fma. Alice,  Resim ya da konu\u015fma olmayan kitab\u0131n ne anlam\u0131 var?  diye i\u00e7inden ge\u00e7irdi. Hava \u00e7ok s\u0131cak oldu\u011fu i\u00e7in bunalm\u0131\u015f ve uykusu gelmi\u015fti. \u0130\u00e7inden   acaba papatyalardan bir \u00e7elenk yapabilir miyim diye  d\u00fc\u015f\u00fcn\u00fcyordu. \u0130\u015fte o s\u0131rada beyaz bir tav\u015fan Alice&#8217;nin yan\u0131ndan ge\u00e7ti. &#8230; <\/p>\n","protected":false},"excerpt":{"rendered":"<p>\u00d6ns\u00f6z Alice ablas\u0131n\u0131n yan\u0131nda, bankta bo\u015fbo\u015f oturmaktan s\u0131k\u0131lmaya ba\u015flam\u0131\u015ft\u0131. Bir, iki defa ablas\u0131n\u0131n okudu\u011fu kitaba g\u00f6z atmak istedi. Ancak bunda ne resim vard\u0131, ne de konu\u015fma.<span class=\"excerpt-hellip\"> [\u2026]<\/span><\/p>\n","protected":false},"featured_media":0,"template":"","meta":{"_monsterinsights_skip_tracking":false,"_monsterinsights_sitenote_active":false,"_monsterinsights_sitenote_note":"","_monsterinsights_sitenote_category":0},"product_brand":[],"product_cat":[12274,12523],"product_tag":[],"class_list":{"0":"post-703108","1":"product","2":"type-product","3":"status-publish","5":"product_cat-cocuk-ve-genclik-kitaplari","6":"product_cat-masallar","7":"pa_tur-kitap","8":"pa_yayinevi-parilti-yayinlari","9":"pa_yazar-lewis-carroll","11":"first","12":"instock","13":"sale","14":"shipping-taxable","15":"purchasable","16":"product-type-simple"},"_links":{"self":[{"href":"https:\/\/roveyayinevi.com.tr\/index.php\/wp-json\/wp\/v2\/product\/703108","targetHints":{"allow":["GET"]}}],"collection":[{"href":"https:\/\/roveyayinevi.com.tr\/index.php\/wp-json\/wp\/v2\/product"}],"about":[{"href":"https:\/\/roveyayinevi.com.tr\/index.php\/wp-json\/wp\/v2\/types\/product"}],"wp:attachment":[{"href":"https:\/\/roveyayinevi.com.tr\/index.php\/wp-json\/wp\/v2\/media?parent=703108"}],"wp:term":[{"taxonomy":"product_brand","embeddable":true,"href":"https:\/\/roveyayinevi.com.tr\/index.php\/wp-json\/wp\/v2\/product_brand?post=703108"},{"taxonomy":"product_cat","embeddable":true,"href":"https:\/\/roveyayinevi.com.tr\/index.php\/wp-json\/wp\/v2\/product_cat?post=703108"},{"taxonomy":"product_tag","embeddable":true,"href":"https:\/\/roveyayinevi.com.tr\/index.php\/wp-json\/wp\/v2\/product_tag?post=703108"}],"curies":[{"name":"wp","href":"https:\/\/api.w.org\/{rel}","templated":true}]}}