{"id":703104,"date":"2025-08-27T15:22:24","date_gmt":"2025-08-27T12:22:24","guid":{"rendered":"https:\/\/roveyayinevi.com.tr\/index.php\/urun\/geceleri-sokaklarda\/"},"modified":"2026-04-16T02:12:29","modified_gmt":"2026-04-15T23:12:29","slug":"geceleri-sokaklarda","status":"publish","type":"product","link":"https:\/\/roveyayinevi.com.tr\/index.php\/urun\/geceleri-sokaklarda\/","title":{"rendered":"Geceleri, Sokaklarda"},"content":{"rendered":"<p>Geceleri, Sokaklarda, Cesare Pavese\u2019nin hen\u00fcz on yedi ya\u015f\u0131ndayken kaleme almaya ba\u015flad\u0131\u011f\u0131 ve \u00f6l\u00fcm\u00fcn\u00fcn ard\u0131ndan yay\u0131mlanan \u00f6yk\u00fclerini ve \u00f6yk\u00fc taslaklar\u0131n\u0131 i\u00e7eriyor. \u00d6yk\u00fclerin ba\u015fki\u015fileri, hayat\u0131n k\u0131y\u0131s\u0131nda kalm\u0131\u015f, s\u0131n\u0131rlarda gezinen insanlar: Pavese\u2019nin alter ego\u2019su diyebilece\u011fimiz, sanat\u00e7\u0131l\u0131\u011f\u0131n ilk yarat\u0131m sanc\u0131lar\u0131n\u0131 varolu\u015fsal d\u00fczlemde deneyimleyen, yazar olmay\u0131 arzulayan gen\u00e7; bohem hayat\u0131n aksak ritminde savrulan sanat\u00e7\u0131; insanca ya\u015famay\u0131 umut eden dilenci ve fahi\u015fe; bir ressama modellik yapt\u0131\u011f\u0131 k\u0131sac\u0131k anlarla hayata tutunmaya \u00e7al\u0131\u015fan gen\u00e7 k\u0131z; sanata ve a\u015fka duyumsad\u0131\u011f\u0131 tutkuyu \u00f6l\u00fcmle sonsuz k\u0131lmak isteyen m\u00fczisyen\u2026 Kimi derin bir varolu\u015fsal tutkuyla, kimiyse y\u0131lg\u0131nl\u0131kla; yarat\u0131c\u0131lar\u0131 gibi onlar da hayat\u0131n kendilerine dayatt\u0131\u011f\u0131 ko\u015fullar b\u00fcnyesinde bir \u201cya\u015fama u\u011fra\u015f\u0131\u201d verir.Bu \u201cya\u015fama u\u011fra\u015f\u0131\u201d ise derin bir yaln\u0131zl\u0131kla sar\u0131l\u0131d\u0131r. \ufffcTan\u0131t\u0131m Metni<\/p>\n","protected":false},"excerpt":{"rendered":"<p>Geceleri, Sokaklarda, Cesare Pavese\u2019nin hen\u00fcz on yedi ya\u015f\u0131ndayken kaleme almaya ba\u015flad\u0131\u011f\u0131 ve \u00f6l\u00fcm\u00fcn\u00fcn ard\u0131ndan yay\u0131mlanan \u00f6yk\u00fclerini ve \u00f6yk\u00fc taslaklar\u0131n\u0131 i\u00e7eriyor. \u00d6yk\u00fclerin ba\u015fki\u015fileri, hayat\u0131n k\u0131y\u0131s\u0131nda kalm\u0131\u015f, s\u0131n\u0131rlarda<span class=\"excerpt-hellip\"> [\u2026]<\/span><\/p>\n","protected":false},"featured_media":0,"template":"","meta":{"_monsterinsights_skip_tracking":false,"_monsterinsights_sitenote_active":false,"_monsterinsights_sitenote_note":"","_monsterinsights_sitenote_category":0},"product_brand":[],"product_cat":[12291,12711],"product_tag":[],"class_list":{"0":"post-703104","1":"product","2":"type-product","3":"status-publish","5":"product_cat-edebiyat","6":"product_cat-roman-oyku","7":"pa_cilt-ciltsiz","8":"pa_tur-kitap","9":"pa_yayinevi-can-yayinlari","10":"pa_yazar-cesare-pavese","12":"first","13":"instock","14":"sale","15":"shipping-taxable","16":"purchasable","17":"product-type-simple"},"_links":{"self":[{"href":"https:\/\/roveyayinevi.com.tr\/index.php\/wp-json\/wp\/v2\/product\/703104","targetHints":{"allow":["GET"]}}],"collection":[{"href":"https:\/\/roveyayinevi.com.tr\/index.php\/wp-json\/wp\/v2\/product"}],"about":[{"href":"https:\/\/roveyayinevi.com.tr\/index.php\/wp-json\/wp\/v2\/types\/product"}],"wp:attachment":[{"href":"https:\/\/roveyayinevi.com.tr\/index.php\/wp-json\/wp\/v2\/media?parent=703104"}],"wp:term":[{"taxonomy":"product_brand","embeddable":true,"href":"https:\/\/roveyayinevi.com.tr\/index.php\/wp-json\/wp\/v2\/product_brand?post=703104"},{"taxonomy":"product_cat","embeddable":true,"href":"https:\/\/roveyayinevi.com.tr\/index.php\/wp-json\/wp\/v2\/product_cat?post=703104"},{"taxonomy":"product_tag","embeddable":true,"href":"https:\/\/roveyayinevi.com.tr\/index.php\/wp-json\/wp\/v2\/product_tag?post=703104"}],"curies":[{"name":"wp","href":"https:\/\/api.w.org\/{rel}","templated":true}]}}