{"id":703103,"date":"2025-08-27T15:22:24","date_gmt":"2025-08-27T12:22:24","guid":{"rendered":"https:\/\/roveyayinevi.com.tr\/index.php\/urun\/flamingo-gunlugu\/"},"modified":"2026-04-14T02:15:50","modified_gmt":"2026-04-13T23:15:50","slug":"flamingo-gunlugu","status":"publish","type":"product","link":"https:\/\/roveyayinevi.com.tr\/index.php\/urun\/flamingo-gunlugu\/","title":{"rendered":"Flamingo G\u00fcnl\u00fc\u011f\u00fc"},"content":{"rendered":"<p>Her \u015fey \u00f6\u011fretmeninin derste, \u201cNesli t\u00fckenmekte olan hayvanlarla ilgili bir sunum haz\u0131rlaman\u0131z\u0131 istiyorum,&#8221; demesiyle ba\u015flad\u0131. Kaan karar\u0131n\u0131 verene kadar Tolga kutup ay\u0131s\u0131n\u0131, Didem kelaynaklar\u0131, Senem de pandalar\u0131 se\u00e7mi\u015fti bile! Tesad\u00fcfen duydu\u011fu bir televizyon haberi sayesinde flamingolar\u0131 incelemeye karar veren Kaan, babas\u0131n\u0131n s\u00fcrpriziyle, bu harika hayvanlar\u0131 do\u011fal ortamlar\u0131nda g\u00f6zlemleme f\u0131rsat\u0131 buldu.Avc\u0131 \u00c7akman&#8217;dan \u00e7ocuklar\u0131 do\u011fayla ve hayvanlarla bulu\u015fturan s\u0131ms\u0131cak bir hik\u00e2ye&#8230;<\/p>\n","protected":false},"excerpt":{"rendered":"<p>Her \u015fey \u00f6\u011fretmeninin derste, \u201cNesli t\u00fckenmekte olan hayvanlarla ilgili bir sunum haz\u0131rlaman\u0131z\u0131 istiyorum,&#8221; demesiyle ba\u015flad\u0131. Kaan karar\u0131n\u0131 verene kadar Tolga kutup ay\u0131s\u0131n\u0131, Didem kelaynaklar\u0131, Senem de<span class=\"excerpt-hellip\"> [\u2026]<\/span><\/p>\n","protected":false},"featured_media":0,"template":"","meta":{"_monsterinsights_skip_tracking":false,"_monsterinsights_sitenote_active":false,"_monsterinsights_sitenote_note":"","_monsterinsights_sitenote_category":0},"product_brand":[],"product_cat":[12274,12284],"product_tag":[],"class_list":{"0":"post-703103","1":"product","2":"type-product","3":"status-publish","5":"product_cat-cocuk-ve-genclik-kitaplari","6":"product_cat-hikayeler","7":"pa_cilt-ciltsiz","8":"pa_tur-kitap","9":"pa_yayinevi-can-cocuk-yayinlari","10":"pa_yazar-koray-avci-cakman","12":"first","13":"instock","14":"sale","15":"shipping-taxable","16":"purchasable","17":"product-type-simple"},"_links":{"self":[{"href":"https:\/\/roveyayinevi.com.tr\/index.php\/wp-json\/wp\/v2\/product\/703103","targetHints":{"allow":["GET"]}}],"collection":[{"href":"https:\/\/roveyayinevi.com.tr\/index.php\/wp-json\/wp\/v2\/product"}],"about":[{"href":"https:\/\/roveyayinevi.com.tr\/index.php\/wp-json\/wp\/v2\/types\/product"}],"wp:attachment":[{"href":"https:\/\/roveyayinevi.com.tr\/index.php\/wp-json\/wp\/v2\/media?parent=703103"}],"wp:term":[{"taxonomy":"product_brand","embeddable":true,"href":"https:\/\/roveyayinevi.com.tr\/index.php\/wp-json\/wp\/v2\/product_brand?post=703103"},{"taxonomy":"product_cat","embeddable":true,"href":"https:\/\/roveyayinevi.com.tr\/index.php\/wp-json\/wp\/v2\/product_cat?post=703103"},{"taxonomy":"product_tag","embeddable":true,"href":"https:\/\/roveyayinevi.com.tr\/index.php\/wp-json\/wp\/v2\/product_tag?post=703103"}],"curies":[{"name":"wp","href":"https:\/\/api.w.org\/{rel}","templated":true}]}}