{"id":703101,"date":"2025-08-27T15:22:23","date_gmt":"2025-08-27T12:22:23","guid":{"rendered":"https:\/\/roveyayinevi.com.tr\/index.php\/urun\/komedi-sanati\/"},"modified":"2026-04-16T02:12:29","modified_gmt":"2026-04-15T23:12:29","slug":"komedi-sanati","status":"publish","type":"product","link":"https:\/\/roveyayinevi.com.tr\/index.php\/urun\/komedi-sanati\/","title":{"rendered":"Komedi Sanat\u0131"},"content":{"rendered":"<p>&#8230;Genel deyimi ile, \u00fc\u00e7 \u00e7e\u015fit dramatik ifade vard\u0131r diyebilirim. Birincisi \u015fiir, ikincisi d\u00fcz dramla d\u00fcz komedi, \u00fc\u00e7\u00fcnc\u00fcs\u00fc de yapmac\u0131k yahut y\u00fcksek komedi. Hepsi de insano\u011flunun ya\u015fant\u0131s\u0131 ile u\u011fra\u015f\u0131r. \u015eiirli dram insano\u011flunun ya\u015fant\u0131s\u0131n\u0131 \u00f6l\u00fcms\u00fcz ger\u00e7eklerle \u00f6l\u00e7er; dramla komedi ise bu ya\u015fant\u0131y\u0131 insan do\u011fas\u0131n\u0131n belli \u00f6l\u00e7ekleriyle, y\u00fcksek komedi de insan\u0131n g\u00f6renekleri ve al\u0131\u015fkanl\u0131klar\u0131yla \u00f6l\u00e7er. \u015eiirli dramda akt\u00f6r\u00fcn yorumu, her zaman piyesin temeli olan felsefeden y\u00f6n almal\u0131d\u0131r. D\u00fcz dram ya da d\u00fcz komedi, insano\u011flunun \u00f6zelliklerini, sadece ger\u00e7e\u011fe uygun olarak, abartma ile y\u00fcceltilmi\u015f, belli bir g\u00f6r\u00fc\u015f a\u00e7\u0131s\u0131ndan yorumlamak ister. Bununla beraber bu yorumun k\u00f6kleri insano\u011flunun evrensel niteliklerine uzanmal\u0131d\u0131r. Yapmac\u0131k komedide ise, piyes yazar\u0131n\u0131n da akt\u00f6r\u00fcn de ba\u015fl\u0131ca endi\u015fesi, davran\u0131\u015fa \u00fcst\u00fcnk\u00f6r\u00fc de olsa gene derinlemesine etki eden belli bir \u00e7a\u011f\u0131n harici g\u00f6renekleridir. Komedi i\u015fte bunlardan do\u011far. \ufffcTan\u0131t\u0131m Metni<\/p>\n","protected":false},"excerpt":{"rendered":"<p>&#8230;Genel deyimi ile, \u00fc\u00e7 \u00e7e\u015fit dramatik ifade vard\u0131r diyebilirim. Birincisi \u015fiir, ikincisi d\u00fcz dramla d\u00fcz komedi, \u00fc\u00e7\u00fcnc\u00fcs\u00fc de yapmac\u0131k yahut y\u00fcksek komedi. Hepsi de insano\u011flunun ya\u015fant\u0131s\u0131<span class=\"excerpt-hellip\"> [\u2026]<\/span><\/p>\n","protected":false},"featured_media":0,"template":"","meta":{"_monsterinsights_skip_tracking":false,"_monsterinsights_sitenote_active":false,"_monsterinsights_sitenote_note":"","_monsterinsights_sitenote_category":0},"product_brand":[],"product_cat":[12409,12408],"product_tag":[],"class_list":{"0":"post-703101","1":"product","2":"type-product","3":"status-publish","5":"product_cat-fotograf-sinema-tiyatro","6":"product_cat-sanat","7":"pa_cilt-ciltsiz","8":"pa_tur-kitap","9":"pa_yayinevi-pegasus-yayinlari","10":"pa_yazar-athene-seyler","12":"first","13":"instock","14":"sale","15":"shipping-taxable","16":"purchasable","17":"product-type-simple"},"_links":{"self":[{"href":"https:\/\/roveyayinevi.com.tr\/index.php\/wp-json\/wp\/v2\/product\/703101","targetHints":{"allow":["GET"]}}],"collection":[{"href":"https:\/\/roveyayinevi.com.tr\/index.php\/wp-json\/wp\/v2\/product"}],"about":[{"href":"https:\/\/roveyayinevi.com.tr\/index.php\/wp-json\/wp\/v2\/types\/product"}],"wp:attachment":[{"href":"https:\/\/roveyayinevi.com.tr\/index.php\/wp-json\/wp\/v2\/media?parent=703101"}],"wp:term":[{"taxonomy":"product_brand","embeddable":true,"href":"https:\/\/roveyayinevi.com.tr\/index.php\/wp-json\/wp\/v2\/product_brand?post=703101"},{"taxonomy":"product_cat","embeddable":true,"href":"https:\/\/roveyayinevi.com.tr\/index.php\/wp-json\/wp\/v2\/product_cat?post=703101"},{"taxonomy":"product_tag","embeddable":true,"href":"https:\/\/roveyayinevi.com.tr\/index.php\/wp-json\/wp\/v2\/product_tag?post=703101"}],"curies":[{"name":"wp","href":"https:\/\/api.w.org\/{rel}","templated":true}]}}