{"id":703100,"date":"2025-08-27T15:22:22","date_gmt":"2025-08-27T12:22:22","guid":{"rendered":"https:\/\/roveyayinevi.com.tr\/index.php\/urun\/kayip-melek\/"},"modified":"2026-04-16T02:12:29","modified_gmt":"2026-04-15T23:12:29","slug":"kayip-melek","status":"publish","type":"product","link":"https:\/\/roveyayinevi.com.tr\/index.php\/urun\/kayip-melek\/","title":{"rendered":"Kay\u0131p Melek"},"content":{"rendered":"<p>Ya ger\u00e7ekten Nuh&#8217;un Gemisi A\u011fr\u0131 Da\u011f\u0131&#8217;n\u0131n zirvesinde bir yerdeyse?Psi\u015fik bir kad\u0131n olan Julia, \u0130spanya&#8217;daki bir katedralin restorasyonu i\u00e7in \u00e7al\u0131\u015f\u0131rken kocas\u0131n\u0131n T\u00fcrkiye&#8217;de ka\u00e7\u0131r\u0131ld\u0131\u011f\u0131n\u0131 \u00f6\u011frenir. Do\u011fudaki esrarengiz bir tarikat\u0131n bu i\u015fte parma\u011f\u0131 oldu\u011funu ke\u015ffeder. Ancak tarikat\u0131n as\u0131l istedi\u011fi Julia ve kocas\u0131n\u0131n sahip oldu\u011fu, do\u011fa\u00fcst\u00fc varl\u0131klarla ileti\u015fim kurabilen ta\u015flard\u0131r. \u00dcstelik Amerikan Ba\u015fkan\u0131 da bu ta\u015flar\u0131n pe\u015findedir. T\u00fcm bunlar \u0130spanya&#8217;dan Amerika&#8217;ya, Amerika&#8217;dan T\u00fcrkiye&#8217;ye uzanan nefes kesici bir ka\u00e7\u0131\u015fa neden olur. Tarihin, kadim teknolojilerin, b\u00fcy\u00fcn\u00fcn ve bilimin ayn\u0131 anda harmanland\u0131\u011f\u0131 bu macerada bilinen ger\u00e7eklerin alt\u0131ndaki m\u00fcthi\u015f gizem a\u011fz\u0131n\u0131z\u0131 a\u00e7\u0131k b\u0131rakacak. \u201cBu m\u00fcthi\u015f apokaliptik macera en az iki kitaba yetecek kadar gizli bilgi ve aksiyon i\u00e7eriyor. Sierra, Robert Lundlum ya da Dan Brown&#8217;dan bile daha ba\u015far\u0131l\u0131.\u201d- The Globe and Mail\u201cKay\u0131p Melek&#8217;te Javier Sierra insanl\u0131\u011f\u0131n be\u015f bin y\u0131ll\u0131k zengin ezoterik hik\u00e2yesinin i\u00e7inde cezbedici bir aray\u0131\u015f\u0131n pe\u015finden s\u00fcr\u00fckl\u00fcyor bizi. Gizli ge\u00e7mi\u015fimizin yapraklar\u0131n\u0131 tek tek soyarak yap\u0131yor bunu.\u201d- Katherine Neville\u201cDillerin Babil Kulesi&#8217;nden sonra de\u011fi\u015fmesine ra\u011fmen t\u00fcm k\u00fclt\u00fcrlerin geleneksel hik\u00e2yeleri ayn\u0131 \u015feyden bahsediyor. Sierra&#8217;n\u0131n bize b\u00fcy\u00fck bir beceriyle g\u00f6sterdi\u011fi \u015fey de bu asl\u0131nda.\u201d- El Cultural (El Mundo)\u201cSierra t\u00fcyler \u00fcrperten, iyi ara\u015ft\u0131r\u0131lm\u0131\u015f mitoloji ve bilimsel ger\u00e7eklerle harmanlanan apokaliptik bir roman yaratmay\u0131 ba\u015farm\u0131\u015f. Kitab\u0131 kusursuz k\u0131lacak kadar kurgu eklemeyi de unutmam\u0131\u015f.\u201d- Library Journal\u201cKay\u0131p Melek&#8217;i okumak ba\u015fka bir boyuta ge\u00e7mek gibi ger\u00e7ek bir keyif.\u201d- Heraldo de Arag\u00f3n\u201cDerin karakterlerle dolu, co\u015fkulu bir olay \u00f6rg\u00fcs\u00fc ile merak uyand\u0131r\u0131c\u0131 bir beklenti ve korku kar\u0131\u015f\u0131m\u0131. Javier Sierra geni\u015f hayal g\u00fcc\u00fcyle bir virt\u00fc\u00f6z gibi okurla oynuyor ama hik\u00e2yeyi sade bir ger\u00e7eklik \u00fczerine kurmay\u0131 iyi beceriyor. \u201d- Steve Berry\u201cRomandaki kahramanlar canlan\u0131yor, olay \u00f6rg\u00fcs\u00fc sizi i\u00e7ine \u00e7ekiyor, verdi\u011fi g\u00fc\u00e7l\u00fc mesaj kafan\u0131zda yank\u0131lan\u0131yor. Kendi ge\u00e7mi\u015fimizi bilmiyoruz. Kadim zamanlarda yery\u00fcz\u00fcnde \u00f6zg\u00fcr kalan baz\u0131 g\u00fc\u00e7lerle ilgili ger\u00e7e\u011fi ve onun tekrar ya\u015fanma ihtimalini g\u00f6z ard\u0131 ediyoruz. Ancak bunu bilenler var ve o ki\u015filer \u00e7ok ama \u00e7ok tehlikeliler. Javier Sierra bizi b\u00fcy\u00fcleyici bilgi ve se\u00e7kin kurguyla donat\u0131lm\u0131\u015f k\u0131\u015fk\u0131rt\u0131c\u0131 ve e\u011flenceli bir yolculu\u011fa \u00e7\u0131kar\u0131yor.\u201d- Whitley Strieber\u201cYap\u0131tta \u00f6ylesine m\u00fcthi\u015f \u015feyler oluyor ve yazar \u00f6ylesine ba\u015f d\u00f6nd\u00fcren bir ritim yakal\u0131yor ki okur, Sierra&#8217;n\u0131n \u00f6zenle \u00f6rd\u00fc\u011f\u00fc edebi inand\u0131r\u0131c\u0131l\u0131k a\u011flar\u0131na ortak oluyor.\u201d- La Raz\u00f3n\u201cKurgudan \u00e7\u0131k\u0131p kendi i\u00e7inde k\u0131ymetli bir ger\u00e7e\u011fe d\u00f6n\u00fc\u015fen bir roman.\u201d- M\u00e1s alla de la Ciencia<\/p>\n","protected":false},"excerpt":{"rendered":"<p>Ya ger\u00e7ekten Nuh&#8217;un Gemisi A\u011fr\u0131 Da\u011f\u0131&#8217;n\u0131n zirvesinde bir yerdeyse?Psi\u015fik bir kad\u0131n olan Julia, \u0130spanya&#8217;daki bir katedralin restorasyonu i\u00e7in \u00e7al\u0131\u015f\u0131rken kocas\u0131n\u0131n T\u00fcrkiye&#8217;de ka\u00e7\u0131r\u0131ld\u0131\u011f\u0131n\u0131 \u00f6\u011frenir. Do\u011fudaki esrarengiz bir<span class=\"excerpt-hellip\"> [\u2026]<\/span><\/p>\n","protected":false},"featured_media":0,"template":"","meta":{"_monsterinsights_skip_tracking":false,"_monsterinsights_sitenote_active":false,"_monsterinsights_sitenote_note":"","_monsterinsights_sitenote_category":0},"product_brand":[],"product_cat":[12291,12711],"product_tag":[],"class_list":{"0":"post-703100","1":"product","2":"type-product","3":"status-publish","5":"product_cat-edebiyat","6":"product_cat-roman-oyku","7":"pa_cilt-ciltsiz","8":"pa_tur-kitap","9":"pa_yayinevi-pegasus-yayinlari","10":"pa_yazar-javier-sierra","12":"first","13":"instock","14":"sale","15":"shipping-taxable","16":"purchasable","17":"product-type-simple"},"_links":{"self":[{"href":"https:\/\/roveyayinevi.com.tr\/index.php\/wp-json\/wp\/v2\/product\/703100","targetHints":{"allow":["GET"]}}],"collection":[{"href":"https:\/\/roveyayinevi.com.tr\/index.php\/wp-json\/wp\/v2\/product"}],"about":[{"href":"https:\/\/roveyayinevi.com.tr\/index.php\/wp-json\/wp\/v2\/types\/product"}],"wp:attachment":[{"href":"https:\/\/roveyayinevi.com.tr\/index.php\/wp-json\/wp\/v2\/media?parent=703100"}],"wp:term":[{"taxonomy":"product_brand","embeddable":true,"href":"https:\/\/roveyayinevi.com.tr\/index.php\/wp-json\/wp\/v2\/product_brand?post=703100"},{"taxonomy":"product_cat","embeddable":true,"href":"https:\/\/roveyayinevi.com.tr\/index.php\/wp-json\/wp\/v2\/product_cat?post=703100"},{"taxonomy":"product_tag","embeddable":true,"href":"https:\/\/roveyayinevi.com.tr\/index.php\/wp-json\/wp\/v2\/product_tag?post=703100"}],"curies":[{"name":"wp","href":"https:\/\/api.w.org\/{rel}","templated":true}]}}