{"id":703090,"date":"2025-08-27T15:22:18","date_gmt":"2025-08-27T12:22:18","guid":{"rendered":"https:\/\/roveyayinevi.com.tr\/index.php\/urun\/feminen\/"},"modified":"2026-04-16T02:12:29","modified_gmt":"2026-04-15T23:12:29","slug":"feminen","status":"publish","type":"product","link":"https:\/\/roveyayinevi.com.tr\/index.php\/urun\/feminen\/","title":{"rendered":"Feminen"},"content":{"rendered":"<p>\u201cSevgi, bir kader g\u00fcc\u00fcd\u00fcr, \u00f6yle ki bu g\u00fcc\u00fcn enerjisi cennetten cehenneme uzan\u0131r\u201d der Jung, kitab\u0131n i\u00e7indeki \u201cBir \u00d6\u011frencinin Sevme Sorunu\u201d adl\u0131 b\u00f6l\u00fcm \u00fczerine d\u00fc\u015f\u00fcncelerini dile getirirken. Ne var ki Jung bu kitapta sadece sevgi veya a\u015fk sorunundan bahsetmez: Geni\u015f alanlara ve kitlelere ula\u015fan, ki\u015finin i\u00e7 d\u00fcnyas\u0131yla ilgili teorilerini a\u00e7\u0131klamaya ve yorumlamaya devam eder. Feminen ilke \u0131\u015f\u0131\u011f\u0131nda, mitolojik anne fig\u00fcr\u00fc arketiplerinden yirminci y\u00fczy\u0131l Avrupa kad\u0131n\u0131n\u0131n tecr\u00fcbelerine kadar okuyucuya rehberlik yapar. Bu arada animus ve anima gibi kendi ki\u015filik anlay\u0131\u015f\u0131 i\u00e7inde son derece \u00f6nemli kavramlar\u0131 ayd\u0131nlatmay\u0131 ihmal etmez. Jung\u2019un fikirlerinin \u00e7o\u011fu yirmi birinci y\u00fczy\u0131lda yeti\u015fen nesiller i\u00e7in kaynak niteli\u011findedir. Feminen, Jung\u2019un iddialar\u0131n\u0131n radikalli\u011fini g\u00f6stermesi a\u00e7\u0131s\u0131ndan da k\u0131\u015fk\u0131rt\u0131c\u0131 bir eserdir. \ufffcTan\u0131t\u0131m Metni<\/p>\n","protected":false},"excerpt":{"rendered":"<p>\u201cSevgi, bir kader g\u00fcc\u00fcd\u00fcr, \u00f6yle ki bu g\u00fcc\u00fcn enerjisi cennetten cehenneme uzan\u0131r\u201d der Jung, kitab\u0131n i\u00e7indeki \u201cBir \u00d6\u011frencinin Sevme Sorunu\u201d adl\u0131 b\u00f6l\u00fcm \u00fczerine d\u00fc\u015f\u00fcncelerini dile getirirken.<span class=\"excerpt-hellip\"> [\u2026]<\/span><\/p>\n","protected":false},"featured_media":0,"template":"","meta":{"_monsterinsights_skip_tracking":false,"_monsterinsights_sitenote_active":false,"_monsterinsights_sitenote_note":"","_monsterinsights_sitenote_category":0},"product_brand":[],"product_cat":[12358,12357],"product_tag":[],"class_list":{"0":"post-703090","1":"product","2":"type-product","3":"status-publish","5":"product_cat-genel-psikoloji","6":"product_cat-psikoloji","7":"pa_tur-kitap","8":"pa_yayinevi-pinhan-yayincilik","9":"pa_yazar-carl-gustav-jung","11":"first","12":"instock","13":"sale","14":"shipping-taxable","15":"purchasable","16":"product-type-simple"},"_links":{"self":[{"href":"https:\/\/roveyayinevi.com.tr\/index.php\/wp-json\/wp\/v2\/product\/703090","targetHints":{"allow":["GET"]}}],"collection":[{"href":"https:\/\/roveyayinevi.com.tr\/index.php\/wp-json\/wp\/v2\/product"}],"about":[{"href":"https:\/\/roveyayinevi.com.tr\/index.php\/wp-json\/wp\/v2\/types\/product"}],"wp:attachment":[{"href":"https:\/\/roveyayinevi.com.tr\/index.php\/wp-json\/wp\/v2\/media?parent=703090"}],"wp:term":[{"taxonomy":"product_brand","embeddable":true,"href":"https:\/\/roveyayinevi.com.tr\/index.php\/wp-json\/wp\/v2\/product_brand?post=703090"},{"taxonomy":"product_cat","embeddable":true,"href":"https:\/\/roveyayinevi.com.tr\/index.php\/wp-json\/wp\/v2\/product_cat?post=703090"},{"taxonomy":"product_tag","embeddable":true,"href":"https:\/\/roveyayinevi.com.tr\/index.php\/wp-json\/wp\/v2\/product_tag?post=703090"}],"curies":[{"name":"wp","href":"https:\/\/api.w.org\/{rel}","templated":true}]}}