{"id":703089,"date":"2025-08-27T15:22:18","date_gmt":"2025-08-27T12:22:18","guid":{"rendered":"https:\/\/roveyayinevi.com.tr\/index.php\/urun\/heidi-10\/"},"modified":"2026-04-16T02:12:29","modified_gmt":"2026-04-15T23:12:29","slug":"heidi-10","status":"publish","type":"product","link":"https:\/\/roveyayinevi.com.tr\/index.php\/urun\/heidi-10\/","title":{"rendered":"Heidi"},"content":{"rendered":"<p>Teyzesi Heidi&#8217;yi b\u00fcy\u00fckbabas\u0131na b\u0131rakt\u0131\u011f\u0131nda, k\u00fc\u00e7\u00fck k\u0131z kendisini nas\u0131l bir ya\u015fant\u0131n\u0131n bekledi\u011finden habersizdir. Ama da\u011flarda \u00e7i\u00e7ekler, ke\u00e7iler, Peter ve b\u00fcy\u00fckbabas\u0131yla \u00f6yle mutludur ki, teyzesi geri gelip onu Frankfurt&#8217;a g\u00f6t\u00fcrd\u00fc\u011f\u00fcnde hastalan\u0131r. Tekerlekli sandalyeye mahkum olan arkada\u015f\u0131 Clara&#8217;y\u0131 yaln\u0131z b\u0131rakmak istemese de, da\u011flar Heidi&#8217;nin burnunda t\u00fctmektedir.  (Tan\u0131t\u0131m B\u00fclteninden) <\/p>\n","protected":false},"excerpt":{"rendered":"<p>Teyzesi Heidi&#8217;yi b\u00fcy\u00fckbabas\u0131na b\u0131rakt\u0131\u011f\u0131nda, k\u00fc\u00e7\u00fck k\u0131z kendisini nas\u0131l bir ya\u015fant\u0131n\u0131n bekledi\u011finden habersizdir. Ama da\u011flarda \u00e7i\u00e7ekler, ke\u00e7iler, Peter ve b\u00fcy\u00fckbabas\u0131yla \u00f6yle mutludur ki, teyzesi geri gelip onu<span class=\"excerpt-hellip\"> [\u2026]<\/span><\/p>\n","protected":false},"featured_media":0,"template":"","meta":{"_monsterinsights_skip_tracking":false,"_monsterinsights_sitenote_active":false,"_monsterinsights_sitenote_note":"","_monsterinsights_sitenote_category":0},"product_brand":[],"product_cat":[12274,12467],"product_tag":[],"class_list":{"0":"post-703089","1":"product","2":"type-product","3":"status-publish","5":"product_cat-cocuk-ve-genclik-kitaplari","6":"product_cat-dunya-klasikleri","7":"pa_cilt-ciltli","8":"pa_tur-kitap","9":"pa_yayinevi-epsilon-yayinlari","10":"pa_yazar-johanna-spyri","12":"first","13":"instock","14":"sale","15":"shipping-taxable","16":"purchasable","17":"product-type-simple"},"_links":{"self":[{"href":"https:\/\/roveyayinevi.com.tr\/index.php\/wp-json\/wp\/v2\/product\/703089","targetHints":{"allow":["GET"]}}],"collection":[{"href":"https:\/\/roveyayinevi.com.tr\/index.php\/wp-json\/wp\/v2\/product"}],"about":[{"href":"https:\/\/roveyayinevi.com.tr\/index.php\/wp-json\/wp\/v2\/types\/product"}],"wp:attachment":[{"href":"https:\/\/roveyayinevi.com.tr\/index.php\/wp-json\/wp\/v2\/media?parent=703089"}],"wp:term":[{"taxonomy":"product_brand","embeddable":true,"href":"https:\/\/roveyayinevi.com.tr\/index.php\/wp-json\/wp\/v2\/product_brand?post=703089"},{"taxonomy":"product_cat","embeddable":true,"href":"https:\/\/roveyayinevi.com.tr\/index.php\/wp-json\/wp\/v2\/product_cat?post=703089"},{"taxonomy":"product_tag","embeddable":true,"href":"https:\/\/roveyayinevi.com.tr\/index.php\/wp-json\/wp\/v2\/product_tag?post=703089"}],"curies":[{"name":"wp","href":"https:\/\/api.w.org\/{rel}","templated":true}]}}