{"id":703088,"date":"2025-08-27T15:22:17","date_gmt":"2025-08-27T12:22:17","guid":{"rendered":"https:\/\/roveyayinevi.com.tr\/index.php\/urun\/80-gunde-devrialem-3\/"},"modified":"2026-04-16T02:12:29","modified_gmt":"2026-04-15T23:12:29","slug":"80-gunde-devrialem-3","status":"publish","type":"product","link":"https:\/\/roveyayinevi.com.tr\/index.php\/urun\/80-gunde-devrialem-3\/","title":{"rendered":"80 G\u00fcnde Devrialem"},"content":{"rendered":"<p>1872 y\u0131l\u0131nda, \u0130ngiltere&#8217;nin Saville Row kentindeki bir konakta, Bay Phileas Fogg ad\u0131nda bir centilmen oturuyordu. Bay Fogg d\u00fcnyan\u0131n en nazik insan\u0131yd\u0131; bunun d\u0131\u015f\u0131nda bu gizemli ki\u015fi hakk\u0131nda pek az \u015fey biliniyordu. Bay Fogg, Londra Reform Kul\u00fcb\u00fc \u00fcyesiydi. \u0130lgi \u00e7ekmek i\u00e7in \u00f6zel bir \u00e7aba sarf etmemesine ra\u011fmen kul\u00fcb\u00fcn en se\u00e7kin \u00fcyelerinden biriydi. <\/p>\n","protected":false},"excerpt":{"rendered":"<p>1872 y\u0131l\u0131nda, \u0130ngiltere&#8217;nin Saville Row kentindeki bir konakta, Bay Phileas Fogg ad\u0131nda bir centilmen oturuyordu. Bay Fogg d\u00fcnyan\u0131n en nazik insan\u0131yd\u0131; bunun d\u0131\u015f\u0131nda bu gizemli ki\u015fi<span class=\"excerpt-hellip\"> [\u2026]<\/span><\/p>\n","protected":false},"featured_media":0,"template":"","meta":{"_monsterinsights_skip_tracking":false,"_monsterinsights_sitenote_active":false,"_monsterinsights_sitenote_note":"","_monsterinsights_sitenote_category":0},"product_brand":[],"product_cat":[12274,12467],"product_tag":[],"class_list":{"0":"post-703088","1":"product","2":"type-product","3":"status-publish","5":"product_cat-cocuk-ve-genclik-kitaplari","6":"product_cat-dunya-klasikleri","7":"pa_cilt-ciltli","8":"pa_tur-kitap","9":"pa_yayinevi-epsilon-yayinlari","10":"pa_yazar-jules-verne","12":"first","13":"instock","14":"sale","15":"shipping-taxable","16":"purchasable","17":"product-type-simple"},"_links":{"self":[{"href":"https:\/\/roveyayinevi.com.tr\/index.php\/wp-json\/wp\/v2\/product\/703088","targetHints":{"allow":["GET"]}}],"collection":[{"href":"https:\/\/roveyayinevi.com.tr\/index.php\/wp-json\/wp\/v2\/product"}],"about":[{"href":"https:\/\/roveyayinevi.com.tr\/index.php\/wp-json\/wp\/v2\/types\/product"}],"wp:attachment":[{"href":"https:\/\/roveyayinevi.com.tr\/index.php\/wp-json\/wp\/v2\/media?parent=703088"}],"wp:term":[{"taxonomy":"product_brand","embeddable":true,"href":"https:\/\/roveyayinevi.com.tr\/index.php\/wp-json\/wp\/v2\/product_brand?post=703088"},{"taxonomy":"product_cat","embeddable":true,"href":"https:\/\/roveyayinevi.com.tr\/index.php\/wp-json\/wp\/v2\/product_cat?post=703088"},{"taxonomy":"product_tag","embeddable":true,"href":"https:\/\/roveyayinevi.com.tr\/index.php\/wp-json\/wp\/v2\/product_tag?post=703088"}],"curies":[{"name":"wp","href":"https:\/\/api.w.org\/{rel}","templated":true}]}}