{"id":703086,"date":"2025-08-27T15:22:16","date_gmt":"2025-08-27T12:22:16","guid":{"rendered":"https:\/\/roveyayinevi.com.tr\/index.php\/urun\/kayitsizlik-senligi\/"},"modified":"2026-04-16T02:12:29","modified_gmt":"2026-04-15T23:12:29","slug":"kayitsizlik-senligi","status":"publish","type":"product","link":"https:\/\/roveyayinevi.com.tr\/index.php\/urun\/kayitsizlik-senligi\/","title":{"rendered":"Kay\u0131ts\u0131zl\u0131k \u015eenli\u011fi"},"content":{"rendered":"<p>Kay\u0131ts\u0131zl\u0131k \u015eenli\u011fi, Milan Kundera\u2019n\u0131n 2003\u2019de yay\u0131mlanan Bilmemek\u2019ten sonra kimsenin beklemedi\u011fi bir anda \u00e7\u0131kagelen yeni roman\u0131. Be\u015f arkada\u015f\u0131n, kay\u0131p annesiyle konu\u015fan Alain\u2019in, i\u015fsiz oyuncu Caliban\u2019\u0131n, mutlulu\u011fun pe\u015findeki Ramon\u2019un, bir kukla oyunu yazma hayali kuran Charles\u2019\u0131n ve narsisist D\u2019Ardelo\u2019nun hikayesi. Ger\u00e7ekle hayali, karakterlerin evreniyle yazar\u0131nkini, \u015fimdiki zamanla tarihsel ge\u00e7mi\u015fi \u00fcst \u00fcste bindirerek ba\u015fka bir ger\u00e7eklik kurmay\u0131 hep ba\u015farm\u0131\u015f bir yazar\u0131n, mizah anlay\u0131\u015f\u0131n\u0131 kaybetmi\u015f bir y\u00fczy\u0131la bak\u0131\u015f\u0131. \ufffcTan\u0131t\u0131m Metni<\/p>\n","protected":false},"excerpt":{"rendered":"<p>Kay\u0131ts\u0131zl\u0131k \u015eenli\u011fi, Milan Kundera\u2019n\u0131n 2003\u2019de yay\u0131mlanan Bilmemek\u2019ten sonra kimsenin beklemedi\u011fi bir anda \u00e7\u0131kagelen yeni roman\u0131. Be\u015f arkada\u015f\u0131n, kay\u0131p annesiyle konu\u015fan Alain\u2019in, i\u015fsiz oyuncu Caliban\u2019\u0131n, mutlulu\u011fun pe\u015findeki<span class=\"excerpt-hellip\"> [\u2026]<\/span><\/p>\n","protected":false},"featured_media":0,"template":"","meta":{"_monsterinsights_skip_tracking":false,"_monsterinsights_sitenote_active":false,"_monsterinsights_sitenote_note":"","_monsterinsights_sitenote_category":0},"product_brand":[],"product_cat":[12291,12711],"product_tag":[],"class_list":{"0":"post-703086","1":"product","2":"type-product","3":"status-publish","5":"product_cat-edebiyat","6":"product_cat-roman-oyku","7":"pa_cilt-ciltsiz","8":"pa_tur-kitap","9":"pa_yayinevi-can-yayinlari","10":"pa_yazar-milan-kundera","12":"first","13":"instock","14":"sale","15":"shipping-taxable","16":"purchasable","17":"product-type-simple"},"_links":{"self":[{"href":"https:\/\/roveyayinevi.com.tr\/index.php\/wp-json\/wp\/v2\/product\/703086","targetHints":{"allow":["GET"]}}],"collection":[{"href":"https:\/\/roveyayinevi.com.tr\/index.php\/wp-json\/wp\/v2\/product"}],"about":[{"href":"https:\/\/roveyayinevi.com.tr\/index.php\/wp-json\/wp\/v2\/types\/product"}],"wp:attachment":[{"href":"https:\/\/roveyayinevi.com.tr\/index.php\/wp-json\/wp\/v2\/media?parent=703086"}],"wp:term":[{"taxonomy":"product_brand","embeddable":true,"href":"https:\/\/roveyayinevi.com.tr\/index.php\/wp-json\/wp\/v2\/product_brand?post=703086"},{"taxonomy":"product_cat","embeddable":true,"href":"https:\/\/roveyayinevi.com.tr\/index.php\/wp-json\/wp\/v2\/product_cat?post=703086"},{"taxonomy":"product_tag","embeddable":true,"href":"https:\/\/roveyayinevi.com.tr\/index.php\/wp-json\/wp\/v2\/product_tag?post=703086"}],"curies":[{"name":"wp","href":"https:\/\/api.w.org\/{rel}","templated":true}]}}