{"id":703084,"date":"2025-08-27T15:22:15","date_gmt":"2025-08-27T12:22:15","guid":{"rendered":"https:\/\/roveyayinevi.com.tr\/index.php\/urun\/profesor-iyon-ile-fen-5-kitap-takim\/"},"modified":"2026-04-16T02:12:29","modified_gmt":"2026-04-15T23:12:29","slug":"profesor-iyon-ile-fen-5-kitap-takim","status":"publish","type":"product","link":"https:\/\/roveyayinevi.com.tr\/index.php\/urun\/profesor-iyon-ile-fen-5-kitap-takim\/","title":{"rendered":"Profes\u00f6r \u0130yon ile Fen (5 Kitap Tak\u0131m)"},"content":{"rendered":"<p>Uzmanlar\u0131mla birlikte milyonlarca \u0131\u015f\u0131k y\u0131l\u0131 uzakl\u0131ktan sana yard\u0131m etmeye geldik. Fen ile ilgili kafana tak\u0131lan, dikkatini veremedi\u011fin i\u00e7in ka\u00e7\u0131rd\u0131\u011f\u0131n \u00e7ok \u00f6nemli konular\u0131 sana \u00e7e\u015fitli \u00f6yk\u00fclerle anlataca\u011f\u0131z. \u00c7ok e\u011fleneceksin!<\/p>\n","protected":false},"excerpt":{"rendered":"<p>Uzmanlar\u0131mla birlikte milyonlarca \u0131\u015f\u0131k y\u0131l\u0131 uzakl\u0131ktan sana yard\u0131m etmeye geldik. Fen ile ilgili kafana tak\u0131lan, dikkatini veremedi\u011fin i\u00e7in ka\u00e7\u0131rd\u0131\u011f\u0131n \u00e7ok \u00f6nemli konular\u0131 sana \u00e7e\u015fitli \u00f6yk\u00fclerle anlataca\u011f\u0131z.<span class=\"excerpt-hellip\"> [\u2026]<\/span><\/p>\n","protected":false},"featured_media":0,"template":"","meta":{"_monsterinsights_skip_tracking":false,"_monsterinsights_sitenote_active":false,"_monsterinsights_sitenote_note":"","_monsterinsights_sitenote_category":0},"product_brand":[],"product_cat":[13829,12274],"product_tag":[],"class_list":{"0":"post-703084","1":"product","2":"type-product","3":"status-publish","5":"product_cat-bilimsel-kitaplar","6":"product_cat-cocuk-ve-genclik-kitaplari","7":"pa_cilt-takim","8":"pa_tur-kitap","9":"pa_yayinevi-timas-cocuk","10":"pa_yazar-birsen-ekim-ozen","12":"first","13":"instock","14":"sale","15":"shipping-taxable","16":"purchasable","17":"product-type-simple"},"_links":{"self":[{"href":"https:\/\/roveyayinevi.com.tr\/index.php\/wp-json\/wp\/v2\/product\/703084","targetHints":{"allow":["GET"]}}],"collection":[{"href":"https:\/\/roveyayinevi.com.tr\/index.php\/wp-json\/wp\/v2\/product"}],"about":[{"href":"https:\/\/roveyayinevi.com.tr\/index.php\/wp-json\/wp\/v2\/types\/product"}],"wp:attachment":[{"href":"https:\/\/roveyayinevi.com.tr\/index.php\/wp-json\/wp\/v2\/media?parent=703084"}],"wp:term":[{"taxonomy":"product_brand","embeddable":true,"href":"https:\/\/roveyayinevi.com.tr\/index.php\/wp-json\/wp\/v2\/product_brand?post=703084"},{"taxonomy":"product_cat","embeddable":true,"href":"https:\/\/roveyayinevi.com.tr\/index.php\/wp-json\/wp\/v2\/product_cat?post=703084"},{"taxonomy":"product_tag","embeddable":true,"href":"https:\/\/roveyayinevi.com.tr\/index.php\/wp-json\/wp\/v2\/product_tag?post=703084"}],"curies":[{"name":"wp","href":"https:\/\/api.w.org\/{rel}","templated":true}]}}