{"id":703075,"date":"2025-08-27T15:22:11","date_gmt":"2025-08-27T12:22:11","guid":{"rendered":"https:\/\/roveyayinevi.com.tr\/index.php\/urun\/butun-oyunlari-4-sikiyonetim\/"},"modified":"2026-04-16T02:12:29","modified_gmt":"2026-04-15T23:12:29","slug":"butun-oyunlari-4-sikiyonetim","status":"publish","type":"product","link":"https:\/\/roveyayinevi.com.tr\/index.php\/urun\/butun-oyunlari-4-sikiyonetim\/","title":{"rendered":"B\u00fct\u00fcn Oyunlar\u0131 &#8211; 4 : S\u0131k\u0131y\u00f6netim"},"content":{"rendered":"<p>Diego: Susmak haks\u0131zl\u0131k kar\u015f\u0131s\u0131nda, kaybetmek demektir zeytin ekme\u011fi ve ya\u015fama hakk\u0131n\u0131! Ekme\u011finize sahip \u00e7\u0131kmak i\u00e7in dahi yenmeye mecbursunuz bug\u00fcn korkunuzu! Uyan ey \u0130spanya, uyan art\u0131k! \ufffcTan\u0131t\u0131m Metni<\/p>\n","protected":false},"excerpt":{"rendered":"<p>Diego: Susmak haks\u0131zl\u0131k kar\u015f\u0131s\u0131nda, kaybetmek demektir zeytin ekme\u011fi ve ya\u015fama hakk\u0131n\u0131! Ekme\u011finize sahip \u00e7\u0131kmak i\u00e7in dahi yenmeye mecbursunuz bug\u00fcn korkunuzu! Uyan ey \u0130spanya, uyan art\u0131k! \ufffcTan\u0131t\u0131m<span class=\"excerpt-hellip\"> [\u2026]<\/span><\/p>\n","protected":false},"featured_media":0,"template":"","meta":{"_monsterinsights_skip_tracking":false,"_monsterinsights_sitenote_active":false,"_monsterinsights_sitenote_note":"","_monsterinsights_sitenote_category":0},"product_brand":[],"product_cat":[12291,15566],"product_tag":[],"class_list":{"0":"post-703075","1":"product","2":"type-product","3":"status-publish","5":"product_cat-edebiyat","6":"product_cat-oyun","7":"pa_cilt-ciltsiz","8":"pa_tur-kitap","9":"pa_yayinevi-can-yayinlari","10":"pa_yazar-albert-camus","12":"first","13":"instock","14":"sale","15":"shipping-taxable","16":"purchasable","17":"product-type-simple"},"_links":{"self":[{"href":"https:\/\/roveyayinevi.com.tr\/index.php\/wp-json\/wp\/v2\/product\/703075","targetHints":{"allow":["GET"]}}],"collection":[{"href":"https:\/\/roveyayinevi.com.tr\/index.php\/wp-json\/wp\/v2\/product"}],"about":[{"href":"https:\/\/roveyayinevi.com.tr\/index.php\/wp-json\/wp\/v2\/types\/product"}],"wp:attachment":[{"href":"https:\/\/roveyayinevi.com.tr\/index.php\/wp-json\/wp\/v2\/media?parent=703075"}],"wp:term":[{"taxonomy":"product_brand","embeddable":true,"href":"https:\/\/roveyayinevi.com.tr\/index.php\/wp-json\/wp\/v2\/product_brand?post=703075"},{"taxonomy":"product_cat","embeddable":true,"href":"https:\/\/roveyayinevi.com.tr\/index.php\/wp-json\/wp\/v2\/product_cat?post=703075"},{"taxonomy":"product_tag","embeddable":true,"href":"https:\/\/roveyayinevi.com.tr\/index.php\/wp-json\/wp\/v2\/product_tag?post=703075"}],"curies":[{"name":"wp","href":"https:\/\/api.w.org\/{rel}","templated":true}]}}