{"id":703071,"date":"2025-08-27T15:22:09","date_gmt":"2025-08-27T12:22:09","guid":{"rendered":"https:\/\/roveyayinevi.com.tr\/index.php\/urun\/define-adasi-6\/"},"modified":"2026-04-16T02:12:29","modified_gmt":"2026-04-15T23:12:29","slug":"define-adasi-6","status":"publish","type":"product","link":"https:\/\/roveyayinevi.com.tr\/index.php\/urun\/define-adasi-6\/","title":{"rendered":"Define Adas\u0131"},"content":{"rendered":"<p>Kont Trelaney, Dr. Livesey ve di\u011ferlerinin benden Define Adas\u0131 ile ilgili her \u015feyi ba\u015ftan sona b\u00fct\u00fcn ayr\u0131nt\u0131lar\u0131yla anlatmam\u0131 istemeleri \u00fczerine, adada hala definenin bulunabilece\u011fini de bildi\u011fimden, elime kalemimi ald\u0131m ve \u00e7ok eskilere, babam\u0131n Amiral Benbow Han\u0131&#8217;n\u0131 i\u015fletti\u011fi ve y\u00fcz\u00fc yaral\u0131 denizcinin bizimle ya\u015famaya ba\u015flad\u0131\u011f\u0131 ilk g\u00fcnlere d\u00f6nd\u00fcm&#8230; (Kitab\u0131n \u0130\u00e7inden) \ufffcTan\u0131t\u0131m Metni<\/p>\n","protected":false},"excerpt":{"rendered":"<p>Kont Trelaney, Dr. Livesey ve di\u011ferlerinin benden Define Adas\u0131 ile ilgili her \u015feyi ba\u015ftan sona b\u00fct\u00fcn ayr\u0131nt\u0131lar\u0131yla anlatmam\u0131 istemeleri \u00fczerine, adada hala definenin bulunabilece\u011fini de bildi\u011fimden,<span class=\"excerpt-hellip\"> [\u2026]<\/span><\/p>\n","protected":false},"featured_media":0,"template":"","meta":{"_monsterinsights_skip_tracking":false,"_monsterinsights_sitenote_active":false,"_monsterinsights_sitenote_note":"","_monsterinsights_sitenote_category":0},"product_brand":[],"product_cat":[12275,12274],"product_tag":[],"class_list":{"0":"post-703071","1":"product","2":"type-product","3":"status-publish","5":"product_cat-6-12-yas-kitaplari","6":"product_cat-cocuk-ve-genclik-kitaplari","7":"pa_cilt-ciltli","8":"pa_tur-kitap","9":"pa_yayinevi-epsilon-yayinlari","10":"pa_yazar-robert-louis-stevenson","12":"first","13":"instock","14":"sale","15":"shipping-taxable","16":"purchasable","17":"product-type-simple"},"_links":{"self":[{"href":"https:\/\/roveyayinevi.com.tr\/index.php\/wp-json\/wp\/v2\/product\/703071","targetHints":{"allow":["GET"]}}],"collection":[{"href":"https:\/\/roveyayinevi.com.tr\/index.php\/wp-json\/wp\/v2\/product"}],"about":[{"href":"https:\/\/roveyayinevi.com.tr\/index.php\/wp-json\/wp\/v2\/types\/product"}],"wp:attachment":[{"href":"https:\/\/roveyayinevi.com.tr\/index.php\/wp-json\/wp\/v2\/media?parent=703071"}],"wp:term":[{"taxonomy":"product_brand","embeddable":true,"href":"https:\/\/roveyayinevi.com.tr\/index.php\/wp-json\/wp\/v2\/product_brand?post=703071"},{"taxonomy":"product_cat","embeddable":true,"href":"https:\/\/roveyayinevi.com.tr\/index.php\/wp-json\/wp\/v2\/product_cat?post=703071"},{"taxonomy":"product_tag","embeddable":true,"href":"https:\/\/roveyayinevi.com.tr\/index.php\/wp-json\/wp\/v2\/product_tag?post=703071"}],"curies":[{"name":"wp","href":"https:\/\/api.w.org\/{rel}","templated":true}]}}