{"id":703070,"date":"2025-08-27T15:22:09","date_gmt":"2025-08-27T12:22:09","guid":{"rendered":"https:\/\/roveyayinevi.com.tr\/index.php\/urun\/bilim-adamlarimiz-serisi-el-cezeri\/"},"modified":"2026-04-16T02:12:29","modified_gmt":"2026-04-15T23:12:29","slug":"bilim-adamlarimiz-serisi-el-cezeri","status":"publish","type":"product","link":"https:\/\/roveyayinevi.com.tr\/index.php\/urun\/bilim-adamlarimiz-serisi-el-cezeri\/","title":{"rendered":"Bilim Adamlar\u0131m\u0131z Serisi : El-Cezeri"},"content":{"rendered":"<p>Cizreli b\u00fcy\u00fck mucit&#8230; Bilgisayarlar\u0131n temellerini atan alim, fen ve teknik adam\u0131&#8230; Robot, saatler, su makineleri, \u015fifreli kilitler, \u015fifreli kasalar, termos, otomatik \u00e7ocuk oyuncaklar\u0131 gibi 60 makine mucidi ve d\u00fcnyan\u0131n ilk sibernetik bilginidir. Tam ismi, Cizreli Ebul-iz ya da Avrupa\u2019n\u0131n bildi\u011fi ismiyle El Cezeri \/ Al Jazari olan bu mucit, i\u015f m\u00fchendisi, zanaatkar ve sanat\u00e7\u0131d\u0131r. Matematik\u00e7i ve astronom T\u00fcrk bilgini, bundan 800 k\u00fcs\u00fcr y\u0131l \u00f6nce (1136-1206) y\u0131llar\u0131 aras\u0131nda ya\u015fam\u0131\u015ft\u0131r. 1183 y\u0131l\u0131nda ba\u015flay\u0131p 25 y\u0131l s\u00fcren icatlar katolo\u011funu o zamanlar resm\u00ee dil olan Arap\u00e7a ile yazm\u0131\u015ft\u0131r. Cizreli, b\u00fct\u00fcn icatlar\u0131n\u0131 Leonardo&#8217;dan \u00e7ok daha \u00f6nce yapm\u0131\u015f ve kitapla\u015ft\u0131rm\u0131\u015ft\u0131r. \ufffcTan\u0131t\u0131m Metni<\/p>\n","protected":false},"excerpt":{"rendered":"<p>Cizreli b\u00fcy\u00fck mucit&#8230; Bilgisayarlar\u0131n temellerini atan alim, fen ve teknik adam\u0131&#8230; Robot, saatler, su makineleri, \u015fifreli kilitler, \u015fifreli kasalar, termos, otomatik \u00e7ocuk oyuncaklar\u0131 gibi 60 makine<span class=\"excerpt-hellip\"> [\u2026]<\/span><\/p>\n","protected":false},"featured_media":0,"template":"","meta":{"_monsterinsights_skip_tracking":false,"_monsterinsights_sitenote_active":false,"_monsterinsights_sitenote_note":"","_monsterinsights_sitenote_category":0},"product_brand":[],"product_cat":[12370,12304],"product_tag":[],"class_list":{"0":"post-703070","1":"product","2":"type-product","3":"status-publish","5":"product_cat-arastirma-inceleme","6":"product_cat-tarih","7":"pa_tur-kitap","8":"pa_yayinevi-parola-yayinlari","9":"pa_yazar-ali-kuzu","11":"first","12":"instock","13":"sale","14":"shipping-taxable","15":"purchasable","16":"product-type-simple"},"_links":{"self":[{"href":"https:\/\/roveyayinevi.com.tr\/index.php\/wp-json\/wp\/v2\/product\/703070","targetHints":{"allow":["GET"]}}],"collection":[{"href":"https:\/\/roveyayinevi.com.tr\/index.php\/wp-json\/wp\/v2\/product"}],"about":[{"href":"https:\/\/roveyayinevi.com.tr\/index.php\/wp-json\/wp\/v2\/types\/product"}],"wp:attachment":[{"href":"https:\/\/roveyayinevi.com.tr\/index.php\/wp-json\/wp\/v2\/media?parent=703070"}],"wp:term":[{"taxonomy":"product_brand","embeddable":true,"href":"https:\/\/roveyayinevi.com.tr\/index.php\/wp-json\/wp\/v2\/product_brand?post=703070"},{"taxonomy":"product_cat","embeddable":true,"href":"https:\/\/roveyayinevi.com.tr\/index.php\/wp-json\/wp\/v2\/product_cat?post=703070"},{"taxonomy":"product_tag","embeddable":true,"href":"https:\/\/roveyayinevi.com.tr\/index.php\/wp-json\/wp\/v2\/product_tag?post=703070"}],"curies":[{"name":"wp","href":"https:\/\/api.w.org\/{rel}","templated":true}]}}