{"id":703069,"date":"2025-08-27T15:22:09","date_gmt":"2025-08-27T12:22:09","guid":{"rendered":"https:\/\/roveyayinevi.com.tr\/index.php\/urun\/kendini-kesfet-hedefe-ulas\/"},"modified":"2026-04-16T02:12:29","modified_gmt":"2026-04-15T23:12:29","slug":"kendini-kesfet-hedefe-ulas","status":"publish","type":"product","link":"https:\/\/roveyayinevi.com.tr\/index.php\/urun\/kendini-kesfet-hedefe-ulas\/","title":{"rendered":"Kendini Ke\u015ffet Hedefe Ula\u015f"},"content":{"rendered":"<p>Paul Falcone, d\u00fcnyaca \u00fcnl\u00fc bir insan kaynaklar\u0131 uzman\u0131, performans y\u00f6neticisi ve liderlik dan\u0131\u015fman\u0131; y\u0131llar i\u00e7inde tecr\u00fcbe etti\u011fi ve uygulad\u0131\u011f\u0131 tavsiyelerini Kendini Ke\u015ffet Hedefe Ula\u015f\u2019ta bir araya getiriyor. Okura ileti\u015fimden zaman y\u00f6netimine, karar alma s\u00fcre\u00e7lerinden tak\u0131m \u00e7al\u0131\u015fmas\u0131na uzanan ve oradan finans, muhasebe, m\u00fc\u015fteri hizmetleri gibi alanlarda dola\u015fan bir stratejiler b\u00fct\u00fcn\u00fc sunuyor. Falcone b\u00fcy\u00fck laflar etmiyor, stratejilerini uzun uzun a\u00e7\u0131klamaya giri\u015fmiyor, okura fazlas\u0131n\u0131 vaat etmiyor; ama okurun i\u00e7indeki potansiyeli ortaya \u00e7\u0131karabilecek \u00f6zl\u00fc ve esasl\u0131, nokta at\u0131\u015f\u0131 tavsiyelerde bulunuyor. <\/p>\n","protected":false},"excerpt":{"rendered":"<p>Paul Falcone, d\u00fcnyaca \u00fcnl\u00fc bir insan kaynaklar\u0131 uzman\u0131, performans y\u00f6neticisi ve liderlik dan\u0131\u015fman\u0131; y\u0131llar i\u00e7inde tecr\u00fcbe etti\u011fi ve uygulad\u0131\u011f\u0131 tavsiyelerini Kendini Ke\u015ffet Hedefe Ula\u015f\u2019ta bir araya<span class=\"excerpt-hellip\"> [\u2026]<\/span><\/p>\n","protected":false},"featured_media":0,"template":"","meta":{"_monsterinsights_skip_tracking":false,"_monsterinsights_sitenote_active":false,"_monsterinsights_sitenote_note":"","_monsterinsights_sitenote_category":0},"product_brand":[],"product_cat":[13043,14754],"product_tag":[],"class_list":{"0":"post-703069","1":"product","2":"type-product","3":"status-publish","5":"product_cat-ekonomi","6":"product_cat-halkla-iliskiler-insan-kaynaklari","7":"pa_tur-kitap","8":"pa_yayinevi-mediacat-kitaplari","9":"pa_yazar-paul-falcone","11":"first","12":"instock","13":"sale","14":"shipping-taxable","15":"purchasable","16":"product-type-simple"},"_links":{"self":[{"href":"https:\/\/roveyayinevi.com.tr\/index.php\/wp-json\/wp\/v2\/product\/703069","targetHints":{"allow":["GET"]}}],"collection":[{"href":"https:\/\/roveyayinevi.com.tr\/index.php\/wp-json\/wp\/v2\/product"}],"about":[{"href":"https:\/\/roveyayinevi.com.tr\/index.php\/wp-json\/wp\/v2\/types\/product"}],"wp:attachment":[{"href":"https:\/\/roveyayinevi.com.tr\/index.php\/wp-json\/wp\/v2\/media?parent=703069"}],"wp:term":[{"taxonomy":"product_brand","embeddable":true,"href":"https:\/\/roveyayinevi.com.tr\/index.php\/wp-json\/wp\/v2\/product_brand?post=703069"},{"taxonomy":"product_cat","embeddable":true,"href":"https:\/\/roveyayinevi.com.tr\/index.php\/wp-json\/wp\/v2\/product_cat?post=703069"},{"taxonomy":"product_tag","embeddable":true,"href":"https:\/\/roveyayinevi.com.tr\/index.php\/wp-json\/wp\/v2\/product_tag?post=703069"}],"curies":[{"name":"wp","href":"https:\/\/api.w.org\/{rel}","templated":true}]}}