{"id":703066,"date":"2025-08-27T15:22:07","date_gmt":"2025-08-27T12:22:07","guid":{"rendered":"https:\/\/roveyayinevi.com.tr\/index.php\/urun\/yanlislik-butun-oyunlari-3\/"},"modified":"2026-04-16T02:12:29","modified_gmt":"2026-04-15T23:12:29","slug":"yanlislik-butun-oyunlari-3","status":"publish","type":"product","link":"https:\/\/roveyayinevi.com.tr\/index.php\/urun\/yanlislik-butun-oyunlari-3\/","title":{"rendered":"Yanl\u0131\u015fl\u0131k &#8211; B\u00fct\u00fcn Oyunlar\u0131 3"},"content":{"rendered":"<p>Martha: [\u2026] B\u0131kt\u0131m usand\u0131m art\u0131k bu ruhu ta\u015f\u0131maktan anne, g\u00fcn\u00fc gelse de kavu\u015fsam o g\u00fcne\u015fin alt\u0131nda b\u00fct\u00fcn sorular\u0131n k\u00fcle d\u00f6nd\u00fc\u011f\u00fc topraklara. Buraya ait de\u011filim ben. \ufffcTan\u0131t\u0131m Metni<\/p>\n","protected":false},"excerpt":{"rendered":"<p>Martha: [\u2026] B\u0131kt\u0131m usand\u0131m art\u0131k bu ruhu ta\u015f\u0131maktan anne, g\u00fcn\u00fc gelse de kavu\u015fsam o g\u00fcne\u015fin alt\u0131nda b\u00fct\u00fcn sorular\u0131n k\u00fcle d\u00f6nd\u00fc\u011f\u00fc topraklara. Buraya ait de\u011filim ben. \ufffcTan\u0131t\u0131m<span class=\"excerpt-hellip\"> [\u2026]<\/span><\/p>\n","protected":false},"featured_media":0,"template":"","meta":{"_monsterinsights_skip_tracking":false,"_monsterinsights_sitenote_active":false,"_monsterinsights_sitenote_note":"","_monsterinsights_sitenote_category":0},"product_brand":[],"product_cat":[12291,15566],"product_tag":[],"class_list":{"0":"post-703066","1":"product","2":"type-product","3":"status-publish","5":"product_cat-edebiyat","6":"product_cat-oyun","7":"pa_cilt-ciltsiz","8":"pa_tur-kitap","9":"pa_yayinevi-can-yayinlari","10":"pa_yazar-albert-camus","12":"first","13":"instock","14":"sale","15":"shipping-taxable","16":"purchasable","17":"product-type-simple"},"_links":{"self":[{"href":"https:\/\/roveyayinevi.com.tr\/index.php\/wp-json\/wp\/v2\/product\/703066","targetHints":{"allow":["GET"]}}],"collection":[{"href":"https:\/\/roveyayinevi.com.tr\/index.php\/wp-json\/wp\/v2\/product"}],"about":[{"href":"https:\/\/roveyayinevi.com.tr\/index.php\/wp-json\/wp\/v2\/types\/product"}],"wp:attachment":[{"href":"https:\/\/roveyayinevi.com.tr\/index.php\/wp-json\/wp\/v2\/media?parent=703066"}],"wp:term":[{"taxonomy":"product_brand","embeddable":true,"href":"https:\/\/roveyayinevi.com.tr\/index.php\/wp-json\/wp\/v2\/product_brand?post=703066"},{"taxonomy":"product_cat","embeddable":true,"href":"https:\/\/roveyayinevi.com.tr\/index.php\/wp-json\/wp\/v2\/product_cat?post=703066"},{"taxonomy":"product_tag","embeddable":true,"href":"https:\/\/roveyayinevi.com.tr\/index.php\/wp-json\/wp\/v2\/product_tag?post=703066"}],"curies":[{"name":"wp","href":"https:\/\/api.w.org\/{rel}","templated":true}]}}