{"id":703064,"date":"2025-08-27T15:22:06","date_gmt":"2025-08-27T12:22:06","guid":{"rendered":"https:\/\/roveyayinevi.com.tr\/index.php\/urun\/bir-savas-vardi\/"},"modified":"2026-04-16T02:12:29","modified_gmt":"2026-04-15T23:12:29","slug":"bir-savas-vardi","status":"publish","type":"product","link":"https:\/\/roveyayinevi.com.tr\/index.php\/urun\/bir-savas-vardi\/","title":{"rendered":"Bir Sava\u015f Vard\u0131"},"content":{"rendered":"<p>D\u00fcnya edebiyat\u0131na damga vuran eserlerinde keskin g\u00f6zlem g\u00fcc\u00fc her sat\u0131rda hissedilen John Steinbeck, \u0130kinci D\u00fcnya Sava\u015f\u0131 t\u00fcm \u015fiddetiyle s\u00fcrerken New York Herald Tribune muhabiri olarak \u00e7e\u015fitli cephelerde sava\u015f\u0131 izleme ve izlenimlerini yazma f\u0131rsat\u0131 bulur. Atlantik \u00f6tesinden bombard\u0131man alt\u0131ndaki Londra&#8217;ya, Man\u015f&#8217;\u0131n ve Akdeniz&#8217;in sular\u0131ndan Cezayir, Sicilya ve G\u00fcney \u0130talya&#8217;ya uzanan bu yolculukta ilgisini \u00e7ekenler haritalar, omzu kalabal\u0131k komutanlar, stratejiler veya taktikler de\u011fildir. \u0130ster asker, ister sivil olsun s\u0131radan insanlar\u0131n \u00f6yk\u00fcs\u00fcd\u00fcr kaleme ald\u0131klar\u0131. Bir Sava\u015f Vard\u0131&#8217;da Steinbeck, bu yakla\u015f\u0131m\u0131yla yazd\u0131klar\u0131nda evrensel olan\u0131 yakalamay\u0131 ba\u015far\u0131yor ve sava\u015ftan onlarca y\u0131l sonra bile keyifle okunuyor.<\/p>\n","protected":false},"excerpt":{"rendered":"<p>D\u00fcnya edebiyat\u0131na damga vuran eserlerinde keskin g\u00f6zlem g\u00fcc\u00fc her sat\u0131rda hissedilen John Steinbeck, \u0130kinci D\u00fcnya Sava\u015f\u0131 t\u00fcm \u015fiddetiyle s\u00fcrerken New York Herald Tribune muhabiri olarak \u00e7e\u015fitli<span class=\"excerpt-hellip\"> [\u2026]<\/span><\/p>\n","protected":false},"featured_media":0,"template":"","meta":{"_monsterinsights_skip_tracking":false,"_monsterinsights_sitenote_active":false,"_monsterinsights_sitenote_note":"","_monsterinsights_sitenote_category":0},"product_brand":[],"product_cat":[12891,12291],"product_tag":[],"class_list":{"0":"post-703064","1":"product","2":"type-product","3":"status-publish","5":"product_cat-amerikan-edebiyati","6":"product_cat-edebiyat","7":"pa_cilt-ciltsiz","8":"pa_tur-kitap","9":"pa_yayinevi-sel-yayincilik","10":"pa_yazar-john-steinbeck","12":"first","13":"instock","14":"sale","15":"shipping-taxable","16":"purchasable","17":"product-type-simple"},"_links":{"self":[{"href":"https:\/\/roveyayinevi.com.tr\/index.php\/wp-json\/wp\/v2\/product\/703064","targetHints":{"allow":["GET"]}}],"collection":[{"href":"https:\/\/roveyayinevi.com.tr\/index.php\/wp-json\/wp\/v2\/product"}],"about":[{"href":"https:\/\/roveyayinevi.com.tr\/index.php\/wp-json\/wp\/v2\/types\/product"}],"wp:attachment":[{"href":"https:\/\/roveyayinevi.com.tr\/index.php\/wp-json\/wp\/v2\/media?parent=703064"}],"wp:term":[{"taxonomy":"product_brand","embeddable":true,"href":"https:\/\/roveyayinevi.com.tr\/index.php\/wp-json\/wp\/v2\/product_brand?post=703064"},{"taxonomy":"product_cat","embeddable":true,"href":"https:\/\/roveyayinevi.com.tr\/index.php\/wp-json\/wp\/v2\/product_cat?post=703064"},{"taxonomy":"product_tag","embeddable":true,"href":"https:\/\/roveyayinevi.com.tr\/index.php\/wp-json\/wp\/v2\/product_tag?post=703064"}],"curies":[{"name":"wp","href":"https:\/\/api.w.org\/{rel}","templated":true}]}}