{"id":703062,"date":"2025-08-27T15:22:05","date_gmt":"2025-08-27T12:22:05","guid":{"rendered":"https:\/\/roveyayinevi.com.tr\/index.php\/urun\/inonu-ve-bayarli-yillar-1938-1960\/"},"modified":"2026-04-16T02:12:29","modified_gmt":"2026-04-15T23:12:29","slug":"inonu-ve-bayarli-yillar-1938-1960","status":"publish","type":"product","link":"https:\/\/roveyayinevi.com.tr\/index.php\/urun\/inonu-ve-bayarli-yillar-1938-1960\/","title":{"rendered":"\u0130n\u00f6n\u00fc ve Bayarl\u0131 Y\u0131llar (1938-1960)"},"content":{"rendered":"<p>Ankara\u2026 10 kas\u0131m 1938\u2019de Mustafa Kemal Atat\u00fcrk\u2019\u00fcn vefat\u0131n\u0131n ard\u0131ndan k\u0131sa s\u00fcreli bir kaos ya\u015fan\u0131r. Yeni cumhurba\u015fkan\u0131 kim olacakt\u0131r? Sorun \u015fa\u015f\u0131rt\u0131c\u0131 bi\u00e7imde \u00e7abuk \u00e7\u00f6z\u00fcl\u00fcr. Cumhurba\u015fkanl\u0131\u011f\u0131n\u0131n \u0130smet \u0130n\u00f6n\u00fc\u2019ye, ordunun ise Fevzi \u00c7akmak\u2019a emanet edildi\u011fi yeni bir d\u00f6nem ba\u015flar. <\/p>\n","protected":false},"excerpt":{"rendered":"<p>Ankara\u2026 10 kas\u0131m 1938\u2019de Mustafa Kemal Atat\u00fcrk\u2019\u00fcn vefat\u0131n\u0131n ard\u0131ndan k\u0131sa s\u00fcreli bir kaos ya\u015fan\u0131r. Yeni cumhurba\u015fkan\u0131 kim olacakt\u0131r? Sorun \u015fa\u015f\u0131rt\u0131c\u0131 bi\u00e7imde \u00e7abuk \u00e7\u00f6z\u00fcl\u00fcr. Cumhurba\u015fkanl\u0131\u011f\u0131n\u0131n \u0130smet \u0130n\u00f6n\u00fc\u2019ye,<span class=\"excerpt-hellip\"> [\u2026]<\/span><\/p>\n","protected":false},"featured_media":0,"template":"","meta":{"_monsterinsights_skip_tracking":false,"_monsterinsights_sitenote_active":false,"_monsterinsights_sitenote_note":"","_monsterinsights_sitenote_category":0},"product_brand":[],"product_cat":[12370,12304],"product_tag":[],"class_list":{"0":"post-703062","1":"product","2":"type-product","3":"status-publish","5":"product_cat-arastirma-inceleme","6":"product_cat-tarih","7":"pa_tur-kitap","8":"pa_yayinevi-profil-kitap","9":"pa_yazar-ayse-hur","11":"first","12":"instock","13":"sale","14":"shipping-taxable","15":"purchasable","16":"product-type-simple"},"_links":{"self":[{"href":"https:\/\/roveyayinevi.com.tr\/index.php\/wp-json\/wp\/v2\/product\/703062","targetHints":{"allow":["GET"]}}],"collection":[{"href":"https:\/\/roveyayinevi.com.tr\/index.php\/wp-json\/wp\/v2\/product"}],"about":[{"href":"https:\/\/roveyayinevi.com.tr\/index.php\/wp-json\/wp\/v2\/types\/product"}],"wp:attachment":[{"href":"https:\/\/roveyayinevi.com.tr\/index.php\/wp-json\/wp\/v2\/media?parent=703062"}],"wp:term":[{"taxonomy":"product_brand","embeddable":true,"href":"https:\/\/roveyayinevi.com.tr\/index.php\/wp-json\/wp\/v2\/product_brand?post=703062"},{"taxonomy":"product_cat","embeddable":true,"href":"https:\/\/roveyayinevi.com.tr\/index.php\/wp-json\/wp\/v2\/product_cat?post=703062"},{"taxonomy":"product_tag","embeddable":true,"href":"https:\/\/roveyayinevi.com.tr\/index.php\/wp-json\/wp\/v2\/product_tag?post=703062"}],"curies":[{"name":"wp","href":"https:\/\/api.w.org\/{rel}","templated":true}]}}