{"id":703061,"date":"2025-08-27T15:22:05","date_gmt":"2025-08-27T12:22:05","guid":{"rendered":"https:\/\/roveyayinevi.com.tr\/index.php\/urun\/uzaklarin-prensleri\/"},"modified":"2026-04-16T02:12:29","modified_gmt":"2026-04-15T23:12:29","slug":"uzaklarin-prensleri","status":"publish","type":"product","link":"https:\/\/roveyayinevi.com.tr\/index.php\/urun\/uzaklarin-prensleri\/","title":{"rendered":"Uzaklar\u0131n Prensleri"},"content":{"rendered":"<p>\u0130ki \u00e7ingene gencinin kabilelerinin ba\u015f\u0131nda ancak kay\u0131p olan ya\u015fl\u0131 El Pouro&#8217;nun geleneksel us\u00fcllerine g\u00f6re evlenmeleleri gerekmektedir. Bu kabileyi kurtarmak isteyen \u00f6\u011fretmenin yard\u0131m\u0131yla damat, gelece\u011fini farkl\u0131 \u015fehirlerde aramak \u00fczere yola \u00e7\u0131kar. Bu s\u0131rada El Pouro bulunmu\u015f, ara\u015ft\u0131rmalar\u0131n\u0131 aktarmak \u00fczere kabileye geri d\u00f6nm\u00fc\u015ft\u00fcr. Kabile, El Pouro olmadan yola devam etme karar\u0131 alacak m\u0131d\u0131r? <\/p>\n","protected":false},"excerpt":{"rendered":"<p>\u0130ki \u00e7ingene gencinin kabilelerinin ba\u015f\u0131nda ancak kay\u0131p olan ya\u015fl\u0131 El Pouro&#8217;nun geleneksel us\u00fcllerine g\u00f6re evlenmeleleri gerekmektedir. Bu kabileyi kurtarmak isteyen \u00f6\u011fretmenin yard\u0131m\u0131yla damat, gelece\u011fini farkl\u0131 \u015fehirlerde<span class=\"excerpt-hellip\"> [\u2026]<\/span><\/p>\n","protected":false},"featured_media":0,"template":"","meta":{"_monsterinsights_skip_tracking":false,"_monsterinsights_sitenote_active":false,"_monsterinsights_sitenote_note":"","_monsterinsights_sitenote_category":0},"product_brand":[],"product_cat":[12409,12408],"product_tag":[],"class_list":{"0":"post-703061","1":"product","2":"type-product","3":"status-publish","5":"product_cat-fotograf-sinema-tiyatro","6":"product_cat-sanat","7":"pa_cilt-ciltsiz","8":"pa_tur-kitap","9":"pa_yayinevi-bencekitap","10":"pa_yazar-robert-pouderou","12":"first","13":"instock","14":"sale","15":"shipping-taxable","16":"purchasable","17":"product-type-simple"},"_links":{"self":[{"href":"https:\/\/roveyayinevi.com.tr\/index.php\/wp-json\/wp\/v2\/product\/703061","targetHints":{"allow":["GET"]}}],"collection":[{"href":"https:\/\/roveyayinevi.com.tr\/index.php\/wp-json\/wp\/v2\/product"}],"about":[{"href":"https:\/\/roveyayinevi.com.tr\/index.php\/wp-json\/wp\/v2\/types\/product"}],"wp:attachment":[{"href":"https:\/\/roveyayinevi.com.tr\/index.php\/wp-json\/wp\/v2\/media?parent=703061"}],"wp:term":[{"taxonomy":"product_brand","embeddable":true,"href":"https:\/\/roveyayinevi.com.tr\/index.php\/wp-json\/wp\/v2\/product_brand?post=703061"},{"taxonomy":"product_cat","embeddable":true,"href":"https:\/\/roveyayinevi.com.tr\/index.php\/wp-json\/wp\/v2\/product_cat?post=703061"},{"taxonomy":"product_tag","embeddable":true,"href":"https:\/\/roveyayinevi.com.tr\/index.php\/wp-json\/wp\/v2\/product_tag?post=703061"}],"curies":[{"name":"wp","href":"https:\/\/api.w.org\/{rel}","templated":true}]}}