{"id":703058,"date":"2025-08-27T15:22:04","date_gmt":"2025-08-27T12:22:04","guid":{"rendered":"https:\/\/roveyayinevi.com.tr\/index.php\/urun\/ruzgar-bana-seni-fisildadi\/"},"modified":"2026-04-16T02:12:28","modified_gmt":"2026-04-15T23:12:28","slug":"ruzgar-bana-seni-fisildadi","status":"publish","type":"product","link":"https:\/\/roveyayinevi.com.tr\/index.php\/urun\/ruzgar-bana-seni-fisildadi\/","title":{"rendered":"R\u00fczgar Bana Seni F\u0131s\u0131ldad\u0131"},"content":{"rendered":"<p>Bazen ger\u00e7ekler ac\u0131 verir, ve yalanlar zamanla ge\u00e7mi\u015fe m\u00fch\u00fcrlenir, e\u011fer zaman geri al\u0131nam\u0131yorsa, ileri sarmay\u0131 \u00f6\u011frenmek en iyisidir.Veronica on ya\u015flar\u0131ndayken babas\u0131n\u0131n \u00e7antas\u0131nda kendisinden birka\u00e7 ya\u015f b\u00fcy\u00fck bir k\u0131z\u0131n foto\u011fraf\u0131n\u0131 g\u00f6r\u00fcr. \u0130sminin Laura oldu\u011funu \u00f6\u011frenir ancak annesine onun kim oldu\u011funu sormaya \u00e7ekinir. \u00c7\u00fcnk\u00fc bu foto\u011fraf bir \u015fekilde ailede huzursuzluk yarat\u0131yor, tart\u0131\u015fmalara ve uzun s\u00fcren sessizliklere neden oluyordur. Bu foto\u011fraf\u0131n g\u00f6lgesinde ge\u00e7en y\u0131llar\u0131n ard\u0131ndan Ver\u00f3nica\u2019n\u0131n annesi hastalan\u0131r ve kaybolan ge\u00e7mi\u015f yava\u015f yava\u015f su y\u00fcz\u00fcne \u00e7\u0131kmaya ba\u015flar. Laura bir sarma\u015f\u0131k gibi hayatlar\u0131na dolanm\u0131\u015ft\u0131r. Ver\u00f3nica\u2019n\u0131n art\u0131k bu k\u0131z\u0131n kim oldu\u011funu bulmas\u0131 ve bedeli ne olursa olsun ger\u00e7e\u011fin pe\u015finden ko\u015fmas\u0131 gerekmektedir. \u201cClara Sanchez\u2019in tarz\u0131 m\u00fckemmel. \u0130ronik bak\u0131\u015f a\u00e7\u0131s\u0131, melankoli ve ho\u015fg\u00f6r\u00fc dolu bir kitap.\u201d- Le Nouvel Observateur\u201cClara S\u00e1nchez\u2019in bu kitab\u0131, okurlar aras\u0131nda bir edebiyat fenomenine d\u00f6n\u00fc\u015ft\u00fc.\u201d- Il Giornale\u201cSanchez\u2019in en g\u00fczel roman\u0131. Kitab\u0131n kahraman\u0131, bizi adaletsizli\u011fin ac\u0131s\u0131ndan kurtaracak ve hayatla bar\u0131\u015f\u0131k kalmam\u0131z\u0131 sa\u011flayacak o insanlardan biri.\u201d- La Vanguardia\u201cClara S\u00e1nchez, o e\u015fsiz \u00fcslubuyla okuyucular\u0131n\u0131n ve romanlar\u0131n\u0131n d\u00fcnyalar\u0131 aras\u0131ndaki mesafeyi k\u0131salt\u0131yor.\u201d- El Pa\u00eds\u201cR\u00fczg\u00e2r Bana Seni F\u0131s\u0131ldad\u0131, korkusuzca ya\u015famay\u0131 \u00f6\u011fretiyor.\u201d- La Raz\u00f3n\u201cClara S\u00e1nchez bu kez \u00e7\u0131tay\u0131 daha da y\u00fckseltti.\u201d- Granada HoyGuadalajara\u2019da do\u011fan Clara S\u00e1nchez sekiz roman yazm\u0131\u015f, 2000 y\u0131l\u0131nda prestijli Alfaguara \u00d6d\u00fcl\u00fc\u2019ne ve 2012\u2019de de Nadal Edebiyat \u00d6d\u00fcl\u00fc\u2019ne lay\u0131k g\u00f6r\u00fclm\u00fc\u015ft\u00fcr. El Pa\u00eds gazetesinde k\u00f6\u015fe yazar\u0131d\u0131r ve kitaplar\u0131 pek \u00e7ok dile \u00e7evrilmi\u015ftir.<\/p>\n","protected":false},"excerpt":{"rendered":"<p>Bazen ger\u00e7ekler ac\u0131 verir, ve yalanlar zamanla ge\u00e7mi\u015fe m\u00fch\u00fcrlenir, e\u011fer zaman geri al\u0131nam\u0131yorsa, ileri sarmay\u0131 \u00f6\u011frenmek en iyisidir.Veronica on ya\u015flar\u0131ndayken babas\u0131n\u0131n \u00e7antas\u0131nda kendisinden birka\u00e7 ya\u015f b\u00fcy\u00fck<span class=\"excerpt-hellip\"> [\u2026]<\/span><\/p>\n","protected":false},"featured_media":0,"template":"","meta":{"_monsterinsights_skip_tracking":false,"_monsterinsights_sitenote_active":false,"_monsterinsights_sitenote_note":"","_monsterinsights_sitenote_category":0},"product_brand":[],"product_cat":[12291,13113],"product_tag":[],"class_list":{"0":"post-703058","1":"product","2":"type-product","3":"status-publish","5":"product_cat-edebiyat","6":"product_cat-ispanyol-edebiyati","7":"pa_cilt-ciltsiz","8":"pa_tur-kitap","9":"pa_yayinevi-pegasus-yayinlari","10":"pa_yazar-clara-sanchez","12":"first","13":"instock","14":"sale","15":"shipping-taxable","16":"purchasable","17":"product-type-simple"},"_links":{"self":[{"href":"https:\/\/roveyayinevi.com.tr\/index.php\/wp-json\/wp\/v2\/product\/703058","targetHints":{"allow":["GET"]}}],"collection":[{"href":"https:\/\/roveyayinevi.com.tr\/index.php\/wp-json\/wp\/v2\/product"}],"about":[{"href":"https:\/\/roveyayinevi.com.tr\/index.php\/wp-json\/wp\/v2\/types\/product"}],"wp:attachment":[{"href":"https:\/\/roveyayinevi.com.tr\/index.php\/wp-json\/wp\/v2\/media?parent=703058"}],"wp:term":[{"taxonomy":"product_brand","embeddable":true,"href":"https:\/\/roveyayinevi.com.tr\/index.php\/wp-json\/wp\/v2\/product_brand?post=703058"},{"taxonomy":"product_cat","embeddable":true,"href":"https:\/\/roveyayinevi.com.tr\/index.php\/wp-json\/wp\/v2\/product_cat?post=703058"},{"taxonomy":"product_tag","embeddable":true,"href":"https:\/\/roveyayinevi.com.tr\/index.php\/wp-json\/wp\/v2\/product_tag?post=703058"}],"curies":[{"name":"wp","href":"https:\/\/api.w.org\/{rel}","templated":true}]}}