{"id":703055,"date":"2025-08-27T15:22:02","date_gmt":"2025-08-27T12:22:02","guid":{"rendered":"https:\/\/roveyayinevi.com.tr\/index.php\/urun\/cocuklugum-6\/"},"modified":"2026-04-16T02:12:28","modified_gmt":"2026-04-15T23:12:28","slug":"cocuklugum-6","status":"publish","type":"product","link":"https:\/\/roveyayinevi.com.tr\/index.php\/urun\/cocuklugum-6\/","title":{"rendered":"\u00c7ocuklu\u011fum"},"content":{"rendered":"<p>\u00c7ocuklu\u011fum, Rus edebiyat\u0131n\u0131n en g\u00fczel otobiyografik romanlar\u0131 aras\u0131nda say\u0131lan Gorki \u00dc\u00e7lemesi\u2019nin ilk kitab\u0131d\u0131r. Eserde, yirminci y\u00fczy\u0131l\u0131n ba\u015f\u0131nda Devrim\u2019in e\u015fi\u011fine gelmi\u015f Rusya\u2019n\u0131n karma\u015f\u0131k hali, baba ac\u0131s\u0131 ve aile i\u00e7indeki ili\u015fkiler bir \u00e7ocu\u011fun g\u00f6z\u00fcnden anlat\u0131l\u0131r. Hayat bir \u00e7ocu\u011fun ta\u015f\u0131yamayaca\u011f\u0131 kadar a\u011f\u0131rd\u0131r. Ama b\u00fcy\u00fckannenin varl\u0131\u011f\u0131 ve olaylar\u0131n \u00fczerine bir t\u00fcl gibi \u00f6rt\u00fclen naif \u00e7ocuk bak\u0131\u015f\u0131 onca ac\u0131y\u0131 katlan\u0131l\u0131r k\u0131lar. <\/p>\n","protected":false},"excerpt":{"rendered":"<p>\u00c7ocuklu\u011fum, Rus edebiyat\u0131n\u0131n en g\u00fczel otobiyografik romanlar\u0131 aras\u0131nda say\u0131lan Gorki \u00dc\u00e7lemesi\u2019nin ilk kitab\u0131d\u0131r. Eserde, yirminci y\u00fczy\u0131l\u0131n ba\u015f\u0131nda Devrim\u2019in e\u015fi\u011fine gelmi\u015f Rusya\u2019n\u0131n karma\u015f\u0131k hali, baba ac\u0131s\u0131 ve<span class=\"excerpt-hellip\"> [\u2026]<\/span><\/p>\n","protected":false},"featured_media":0,"template":"","meta":{"_monsterinsights_skip_tracking":false,"_monsterinsights_sitenote_active":false,"_monsterinsights_sitenote_note":"","_monsterinsights_sitenote_category":0},"product_brand":[],"product_cat":[12291,13570],"product_tag":[],"class_list":{"0":"post-703055","1":"product","2":"type-product","3":"status-publish","5":"product_cat-edebiyat","6":"product_cat-rus-edebiyati","7":"pa_tur-kitap","8":"pa_yayinevi-antik-kitap","9":"pa_yazar-maksim-gorki","11":"first","12":"instock","13":"sale","14":"shipping-taxable","15":"purchasable","16":"product-type-simple"},"_links":{"self":[{"href":"https:\/\/roveyayinevi.com.tr\/index.php\/wp-json\/wp\/v2\/product\/703055","targetHints":{"allow":["GET"]}}],"collection":[{"href":"https:\/\/roveyayinevi.com.tr\/index.php\/wp-json\/wp\/v2\/product"}],"about":[{"href":"https:\/\/roveyayinevi.com.tr\/index.php\/wp-json\/wp\/v2\/types\/product"}],"wp:attachment":[{"href":"https:\/\/roveyayinevi.com.tr\/index.php\/wp-json\/wp\/v2\/media?parent=703055"}],"wp:term":[{"taxonomy":"product_brand","embeddable":true,"href":"https:\/\/roveyayinevi.com.tr\/index.php\/wp-json\/wp\/v2\/product_brand?post=703055"},{"taxonomy":"product_cat","embeddable":true,"href":"https:\/\/roveyayinevi.com.tr\/index.php\/wp-json\/wp\/v2\/product_cat?post=703055"},{"taxonomy":"product_tag","embeddable":true,"href":"https:\/\/roveyayinevi.com.tr\/index.php\/wp-json\/wp\/v2\/product_tag?post=703055"}],"curies":[{"name":"wp","href":"https:\/\/api.w.org\/{rel}","templated":true}]}}