{"id":703051,"date":"2025-08-27T15:22:01","date_gmt":"2025-08-27T12:22:01","guid":{"rendered":"https:\/\/roveyayinevi.com.tr\/index.php\/urun\/michael-vey-2-yeniden-dogus\/"},"modified":"2026-04-16T02:12:28","modified_gmt":"2026-04-15T23:12:28","slug":"michael-vey-2-yeniden-dogus","status":"publish","type":"product","link":"https:\/\/roveyayinevi.com.tr\/index.php\/urun\/michael-vey-2-yeniden-dogus\/","title":{"rendered":"Michael Vey 2 : Yeniden Do\u011fu\u015f"},"content":{"rendered":"<p>\u201cBenim ad\u0131m Michael Vey. Ve d\u00fcnyan\u0131n kaderini de\u011fi\u015ftirecek bir g\u00fc\u00e7le do\u011fdum\u2026\u201dMichael, Taylor, Ostin ve Elektroklan\u2019\u0131n di\u011fer \u00fcyeleri Pasadena\u2019daki Elgen Akademisi\u2019nden ka\u00e7may\u0131 ba\u015far\u0131p bir sonraki hamlelerini planlamak i\u00e7in Idaho\u2019ya do\u011fru yola \u00e7\u0131karlar. Ancak beklenmedik bir s\u00fcrpriz b\u00fct\u00fcn planlar\u0131 alt\u00fcst eder. Gizemli bir ses, Elektroklan\u2019\u0131 Michael\u2019\u0131n hala kay\u0131p olan annesinin pe\u015finden Peru ormanlar\u0131na y\u00f6nlendirir. Burada Dr. Hatch ve Elgen\u2019in, \u00fclkeleri boyunduruk alt\u0131na alabilecek kadar g\u00fc\u00e7lenip tehlikeli hale geldi\u011fini fark ederler. Elgen\u2019in planlar\u0131n\u0131n \u00f6n\u00fcnde sadece Elektroklan ve kimli\u011fi belirsiz ses durmaktad\u0131r. Peki, Michael\u2019\u0131n takip etti\u011fi bu ses ger\u00e7ekte bir dosta m\u0131 aittir, yoksa kar\u015f\u0131lar\u0131nda bir ba\u015fka Elgen tuza\u011f\u0131 m\u0131 vard\u0131r? \u201cMichael Vey, hakk\u0131ndaki t\u00fcm \u00f6vg\u00fcleri hak ediyor\u2026 M\u00fckemmel bir roman.\u201d- El Paso Times\u201cSon zamanlarda okudu\u011fum en iyi kurgulardan\u2026 Richard Paul Evans, bilimkurgu t\u00fcr\u00fcnde eser veren di\u011fer yazarlar aras\u0131ndan s\u0131yr\u0131l\u0131yor.\u201d- Dove Foundation\u201cEvans hem yeti\u015fkinleri hem de \u00e7ocuklar\u0131 e\u011flendirecek bir karakter yaratm\u0131\u015f.\u201d- New York Journal of Books \ufffc\ufffcTan\u0131t\u0131m Metni<\/p>\n","protected":false},"excerpt":{"rendered":"<p>\u201cBenim ad\u0131m Michael Vey. Ve d\u00fcnyan\u0131n kaderini de\u011fi\u015ftirecek bir g\u00fc\u00e7le do\u011fdum\u2026\u201dMichael, Taylor, Ostin ve Elektroklan\u2019\u0131n di\u011fer \u00fcyeleri Pasadena\u2019daki Elgen Akademisi\u2019nden ka\u00e7may\u0131 ba\u015far\u0131p bir sonraki hamlelerini planlamak<span class=\"excerpt-hellip\"> [\u2026]<\/span><\/p>\n","protected":false},"featured_media":0,"template":"","meta":{"_monsterinsights_skip_tracking":false,"_monsterinsights_sitenote_active":false,"_monsterinsights_sitenote_note":"","_monsterinsights_sitenote_category":0},"product_brand":[],"product_cat":[12291,12711],"product_tag":[],"class_list":{"0":"post-703051","1":"product","2":"type-product","3":"status-publish","5":"product_cat-edebiyat","6":"product_cat-roman-oyku","7":"pa_cilt-ciltsiz","8":"pa_tur-kitap","9":"pa_yayinevi-pegasus-yayinlari","10":"pa_yazar-richard-paul-evans","12":"first","13":"instock","14":"sale","15":"shipping-taxable","16":"purchasable","17":"product-type-simple"},"_links":{"self":[{"href":"https:\/\/roveyayinevi.com.tr\/index.php\/wp-json\/wp\/v2\/product\/703051","targetHints":{"allow":["GET"]}}],"collection":[{"href":"https:\/\/roveyayinevi.com.tr\/index.php\/wp-json\/wp\/v2\/product"}],"about":[{"href":"https:\/\/roveyayinevi.com.tr\/index.php\/wp-json\/wp\/v2\/types\/product"}],"wp:attachment":[{"href":"https:\/\/roveyayinevi.com.tr\/index.php\/wp-json\/wp\/v2\/media?parent=703051"}],"wp:term":[{"taxonomy":"product_brand","embeddable":true,"href":"https:\/\/roveyayinevi.com.tr\/index.php\/wp-json\/wp\/v2\/product_brand?post=703051"},{"taxonomy":"product_cat","embeddable":true,"href":"https:\/\/roveyayinevi.com.tr\/index.php\/wp-json\/wp\/v2\/product_cat?post=703051"},{"taxonomy":"product_tag","embeddable":true,"href":"https:\/\/roveyayinevi.com.tr\/index.php\/wp-json\/wp\/v2\/product_tag?post=703051"}],"curies":[{"name":"wp","href":"https:\/\/api.w.org\/{rel}","templated":true}]}}