{"id":703050,"date":"2025-08-27T15:22:00","date_gmt":"2025-08-27T12:22:00","guid":{"rendered":"https:\/\/roveyayinevi.com.tr\/index.php\/urun\/boceklere-soralim\/"},"modified":"2025-11-06T03:31:59","modified_gmt":"2025-11-06T00:31:59","slug":"boceklere-soralim","status":"publish","type":"product","link":"https:\/\/roveyayinevi.com.tr\/index.php\/urun\/boceklere-soralim\/","title":{"rendered":"B\u00f6ceklere Soral\u0131m"},"content":{"rendered":"<p>K\u00fc\u00e7\u00fck olabiliriz ama biz b\u00f6ceklerin hayat\u0131 tehlike ve heyecanla doludur. Size, bir b\u00f6cek olman\u0131n nas\u0131l hissettirdi\u011fini anlatmak i\u00e7in buraday\u0131z. Avlar\u0131m\u0131z\u0131 yakalarken av olmaktan nas\u0131l ka\u00e7t\u0131\u011f\u0131m\u0131z\u0131, nas\u0131l e\u015f buldu\u011fumuzu, yumurtalar\u0131m\u0131z\u0131 ve yavrular\u0131m\u0131z\u0131 g\u00fcvende tutmak i\u00e7in neler yapt\u0131\u011f\u0131m\u0131z\u0131 ve devlerin d\u00fcnyas\u0131nda nas\u0131l hayatta kald\u0131\u011f\u0131m\u0131z\u0131 \u00f6\u011freneceksiniz. <\/p>\n","protected":false},"excerpt":{"rendered":"<p>K\u00fc\u00e7\u00fck olabiliriz ama biz b\u00f6ceklerin hayat\u0131 tehlike ve heyecanla doludur. Size, bir b\u00f6cek olman\u0131n nas\u0131l hissettirdi\u011fini anlatmak i\u00e7in buraday\u0131z. Avlar\u0131m\u0131z\u0131 yakalarken av olmaktan nas\u0131l ka\u00e7t\u0131\u011f\u0131m\u0131z\u0131, nas\u0131l<span class=\"excerpt-hellip\"> [\u2026]<\/span><\/p>\n","protected":false},"featured_media":0,"template":"","meta":{"_monsterinsights_skip_tracking":false,"_monsterinsights_sitenote_active":false,"_monsterinsights_sitenote_note":"","_monsterinsights_sitenote_category":0},"product_brand":[],"product_cat":[12492,12274],"product_tag":[],"class_list":{"0":"post-703050","1":"product","2":"type-product","3":"status-publish","5":"product_cat-bilmece-bulmaca","6":"product_cat-cocuk-ve-genclik-kitaplari","7":"pa_tur-kitap","8":"pa_yayinevi-1001-cicek-kitaplar","9":"pa_yazar-olivia-brookes","11":"first","12":"instock","13":"sale","14":"shipping-taxable","15":"purchasable","16":"product-type-simple"},"_links":{"self":[{"href":"https:\/\/roveyayinevi.com.tr\/index.php\/wp-json\/wp\/v2\/product\/703050","targetHints":{"allow":["GET"]}}],"collection":[{"href":"https:\/\/roveyayinevi.com.tr\/index.php\/wp-json\/wp\/v2\/product"}],"about":[{"href":"https:\/\/roveyayinevi.com.tr\/index.php\/wp-json\/wp\/v2\/types\/product"}],"wp:attachment":[{"href":"https:\/\/roveyayinevi.com.tr\/index.php\/wp-json\/wp\/v2\/media?parent=703050"}],"wp:term":[{"taxonomy":"product_brand","embeddable":true,"href":"https:\/\/roveyayinevi.com.tr\/index.php\/wp-json\/wp\/v2\/product_brand?post=703050"},{"taxonomy":"product_cat","embeddable":true,"href":"https:\/\/roveyayinevi.com.tr\/index.php\/wp-json\/wp\/v2\/product_cat?post=703050"},{"taxonomy":"product_tag","embeddable":true,"href":"https:\/\/roveyayinevi.com.tr\/index.php\/wp-json\/wp\/v2\/product_tag?post=703050"}],"curies":[{"name":"wp","href":"https:\/\/api.w.org\/{rel}","templated":true}]}}