{"id":703045,"date":"2025-08-27T15:21:58","date_gmt":"2025-08-27T12:21:58","guid":{"rendered":"https:\/\/roveyayinevi.com.tr\/index.php\/urun\/zakkum\/"},"modified":"2026-03-11T02:21:31","modified_gmt":"2026-03-10T23:21:31","slug":"zakkum","status":"publish","type":"product","link":"https:\/\/roveyayinevi.com.tr\/index.php\/urun\/zakkum\/","title":{"rendered":"Zakkum"},"content":{"rendered":"<p>\u201cZiyafet olarak bu mu hay\u0131rl\u0131, yoksa zakkum a\u011fac\u0131 m\u0131? \u015e\u00fcphesiz biz onu zalimler i\u00e7in bir imtihan arac\u0131 k\u0131ld\u0131k. O, cehennemin dibinde biten bir a\u011fa\u00e7t\u0131r. Onun meyveleri sanki \u015feytanlar\u0131n kafalar\u0131d\u0131r. Cehennemlikler ondan yiyecekler ve onunla kar\u0131nlar\u0131n\u0131 doyuracaklard\u0131r. Sonra onlar i\u00e7in bunun \u00fcst\u00fcne kaynar sudan kar\u0131\u015f\u0131k bir i\u00e7ecek vard\u0131r. <\/p>\n","protected":false},"excerpt":{"rendered":"<p>\u201cZiyafet olarak bu mu hay\u0131rl\u0131, yoksa zakkum a\u011fac\u0131 m\u0131? \u015e\u00fcphesiz biz onu zalimler i\u00e7in bir imtihan arac\u0131 k\u0131ld\u0131k. O, cehennemin dibinde biten bir a\u011fa\u00e7t\u0131r. Onun meyveleri<span class=\"excerpt-hellip\"> [\u2026]<\/span><\/p>\n","protected":false},"featured_media":0,"template":"","meta":{"_monsterinsights_skip_tracking":false,"_monsterinsights_sitenote_active":false,"_monsterinsights_sitenote_note":"","_monsterinsights_sitenote_category":0},"product_brand":[],"product_cat":[12777,12291],"product_tag":[],"class_list":{"0":"post-703045","1":"product","2":"type-product","3":"status-publish","5":"product_cat-deneme","6":"product_cat-edebiyat","7":"pa_tur-kitap","8":"pa_yayinevi-destek-yayinlari","9":"pa_yazar-guzide-kotan-yilmaz","11":"first","12":"instock","13":"sale","14":"shipping-taxable","15":"purchasable","16":"product-type-simple"},"_links":{"self":[{"href":"https:\/\/roveyayinevi.com.tr\/index.php\/wp-json\/wp\/v2\/product\/703045","targetHints":{"allow":["GET"]}}],"collection":[{"href":"https:\/\/roveyayinevi.com.tr\/index.php\/wp-json\/wp\/v2\/product"}],"about":[{"href":"https:\/\/roveyayinevi.com.tr\/index.php\/wp-json\/wp\/v2\/types\/product"}],"wp:attachment":[{"href":"https:\/\/roveyayinevi.com.tr\/index.php\/wp-json\/wp\/v2\/media?parent=703045"}],"wp:term":[{"taxonomy":"product_brand","embeddable":true,"href":"https:\/\/roveyayinevi.com.tr\/index.php\/wp-json\/wp\/v2\/product_brand?post=703045"},{"taxonomy":"product_cat","embeddable":true,"href":"https:\/\/roveyayinevi.com.tr\/index.php\/wp-json\/wp\/v2\/product_cat?post=703045"},{"taxonomy":"product_tag","embeddable":true,"href":"https:\/\/roveyayinevi.com.tr\/index.php\/wp-json\/wp\/v2\/product_tag?post=703045"}],"curies":[{"name":"wp","href":"https:\/\/api.w.org\/{rel}","templated":true}]}}