{"id":703044,"date":"2025-08-27T15:21:58","date_gmt":"2025-08-27T12:21:58","guid":{"rendered":"https:\/\/roveyayinevi.com.tr\/index.php\/urun\/maskulen\/"},"modified":"2026-04-16T02:12:28","modified_gmt":"2026-04-15T23:12:28","slug":"maskulen","status":"publish","type":"product","link":"https:\/\/roveyayinevi.com.tr\/index.php\/urun\/maskulen\/","title":{"rendered":"Mask\u00fclen"},"content":{"rendered":"<p>Mask\u00fclen kavram\u0131 sadece Jung\u2019un insan ruhu hakk\u0131ndaki devrimci teorileri i\u00e7in de\u011fil ki\u015fili\u011fin geli\u015fimi i\u00e7in de dikkate de\u011ferdir. E\u011fer Jung\u2019un inand\u0131\u011f\u0131 gibi \u201cmodern insan halihaz\u0131rda, kendi akl\u0131n\u0131n \u0131\u015f\u0131\u011f\u0131 \u00f6tesinde hi\u00e7bir \u015feyin d\u00fcnyas\u0131n\u0131 ayd\u0131nlatamayaca\u011f\u0131 fikriyle zihnini buland\u0131rm\u0131\u015f\u201d ise her insana idrak kabiliyetinin s\u0131n\u0131rlar\u0131n\u0131 ve bu s\u0131n\u0131rlar\u0131 nas\u0131l a\u015faca\u011f\u0131n\u0131 g\u00f6stermek temel bir mesele haline gelir. \u0130\u015fte Jung\u2019un Mask\u00fclen adl\u0131 eserinde yapmaya \u00e7al\u0131\u015ft\u0131\u011f\u0131 budur. Erilli\u011fin d\u00fcrt\u00fcs\u00fcn\u00fc ve do\u011fas\u0131n\u0131 ilgilendiren \u00fcnl\u00fc sezgilerini kaleme al\u0131r ve bunlar\u0131n ki\u015fili\u011fin geli\u015fimini nas\u0131l etkiledi\u011fini a\u00e7\u0131klar. Ki\u015fisel ve klinik tecr\u00fcbelerinin \u00fcr\u00fcn\u00fc olan e\u015fsiz perspektifi sayesinde Jung, erilli\u011fe dair anlay\u0131\u015f\u0131m\u0131z konusunda uzun y\u0131llar daha psikanalistlerin zihnini me\u015fgul edecek sorunlar\u0131 ortaya atm\u0131\u015ft\u0131r. \ufffcTan\u0131t\u0131m Metni<\/p>\n","protected":false},"excerpt":{"rendered":"<p>Mask\u00fclen kavram\u0131 sadece Jung\u2019un insan ruhu hakk\u0131ndaki devrimci teorileri i\u00e7in de\u011fil ki\u015fili\u011fin geli\u015fimi i\u00e7in de dikkate de\u011ferdir. E\u011fer Jung\u2019un inand\u0131\u011f\u0131 gibi \u201cmodern insan halihaz\u0131rda, kendi akl\u0131n\u0131n<span class=\"excerpt-hellip\"> [\u2026]<\/span><\/p>\n","protected":false},"featured_media":0,"template":"","meta":{"_monsterinsights_skip_tracking":false,"_monsterinsights_sitenote_active":false,"_monsterinsights_sitenote_note":"","_monsterinsights_sitenote_category":0},"product_brand":[],"product_cat":[12358,12357],"product_tag":[],"class_list":{"0":"post-703044","1":"product","2":"type-product","3":"status-publish","5":"product_cat-genel-psikoloji","6":"product_cat-psikoloji","7":"pa_tur-kitap","8":"pa_yayinevi-pinhan-yayincilik","9":"pa_yazar-carl-gustav-jung","11":"first","12":"instock","13":"sale","14":"shipping-taxable","15":"purchasable","16":"product-type-simple"},"_links":{"self":[{"href":"https:\/\/roveyayinevi.com.tr\/index.php\/wp-json\/wp\/v2\/product\/703044","targetHints":{"allow":["GET"]}}],"collection":[{"href":"https:\/\/roveyayinevi.com.tr\/index.php\/wp-json\/wp\/v2\/product"}],"about":[{"href":"https:\/\/roveyayinevi.com.tr\/index.php\/wp-json\/wp\/v2\/types\/product"}],"wp:attachment":[{"href":"https:\/\/roveyayinevi.com.tr\/index.php\/wp-json\/wp\/v2\/media?parent=703044"}],"wp:term":[{"taxonomy":"product_brand","embeddable":true,"href":"https:\/\/roveyayinevi.com.tr\/index.php\/wp-json\/wp\/v2\/product_brand?post=703044"},{"taxonomy":"product_cat","embeddable":true,"href":"https:\/\/roveyayinevi.com.tr\/index.php\/wp-json\/wp\/v2\/product_cat?post=703044"},{"taxonomy":"product_tag","embeddable":true,"href":"https:\/\/roveyayinevi.com.tr\/index.php\/wp-json\/wp\/v2\/product_tag?post=703044"}],"curies":[{"name":"wp","href":"https:\/\/api.w.org\/{rel}","templated":true}]}}