{"id":703042,"date":"2025-08-27T15:21:57","date_gmt":"2025-08-27T12:21:57","guid":{"rendered":"https:\/\/roveyayinevi.com.tr\/index.php\/urun\/buyuk-bilim-insani-galileo\/"},"modified":"2025-11-06T03:31:56","modified_gmt":"2025-11-06T00:31:56","slug":"buyuk-bilim-insani-galileo","status":"publish","type":"product","link":"https:\/\/roveyayinevi.com.tr\/index.php\/urun\/buyuk-bilim-insani-galileo\/","title":{"rendered":"B\u00fcy\u00fck Bilim \u0130nsan\u0131 Galileo"},"content":{"rendered":"<p>Ger\u00e7ekten de eski bir \u015feye benziyor, dedi Hester, teleskobu eline al\u0131p incelemeye ba\u015flayarak.\u00c7\u00fcnk\u00fc onu 500 y\u0131l \u00f6nce, b\u00fcy\u00fck bilim adam\u0131 ve astronom Galileo yapm\u0131\u015f, dedi Bay RummageHesterin g\u00f6zleri parlad\u0131. Harika! Y\u0131ld\u0131zlar ve gezegenlere bay\u0131l\u0131r\u0131m.Gandi, Leonardo, Galileo ya da Mozart Kendi alanlar\u0131nda t\u00fcm d\u00fcnyan\u0131n hayranl\u0131\u011f\u0131n\u0131 kazanm\u0131\u015f, aradan ge\u00e7en onca zamana ra\u011fmen d\u00fcnyay\u0131 bir \u015fekilde etkilemeye devam eden b\u00fcy\u00fck insanlar. Bu b\u00fcy\u00fck insanlara ait \u00f6zel ve arkas\u0131nda anlaml\u0131 bir hik\u00e2ye bar\u0131nd\u0131ran e\u015fyalar. D\u00fcnya \u00fczerinden gelip ge\u00e7mi\u015f en \u00f6nemli insanlar\u0131n ya\u015fam\u0131n\u0131 ve yapt\u0131klar\u0131n\u0131, Digby ve Hester isimli iki karde\u015fin Bay Rummage\u0131n bit pazar\u0131 tezg\u00e2h\u0131nda bulduklar\u0131 \u00f6zel bir e\u015fyadan yola \u00e7\u0131karak anlat\u0131yor. B\u00fcy\u00fck \u0130nsanlar\u0131n Hik\u00e2yeleri dizisinde, b\u00fcy\u00fck insanlar\u0131n ya\u015fam hik\u00e2yelerini heyecanla okurken, onlar\u0131n ya\u015famlar\u0131 ve ya\u015fad\u0131klar\u0131 d\u00f6nemler hakk\u0131nda \u00e7ok \u00f6nemli bilgiler edineceksiniz. Okumak ve \u00f6\u011frenmek hi\u00e7 bu kadar keyifli olmad\u0131.<\/p>\n","protected":false},"excerpt":{"rendered":"<p>Ger\u00e7ekten de eski bir \u015feye benziyor, dedi Hester, teleskobu eline al\u0131p incelemeye ba\u015flayarak.\u00c7\u00fcnk\u00fc onu 500 y\u0131l \u00f6nce, b\u00fcy\u00fck bilim adam\u0131 ve astronom Galileo yapm\u0131\u015f, dedi Bay<span class=\"excerpt-hellip\"> [\u2026]<\/span><\/p>\n","protected":false},"featured_media":0,"template":"","meta":{"_monsterinsights_skip_tracking":false,"_monsterinsights_sitenote_active":false,"_monsterinsights_sitenote_note":"","_monsterinsights_sitenote_category":0},"product_brand":[],"product_cat":[12274,12284],"product_tag":[],"class_list":{"0":"post-703042","1":"product","2":"type-product","3":"status-publish","5":"product_cat-cocuk-ve-genclik-kitaplari","6":"product_cat-hikayeler","7":"pa_cilt-ciltsiz","8":"pa_tur-kitap","9":"pa_yayinevi-1001-cicek-kitaplar","10":"pa_yazar-gerry-bailey","12":"first","13":"instock","14":"sale","15":"shipping-taxable","16":"purchasable","17":"product-type-simple"},"_links":{"self":[{"href":"https:\/\/roveyayinevi.com.tr\/index.php\/wp-json\/wp\/v2\/product\/703042","targetHints":{"allow":["GET"]}}],"collection":[{"href":"https:\/\/roveyayinevi.com.tr\/index.php\/wp-json\/wp\/v2\/product"}],"about":[{"href":"https:\/\/roveyayinevi.com.tr\/index.php\/wp-json\/wp\/v2\/types\/product"}],"wp:attachment":[{"href":"https:\/\/roveyayinevi.com.tr\/index.php\/wp-json\/wp\/v2\/media?parent=703042"}],"wp:term":[{"taxonomy":"product_brand","embeddable":true,"href":"https:\/\/roveyayinevi.com.tr\/index.php\/wp-json\/wp\/v2\/product_brand?post=703042"},{"taxonomy":"product_cat","embeddable":true,"href":"https:\/\/roveyayinevi.com.tr\/index.php\/wp-json\/wp\/v2\/product_cat?post=703042"},{"taxonomy":"product_tag","embeddable":true,"href":"https:\/\/roveyayinevi.com.tr\/index.php\/wp-json\/wp\/v2\/product_tag?post=703042"}],"curies":[{"name":"wp","href":"https:\/\/api.w.org\/{rel}","templated":true}]}}