{"id":703038,"date":"2025-08-27T15:21:56","date_gmt":"2025-08-27T12:21:56","guid":{"rendered":"https:\/\/roveyayinevi.com.tr\/index.php\/urun\/vatan-sagolsun\/"},"modified":"2026-04-16T02:12:28","modified_gmt":"2026-04-15T23:12:28","slug":"vatan-sagolsun","status":"publish","type":"product","link":"https:\/\/roveyayinevi.com.tr\/index.php\/urun\/vatan-sagolsun\/","title":{"rendered":"Vatan Sa\u011folsun"},"content":{"rendered":"<p>\u00c7ocuklu\u011fumdan beri, insanlar\u0131 a\u011flatacak yaz\u0131lar yazmak isterdim. Bu istekle yazd\u0131\u011f\u0131m bir hik\u00e2yeyi, bir dergiye g\u00f6t\u00fcrm\u00fc\u015ft\u00fcm. Hik\u00e2yemi okuyan derginin ba\u015fdedakt\u00f6r\u00fc, \u00e7ok anlay\u0131\u015fs\u0131z bir adam oldu\u011fu i\u00e7in, hik\u00e2yemi okurken h\u00fcng\u00fcr h\u00fcng\u00fcr a\u011flamas\u0131 gerekti\u011fi halde kahkahalarla g\u00fcld\u00fc, sonra kahkahadan ya\u015faran g\u00f6zlerini silerek, Aferin. \u00c7ok g\u00fczel. Bunun gibi daha ba\u015fka hik\u00e2yeler de yaz getir bize.. dedi. Yazarl\u0131ktaki bu ilk d\u00fc\u015f k\u0131r\u0131kl\u0131\u011f\u0131m h\u00e2l\u00e2 s\u00fcrmektedir. A\u011flas\u0131n diye yazd\u0131klar\u0131m\u0131n \u00e7o\u011funa, okurlar\u0131m g\u00fcl\u00fcyor. \ufffcTan\u0131t\u0131m Metni<\/p>\n","protected":false},"excerpt":{"rendered":"<p>\u00c7ocuklu\u011fumdan beri, insanlar\u0131 a\u011flatacak yaz\u0131lar yazmak isterdim. Bu istekle yazd\u0131\u011f\u0131m bir hik\u00e2yeyi, bir dergiye g\u00f6t\u00fcrm\u00fc\u015ft\u00fcm. Hik\u00e2yemi okuyan derginin ba\u015fdedakt\u00f6r\u00fc, \u00e7ok anlay\u0131\u015fs\u0131z bir adam oldu\u011fu i\u00e7in, hik\u00e2yemi<span class=\"excerpt-hellip\"> [\u2026]<\/span><\/p>\n","protected":false},"featured_media":0,"template":"","meta":{"_monsterinsights_skip_tracking":false,"_monsterinsights_sitenote_active":false,"_monsterinsights_sitenote_note":"","_monsterinsights_sitenote_category":0},"product_brand":[],"product_cat":[12477,12364],"product_tag":[],"class_list":{"0":"post-703038","1":"product","2":"type-product","3":"status-publish","5":"product_cat-eglence-mizah","6":"product_cat-genel-konular","7":"pa_tur-kitap","8":"pa_yayinevi-nesin-yayinlari","9":"pa_yazar-aziz-nesin","11":"first","12":"instock","13":"sale","14":"shipping-taxable","15":"purchasable","16":"product-type-simple"},"_links":{"self":[{"href":"https:\/\/roveyayinevi.com.tr\/index.php\/wp-json\/wp\/v2\/product\/703038","targetHints":{"allow":["GET"]}}],"collection":[{"href":"https:\/\/roveyayinevi.com.tr\/index.php\/wp-json\/wp\/v2\/product"}],"about":[{"href":"https:\/\/roveyayinevi.com.tr\/index.php\/wp-json\/wp\/v2\/types\/product"}],"wp:attachment":[{"href":"https:\/\/roveyayinevi.com.tr\/index.php\/wp-json\/wp\/v2\/media?parent=703038"}],"wp:term":[{"taxonomy":"product_brand","embeddable":true,"href":"https:\/\/roveyayinevi.com.tr\/index.php\/wp-json\/wp\/v2\/product_brand?post=703038"},{"taxonomy":"product_cat","embeddable":true,"href":"https:\/\/roveyayinevi.com.tr\/index.php\/wp-json\/wp\/v2\/product_cat?post=703038"},{"taxonomy":"product_tag","embeddable":true,"href":"https:\/\/roveyayinevi.com.tr\/index.php\/wp-json\/wp\/v2\/product_tag?post=703038"}],"curies":[{"name":"wp","href":"https:\/\/api.w.org\/{rel}","templated":true}]}}