{"id":703033,"date":"2025-08-27T15:21:06","date_gmt":"2025-08-27T12:21:06","guid":{"rendered":"https:\/\/roveyayinevi.com.tr\/index.php\/urun\/miyav-yarin-yeni-bir-hayata-basliyorum\/"},"modified":"2026-04-16T02:12:28","modified_gmt":"2026-04-15T23:12:28","slug":"miyav-yarin-yeni-bir-hayata-basliyorum","status":"publish","type":"product","link":"https:\/\/roveyayinevi.com.tr\/index.php\/urun\/miyav-yarin-yeni-bir-hayata-basliyorum\/","title":{"rendered":"Miyav! Yar\u0131n Yeni Bir Hayata Ba\u015fl\u0131yorum"},"content":{"rendered":"<p>Asl\u0131nda \u015fap\u015fall\u0131k a\u015fk\u0131n ta kendisidir!Julie de herkes gibi hayat\u0131 boyunca bir\u00e7ok sa\u00e7mal\u0131k yapm\u0131\u015ft\u0131r. Yine de hi\u00e7biri yeni ta\u015f\u0131nan kom\u015fusunun komik ad\u0131n\u0131 g\u00f6r\u00fcp ona kafay\u0131 tak\u0131nca yapt\u0131klar\u0131 kadar olamaz. Onu g\u00f6rebilmek i\u00e7in adeta bir r\u00f6ntgenci gibi geceler boyu kap\u0131 deli\u011finden yolunu g\u00f6zler. R\u00fcyalar\u0131n\u0131n erke\u011fi oldu\u011funu d\u00fc\u015f\u00fcnd\u00fc\u011f\u00fc bu adam\u0131n kim oldu\u011funu bulmak i\u00e7in mektuplar\u0131n\u0131 \u00e7almaya kadar g\u00f6t\u00fcr\u00fcr i\u015fi. Ne yaz\u0131k ki ilk kar\u015f\u0131la\u015fmalar\u0131 da eli, kom\u015fusunun posta kutusuna s\u0131k\u0131\u015ft\u0131\u011f\u0131nda ger\u00e7ekle\u015fir. Ve bu, Julie\u2019nin yapaca\u011f\u0131 b\u00fcy\u00fck k\u00fc\u00e7\u00fck bir\u00e7ok \u015fap\u015fall\u0131\u011f\u0131n yaln\u0131zca ba\u015flang\u0131c\u0131d\u0131r. Bir de adam\u0131n gizledi\u011fi bir \u015feyler oldu\u011funu ke\u015ffedince i\u015fler iyice \u00e7\u0131\u011f\u0131r\u0131ndan \u00e7\u0131kar\u2026Kar\u015f\u0131n\u0131zda, a\u015fk\u0131n temelinde g\u00fcven ve \u015fefkatin yatt\u0131\u011f\u0131na inanan, hassas, sakar ve akl\u0131 bir kar\u0131\u015f havada bir kad\u0131n kahraman. \u0130\u00e7inden kedilerin ve koca bir mahalle dolusu insan\u0131n ge\u00e7ti\u011fi bu romantik komedide bir kad\u0131n\u0131n sevdi\u011fi adam i\u00e7in ne kadar \u00e7\u0131lg\u0131nca i\u015flere soyunabilece\u011fini, dostlar\u0131n\u0131z\u0131n sizin i\u00e7in her riski g\u00f6ze alabilece\u011fini ve a\u015fk\u0131n sadece kedilere \u00f6zg\u00fc olmad\u0131\u011f\u0131n\u0131 ke\u015ffedeceksiniz.  \u201cHerkesin bay\u0131larak okuyaca\u011f\u0131 bir a\u015fk hik\u00e2yesi.\u201d- BIBA \u201cKahkahadan karn\u0131n\u0131za kramplar girecek.\u201d &#8211; Le Grand Cercle  \u201cAm\u00e9lie filmi kadar sevimli ve b\u00fcy\u00fcleyici!\u201d- Aujourd\u2019hui en France \ufffc<\/p>\n","protected":false},"excerpt":{"rendered":"<p>Asl\u0131nda \u015fap\u015fall\u0131k a\u015fk\u0131n ta kendisidir!Julie de herkes gibi hayat\u0131 boyunca bir\u00e7ok sa\u00e7mal\u0131k yapm\u0131\u015ft\u0131r. Yine de hi\u00e7biri yeni ta\u015f\u0131nan kom\u015fusunun komik ad\u0131n\u0131 g\u00f6r\u00fcp ona kafay\u0131 tak\u0131nca yapt\u0131klar\u0131<span class=\"excerpt-hellip\"> [\u2026]<\/span><\/p>\n","protected":false},"featured_media":0,"template":"","meta":{"_monsterinsights_skip_tracking":false,"_monsterinsights_sitenote_active":false,"_monsterinsights_sitenote_note":"","_monsterinsights_sitenote_category":0},"product_brand":[],"product_cat":[12291,12711],"product_tag":[],"class_list":{"0":"post-703033","1":"product","2":"type-product","3":"status-publish","5":"product_cat-edebiyat","6":"product_cat-roman-oyku","7":"pa_cilt-ciltsiz","8":"pa_tur-kitap","9":"pa_yayinevi-pegasus-yayinlari","10":"pa_yazar-gilles-legardinier","12":"first","13":"instock","14":"sale","15":"shipping-taxable","16":"purchasable","17":"product-type-simple"},"_links":{"self":[{"href":"https:\/\/roveyayinevi.com.tr\/index.php\/wp-json\/wp\/v2\/product\/703033","targetHints":{"allow":["GET"]}}],"collection":[{"href":"https:\/\/roveyayinevi.com.tr\/index.php\/wp-json\/wp\/v2\/product"}],"about":[{"href":"https:\/\/roveyayinevi.com.tr\/index.php\/wp-json\/wp\/v2\/types\/product"}],"wp:attachment":[{"href":"https:\/\/roveyayinevi.com.tr\/index.php\/wp-json\/wp\/v2\/media?parent=703033"}],"wp:term":[{"taxonomy":"product_brand","embeddable":true,"href":"https:\/\/roveyayinevi.com.tr\/index.php\/wp-json\/wp\/v2\/product_brand?post=703033"},{"taxonomy":"product_cat","embeddable":true,"href":"https:\/\/roveyayinevi.com.tr\/index.php\/wp-json\/wp\/v2\/product_cat?post=703033"},{"taxonomy":"product_tag","embeddable":true,"href":"https:\/\/roveyayinevi.com.tr\/index.php\/wp-json\/wp\/v2\/product_tag?post=703033"}],"curies":[{"name":"wp","href":"https:\/\/api.w.org\/{rel}","templated":true}]}}