{"id":703030,"date":"2025-08-27T15:21:05","date_gmt":"2025-08-27T12:21:05","guid":{"rendered":"https:\/\/roveyayinevi.com.tr\/index.php\/urun\/burada-gomuludur-1-cilt\/"},"modified":"2026-04-16T02:12:28","modified_gmt":"2026-04-15T23:12:28","slug":"burada-gomuludur-1-cilt","status":"publish","type":"product","link":"https:\/\/roveyayinevi.com.tr\/index.php\/urun\/burada-gomuludur-1-cilt\/","title":{"rendered":"Burada G\u00f6m\u00fcl\u00fcd\u00fcr 1. Cilt"},"content":{"rendered":"<p>Kal\u0131tKal\u0131rsa bir soru kal\u0131r benden Yan\u0131t\u0131 var m\u0131d\u0131r bilmem? Yazar elim upuzun bir \u015fiir S\u00f6yler dilim i\u00e7li bir t\u00fcrk\u00fc Kal\u0131rsa bir soru kal\u0131r benden G\u00f6kte y\u0131ld\u0131zd\u0131r o, toprakta g\u00f6m\u00fc.   Kal\u0131rsa bir soru kal\u0131r benden Bir de \u00fc\u00e7 be\u015f \u015fiir, iyi k\u00f6t\u00fc&#8230; <\/p>\n","protected":false},"excerpt":{"rendered":"<p>Kal\u0131tKal\u0131rsa bir soru kal\u0131r benden Yan\u0131t\u0131 var m\u0131d\u0131r bilmem? Yazar elim upuzun bir \u015fiir S\u00f6yler dilim i\u00e7li bir t\u00fcrk\u00fc Kal\u0131rsa bir soru kal\u0131r benden G\u00f6kte y\u0131ld\u0131zd\u0131r<span class=\"excerpt-hellip\"> [\u2026]<\/span><\/p>\n","protected":false},"featured_media":0,"template":"","meta":{"_monsterinsights_skip_tracking":false,"_monsterinsights_sitenote_active":false,"_monsterinsights_sitenote_note":"","_monsterinsights_sitenote_category":0},"product_brand":[],"product_cat":[12291,12292],"product_tag":[],"class_list":{"0":"post-703030","1":"product","2":"type-product","3":"status-publish","5":"product_cat-edebiyat","6":"product_cat-turk-edebiyati","7":"pa_cilt-ciltsiz","8":"pa_tur-kitap","9":"pa_yayinevi-kirmizi-kedi-yayinevi","10":"pa_yazar-ahmet-erhan","12":"first","13":"instock","14":"sale","15":"shipping-taxable","16":"purchasable","17":"product-type-simple"},"_links":{"self":[{"href":"https:\/\/roveyayinevi.com.tr\/index.php\/wp-json\/wp\/v2\/product\/703030","targetHints":{"allow":["GET"]}}],"collection":[{"href":"https:\/\/roveyayinevi.com.tr\/index.php\/wp-json\/wp\/v2\/product"}],"about":[{"href":"https:\/\/roveyayinevi.com.tr\/index.php\/wp-json\/wp\/v2\/types\/product"}],"wp:attachment":[{"href":"https:\/\/roveyayinevi.com.tr\/index.php\/wp-json\/wp\/v2\/media?parent=703030"}],"wp:term":[{"taxonomy":"product_brand","embeddable":true,"href":"https:\/\/roveyayinevi.com.tr\/index.php\/wp-json\/wp\/v2\/product_brand?post=703030"},{"taxonomy":"product_cat","embeddable":true,"href":"https:\/\/roveyayinevi.com.tr\/index.php\/wp-json\/wp\/v2\/product_cat?post=703030"},{"taxonomy":"product_tag","embeddable":true,"href":"https:\/\/roveyayinevi.com.tr\/index.php\/wp-json\/wp\/v2\/product_tag?post=703030"}],"curies":[{"name":"wp","href":"https:\/\/api.w.org\/{rel}","templated":true}]}}