{"id":703026,"date":"2025-08-27T15:21:03","date_gmt":"2025-08-27T12:21:03","guid":{"rendered":"https:\/\/roveyayinevi.com.tr\/index.php\/urun\/doyma-noktasi\/"},"modified":"2026-02-03T02:21:07","modified_gmt":"2026-02-02T23:21:07","slug":"doyma-noktasi","status":"publish","type":"product","link":"https:\/\/roveyayinevi.com.tr\/index.php\/urun\/doyma-noktasi\/","title":{"rendered":"Doyma Noktas\u0131"},"content":{"rendered":"<p>Uzatt\u0131 elini, o koca meyveyi tuttu b\u0131rakt\u0131, parmak u\u00e7lar\u0131 tekrar hissetmeye ba\u015flad\u0131. Tatl\u0131 bir koku yay\u0131ld\u0131 havaya, \u015fekerli, ate\u015f rengi bir \u015feftali kokusu. Onu avu\u00e7lar\u0131na al\u0131p tartt\u0131. Utanmam\u0131\u015ft\u0131 \u015feftali, \u00f6pt\u00fc kad\u0131n\u0131n ortaparma\u011f\u0131n\u0131n ikinci eklemini. Bir g\u0131d\u0131klanma geldi kad\u0131na, bir istek, bir cesaret\u2026 ars\u0131zca \u0131s\u0131rd\u0131 \u015feftaliyi sol yana\u011f\u0131ndan. S\u00f6yle\u015fmeler, f\u0131s\u0131lt\u0131lar d\u00f6k\u00fcl\u00fcverdi ard\u0131 ard\u0131na. Her ikisi de gevezele\u015fti birden. Biri kopar\u0131yor, ne kadar ald\u0131n diye bak\u0131yordu \u00f6teki. Biraz duralad\u0131 kad\u0131n, ilk \u0131s\u0131r\u0131\u011f\u0131n karn\u0131nda a\u00e7t\u0131\u011f\u0131 serin yolu duyumsad\u0131, \u015feftalinin etini burnuna yaslayarak bir s\u00fcre koklad\u0131. Burnu kanatlan\u0131p tekrar kondu yerine.\u201d \ufffcTan\u0131t\u0131m Metni<\/p>\n","protected":false},"excerpt":{"rendered":"<p>Uzatt\u0131 elini, o koca meyveyi tuttu b\u0131rakt\u0131, parmak u\u00e7lar\u0131 tekrar hissetmeye ba\u015flad\u0131. Tatl\u0131 bir koku yay\u0131ld\u0131 havaya, \u015fekerli, ate\u015f rengi bir \u015feftali kokusu. Onu avu\u00e7lar\u0131na al\u0131p<span class=\"excerpt-hellip\"> [\u2026]<\/span><\/p>\n","protected":false},"featured_media":0,"template":"","meta":{"_monsterinsights_skip_tracking":false,"_monsterinsights_sitenote_active":false,"_monsterinsights_sitenote_note":"","_monsterinsights_sitenote_category":0},"product_brand":[],"product_cat":[12291,12292],"product_tag":[],"class_list":{"0":"post-703026","1":"product","2":"type-product","3":"status-publish","5":"product_cat-edebiyat","6":"product_cat-turk-edebiyati","7":"pa_cilt-ciltsiz","8":"pa_tur-kitap","9":"pa_yayinevi-metis-yayinlari","10":"pa_yazar-sema-kaygusuz","12":"first","13":"instock","14":"sale","15":"shipping-taxable","16":"purchasable","17":"product-type-simple"},"_links":{"self":[{"href":"https:\/\/roveyayinevi.com.tr\/index.php\/wp-json\/wp\/v2\/product\/703026","targetHints":{"allow":["GET"]}}],"collection":[{"href":"https:\/\/roveyayinevi.com.tr\/index.php\/wp-json\/wp\/v2\/product"}],"about":[{"href":"https:\/\/roveyayinevi.com.tr\/index.php\/wp-json\/wp\/v2\/types\/product"}],"wp:attachment":[{"href":"https:\/\/roveyayinevi.com.tr\/index.php\/wp-json\/wp\/v2\/media?parent=703026"}],"wp:term":[{"taxonomy":"product_brand","embeddable":true,"href":"https:\/\/roveyayinevi.com.tr\/index.php\/wp-json\/wp\/v2\/product_brand?post=703026"},{"taxonomy":"product_cat","embeddable":true,"href":"https:\/\/roveyayinevi.com.tr\/index.php\/wp-json\/wp\/v2\/product_cat?post=703026"},{"taxonomy":"product_tag","embeddable":true,"href":"https:\/\/roveyayinevi.com.tr\/index.php\/wp-json\/wp\/v2\/product_tag?post=703026"}],"curies":[{"name":"wp","href":"https:\/\/api.w.org\/{rel}","templated":true}]}}