{"id":703016,"date":"2025-08-27T15:21:00","date_gmt":"2025-08-27T12:21:00","guid":{"rendered":"https:\/\/roveyayinevi.com.tr\/index.php\/urun\/allah-de-otesini-birak-2-niyet\/"},"modified":"2026-04-16T02:12:28","modified_gmt":"2026-04-15T23:12:28","slug":"allah-de-otesini-birak-2-niyet","status":"publish","type":"product","link":"https:\/\/roveyayinevi.com.tr\/index.php\/urun\/allah-de-otesini-birak-2-niyet\/","title":{"rendered":"Allah De \u00d6tesini B\u0131rak &#8211; 2 : Niyet"},"content":{"rendered":"<p>Allah niyetine g\u00f6re verir.Allah b\u00fct\u00fcn hazinelerinin anahtar\u0131n\u0131 eline verdi. Diledi\u011fin zaman kap\u0131lar\u0131n\u0131 dua anahtar\u0131 ile a\u00e7ars\u0131n. Diledi\u011fin zaman seman\u0131n kap\u0131lar\u0131n\u0131 a\u00e7ar, \u00f6l\u00fc topra\u011fa hayat veren ya\u011fmurlar\u0131 indirirsin. Fakat istedi\u011fin \u015feyin hemen yerine gelmemesinden endi\u015fe edip umutsuzlu\u011fa d\u00fc\u015fme. Allah sorundan \u00f6nce \u00e7\u00f6z\u00fcm\u00fc haz\u0131rlar.Bazen hayat hayallerini al\u0131r elinden\u2026 Demek ki Allah sesini duymak istedi. Kalbini ve elini a\u00e7ars\u0131n hemen ve s\u0131\u011f\u0131n\u0131rs\u0131n seni yoktan var eden H\u00e2lik\u2019e. \u0130\u015fte bu bulu\u015fma ne g\u00fczel bir bulu\u015fmad\u0131r\u2026 Kalbin ger\u00e7ek a\u015fk\u0131na kavu\u015ftu\u011fu and\u0131r.O\u2019nun vermesi senin niyetine g\u00f6redir.Biten bir \u015fey i\u00e7in \u00fcz\u00fclme, kader sana daha iyisini haz\u0131rlam\u0131\u015ft\u0131r; sadece zihnin ge\u00e7mi\u015fe tak\u0131l\u0131 b\u0131rakmak ister seni. Art\u0131k her \u015feyin fark\u0131ndas\u0131n. \u015e\u00fckret ve yoluna a\u015fk ile devam et\u2026<\/p>\n","protected":false},"excerpt":{"rendered":"<p>Allah niyetine g\u00f6re verir.Allah b\u00fct\u00fcn hazinelerinin anahtar\u0131n\u0131 eline verdi. Diledi\u011fin zaman kap\u0131lar\u0131n\u0131 dua anahtar\u0131 ile a\u00e7ars\u0131n. Diledi\u011fin zaman seman\u0131n kap\u0131lar\u0131n\u0131 a\u00e7ar, \u00f6l\u00fc topra\u011fa hayat veren ya\u011fmurlar\u0131<span class=\"excerpt-hellip\"> [\u2026]<\/span><\/p>\n","protected":false},"featured_media":0,"template":"","meta":{"_monsterinsights_skip_tracking":false,"_monsterinsights_sitenote_active":false,"_monsterinsights_sitenote_note":"","_monsterinsights_sitenote_category":0},"product_brand":[],"product_cat":[12718,12719,12720],"product_tag":[],"class_list":{"0":"post-703016","1":"product","2":"type-product","3":"status-publish","5":"product_cat-din","6":"product_cat-islam","7":"product_cat-tasavvuf-mezhepler-tarikatlar","8":"pa_cilt-ciltsiz","9":"pa_tur-kitap","10":"pa_yayinevi-destek-yayinlari","11":"pa_yazar-ugur-kosar","13":"first","14":"instock","15":"sale","16":"shipping-taxable","17":"purchasable","18":"product-type-simple"},"_links":{"self":[{"href":"https:\/\/roveyayinevi.com.tr\/index.php\/wp-json\/wp\/v2\/product\/703016","targetHints":{"allow":["GET"]}}],"collection":[{"href":"https:\/\/roveyayinevi.com.tr\/index.php\/wp-json\/wp\/v2\/product"}],"about":[{"href":"https:\/\/roveyayinevi.com.tr\/index.php\/wp-json\/wp\/v2\/types\/product"}],"wp:attachment":[{"href":"https:\/\/roveyayinevi.com.tr\/index.php\/wp-json\/wp\/v2\/media?parent=703016"}],"wp:term":[{"taxonomy":"product_brand","embeddable":true,"href":"https:\/\/roveyayinevi.com.tr\/index.php\/wp-json\/wp\/v2\/product_brand?post=703016"},{"taxonomy":"product_cat","embeddable":true,"href":"https:\/\/roveyayinevi.com.tr\/index.php\/wp-json\/wp\/v2\/product_cat?post=703016"},{"taxonomy":"product_tag","embeddable":true,"href":"https:\/\/roveyayinevi.com.tr\/index.php\/wp-json\/wp\/v2\/product_tag?post=703016"}],"curies":[{"name":"wp","href":"https:\/\/api.w.org\/{rel}","templated":true}]}}