{"id":703011,"date":"2025-08-27T15:20:58","date_gmt":"2025-08-27T12:20:58","guid":{"rendered":"https:\/\/roveyayinevi.com.tr\/index.php\/urun\/kotu-cocuk-1\/"},"modified":"2026-04-16T02:12:27","modified_gmt":"2026-04-15T23:12:27","slug":"kotu-cocuk-1","status":"publish","type":"product","link":"https:\/\/roveyayinevi.com.tr\/index.php\/urun\/kotu-cocuk-1\/","title":{"rendered":"K\u00f6t\u00fc \u00c7ocuk 1"},"content":{"rendered":"<p>Siyah\u0131n i\u00e7indeki beyaz noktan\u0131n ba\u015flang\u0131\u00e7 hikayesi\u2026Kayla, on yedi ya\u015f\u0131na girdi\u011finde, ilk kez g\u00f6rd\u00fc\u011f\u00fc babas\u0131yla, yabanc\u0131 bir \u015fehre ta\u015f\u0131n\u0131r. Bu yeni \u015fehirde ya\u015fad\u0131\u011f\u0131 zorluklar kar\u015f\u0131s\u0131nda, hi\u00e7 beklemedi\u011fi bir \u00e7ocuk hep yan\u0131nda olur. Meri\u00e7, etraf\u0131na \u00f6rd\u00fc\u011f\u00fc sa\u011flam duvarlar aras\u0131nda ya\u015fayan, yaln\u0131zl\u0131\u011f\u0131 se\u00e7mi\u015f bir \u00e7ocuktur. Kayla ilk kez bir erke\u011fe g\u00fcvenir. Meri\u00e7&#8217;in s\u0131rlarla dolu hayat\u0131 onu d\u00fc\u015ft\u00fc\u011f\u00fc karanl\u0131\u011f\u0131n derinliklerinden yukar\u0131ya \u00e7ekerken, yanl\u0131\u015flar do\u011fru g\u00f6z\u00fck\u00fcr. Ta ki Kayla, isminin anlam\u0131na yak\u0131\u015f\u0131r bir \u015fekilde ya\u015famad\u0131\u011f\u0131n\u0131 fark edinceye dek\u2026G\u00fcvendeydim! G\u00fcvende oldu\u011fuma inanam\u0131yordum ama g\u00fcvendeydim i\u015fte. Bu kollar\u0131n aras\u0131nda kimsenin bana zarar veremeyece\u011fini biliyordum. Sigaran\u0131n g\u00f6mle\u011fine sinen yo\u011fun kokusunu al\u0131rken, h\u0131zla uzakla\u015fan ayak seslerini duydum. Sonunda sadece f\u0131rt\u0131nan\u0131n sesi duyulmaya ba\u015flad\u0131\u011f\u0131nda, belimdeki eller dirseklerimi tuttu. Beni kendinden uzakla\u015ft\u0131raca\u011f\u0131n\u0131 anlay\u0131p ona s\u0131k\u0131ca sar\u0131ld\u0131m ve tutmakta oldu\u011fum g\u00f6zya\u015flar\u0131m\u0131 serbest b\u0131rakt\u0131m. Hamlem i\u015fe yarad\u0131. Dirseklerimden vazge\u00e7ip, ellerini tekrar belime dolad\u0131. &#8220;Korkma art\u0131k. \u0130yisin,&#8221; diye f\u0131s\u0131ldad\u0131 bir s\u00fcre sonra. Beni rahatlamak ister gibiydi. Korkmuyordum. Ona neden g\u00fcvendi\u011fimi bilmiyordum ama onun yan\u0131nda korkmuyordum.<\/p>\n","protected":false},"excerpt":{"rendered":"<p>Siyah\u0131n i\u00e7indeki beyaz noktan\u0131n ba\u015flang\u0131\u00e7 hikayesi\u2026Kayla, on yedi ya\u015f\u0131na girdi\u011finde, ilk kez g\u00f6rd\u00fc\u011f\u00fc babas\u0131yla, yabanc\u0131 bir \u015fehre ta\u015f\u0131n\u0131r. Bu yeni \u015fehirde ya\u015fad\u0131\u011f\u0131 zorluklar kar\u015f\u0131s\u0131nda, hi\u00e7 beklemedi\u011fi<span class=\"excerpt-hellip\"> [\u2026]<\/span><\/p>\n","protected":false},"featured_media":0,"template":"","meta":{"_monsterinsights_skip_tracking":false,"_monsterinsights_sitenote_active":false,"_monsterinsights_sitenote_note":"","_monsterinsights_sitenote_category":0},"product_brand":[],"product_cat":[12291,12711],"product_tag":[],"class_list":{"0":"post-703011","1":"product","2":"type-product","3":"status-publish","5":"product_cat-edebiyat","6":"product_cat-roman-oyku","7":"pa_cilt-ciltli","8":"pa_tur-kitap","9":"pa_yayinevi-ephesus-yayinlari","10":"pa_yazar-busra-kucuk","12":"first","13":"instock","14":"sale","15":"shipping-taxable","16":"purchasable","17":"product-type-simple"},"_links":{"self":[{"href":"https:\/\/roveyayinevi.com.tr\/index.php\/wp-json\/wp\/v2\/product\/703011","targetHints":{"allow":["GET"]}}],"collection":[{"href":"https:\/\/roveyayinevi.com.tr\/index.php\/wp-json\/wp\/v2\/product"}],"about":[{"href":"https:\/\/roveyayinevi.com.tr\/index.php\/wp-json\/wp\/v2\/types\/product"}],"wp:attachment":[{"href":"https:\/\/roveyayinevi.com.tr\/index.php\/wp-json\/wp\/v2\/media?parent=703011"}],"wp:term":[{"taxonomy":"product_brand","embeddable":true,"href":"https:\/\/roveyayinevi.com.tr\/index.php\/wp-json\/wp\/v2\/product_brand?post=703011"},{"taxonomy":"product_cat","embeddable":true,"href":"https:\/\/roveyayinevi.com.tr\/index.php\/wp-json\/wp\/v2\/product_cat?post=703011"},{"taxonomy":"product_tag","embeddable":true,"href":"https:\/\/roveyayinevi.com.tr\/index.php\/wp-json\/wp\/v2\/product_tag?post=703011"}],"curies":[{"name":"wp","href":"https:\/\/api.w.org\/{rel}","templated":true}]}}