{"id":703010,"date":"2025-08-27T15:20:58","date_gmt":"2025-08-27T12:20:58","guid":{"rendered":"https:\/\/roveyayinevi.com.tr\/index.php\/urun\/satrancta-kazandiran-kombinezonlar\/"},"modified":"2026-02-03T02:21:07","modified_gmt":"2026-02-02T23:21:07","slug":"satrancta-kazandiran-kombinezonlar","status":"publish","type":"product","link":"https:\/\/roveyayinevi.com.tr\/index.php\/urun\/satrancta-kazandiran-kombinezonlar\/","title":{"rendered":"Satran\u00e7ta Kazand\u0131ran Kombinezonlar"},"content":{"rendered":"<p>Kombinezonlar satranc\u0131n temel unsurlar\u0131d\u0131r: Oyunu g\u00fczelle\u015ftirirler; Oyunu gizemli ve b\u00fcy\u00fcleyici k\u0131larlar. Veziri feda edip piyonla mat araman\u0131n g\u00fczelli\u011fi ve zevki her satran\u00e7severi ne\u015feyle g\u00fcl\u00fcmsetir. Ama kombinezonlar can al\u0131c\u0131 sorular\u0131 da beraberlerinde getirirler: Fedaya dayal\u0131 bir kombinezon g\u00fc\u00e7ler dengesini alt\u00fcst eder; peki ya bu feda beklenen sonucu vermezse? Ya bumerang etkisiyle d\u00f6n\u00fcp sizi vurursa? Satran\u00e7ta Kazand\u0131ran Kombinezonlar, bu zorluklar\u0131 nas\u0131l a\u015faca\u011f\u0131n\u0131z\u0131, bir kombinezonu ba\u015far\u0131l\u0131 k\u0131lacak avantajlar\u0131 nas\u0131l fark edebilece\u011fini g\u00f6steriyor. Ayr\u0131ca, pek \u00e7ok zengin kombinezon \u00f6rne\u011fi sunmakla kalm\u0131yor, \u015fekiller verilen bir dizi pozisyonun \u00e7\u00f6z\u00fcm\u00fcn\u00fc de sizden bekliyor. Eksiksiz bir satran\u00e7 kombinezonlar\u0131 rehberi. Nefes kesen feda hamleleri. \u00c7\u00f6z\u00fcml\u00fc kombinezon problemleri. Oyununu geli\u015ftirmek isteyen herkes i\u00e7in vazge\u00e7ilmez bir eser Yasser Seirawan\u2019\u0131n e\u011flenceli ve kolay izlenen y\u00f6ntemiyle satran\u00e7 kombinezonlar\u0131na farkl\u0131 bir g\u00f6zle bakacak, ma\u00e7lar\u0131n\u0131za estetik katacaks\u0131n\u0131z. Unutmay\u0131n! Bu y\u00f6ntemle, Beyaz da oynasan\u0131z, Siyah da oynasan\u0131z avantaj sizde! Yasser Seirawan, ABD&#8217;nin en y\u00fcksek puanl\u0131 satran\u00e7 oyucular\u0131ndand\u0131r. Boby Fischer&#8217;den sonra d\u00fcnya \u015fampiyonlu\u011funa aday olan ilk Amerikal\u0131 satran\u00e7\u00e7\u0131d\u0131r. 1989 y\u0131l\u0131nda Bat\u0131 Yar\u0131k\u00fcre \u015eampiyonu olmu\u015f, d\u00f6rt kez ABD \u015fampiyonlu\u011funu kazanm\u0131\u015f, on kez de ABD Satran\u00e7 Olimpiyat\u0131 tak\u0131m\u0131na se\u00e7ilmi\u015ftir. d\u00fcnya \u015fampiyonu Anatoli Karpov ile Gari Kasparov&#8217;u yenebilmi\u015f az say\u0131da oyucudan biri olarak satran\u00e7 d\u00fcnyas\u0131nda se\u00e7kin bir yere sahiptir. \ufffcTan\u0131t\u0131m Metni<\/p>\n","protected":false},"excerpt":{"rendered":"<p>Kombinezonlar satranc\u0131n temel unsurlar\u0131d\u0131r: Oyunu g\u00fczelle\u015ftirirler; Oyunu gizemli ve b\u00fcy\u00fcleyici k\u0131larlar. Veziri feda edip piyonla mat araman\u0131n g\u00fczelli\u011fi ve zevki her satran\u00e7severi ne\u015feyle g\u00fcl\u00fcmsetir. Ama kombinezonlar<span class=\"excerpt-hellip\"> [\u2026]<\/span><\/p>\n","protected":false},"featured_media":0,"template":"","meta":{"_monsterinsights_skip_tracking":false,"_monsterinsights_sitenote_active":false,"_monsterinsights_sitenote_note":"","_monsterinsights_sitenote_category":0},"product_brand":[],"product_cat":[12312,12304],"product_tag":[],"class_list":{"0":"post-703010","1":"product","2":"type-product","3":"status-publish","5":"product_cat-diger","6":"product_cat-tarih","7":"pa_cilt-ciltsiz","8":"pa_tur-kitap","9":"pa_yayinevi-is-bankasi-kultur-yayinlari","10":"pa_yazar-yasser-seirawan","12":"first","13":"instock","14":"sale","15":"shipping-taxable","16":"purchasable","17":"product-type-simple"},"_links":{"self":[{"href":"https:\/\/roveyayinevi.com.tr\/index.php\/wp-json\/wp\/v2\/product\/703010","targetHints":{"allow":["GET"]}}],"collection":[{"href":"https:\/\/roveyayinevi.com.tr\/index.php\/wp-json\/wp\/v2\/product"}],"about":[{"href":"https:\/\/roveyayinevi.com.tr\/index.php\/wp-json\/wp\/v2\/types\/product"}],"wp:attachment":[{"href":"https:\/\/roveyayinevi.com.tr\/index.php\/wp-json\/wp\/v2\/media?parent=703010"}],"wp:term":[{"taxonomy":"product_brand","embeddable":true,"href":"https:\/\/roveyayinevi.com.tr\/index.php\/wp-json\/wp\/v2\/product_brand?post=703010"},{"taxonomy":"product_cat","embeddable":true,"href":"https:\/\/roveyayinevi.com.tr\/index.php\/wp-json\/wp\/v2\/product_cat?post=703010"},{"taxonomy":"product_tag","embeddable":true,"href":"https:\/\/roveyayinevi.com.tr\/index.php\/wp-json\/wp\/v2\/product_tag?post=703010"}],"curies":[{"name":"wp","href":"https:\/\/api.w.org\/{rel}","templated":true}]}}