{"id":703009,"date":"2025-08-27T15:20:57","date_gmt":"2025-08-27T12:20:57","guid":{"rendered":"https:\/\/roveyayinevi.com.tr\/index.php\/urun\/weber-habermas-ve-avrupa-devletinin-donusumu\/"},"modified":"2026-04-16T02:12:27","modified_gmt":"2026-04-15T23:12:27","slug":"weber-habermas-ve-avrupa-devletinin-donusumu","status":"publish","type":"product","link":"https:\/\/roveyayinevi.com.tr\/index.php\/urun\/weber-habermas-ve-avrupa-devletinin-donusumu\/","title":{"rendered":"Weber, Habermas ve Avrupa Devletinin D\u00f6n\u00fc\u015f\u00fcm\u00fc"},"content":{"rendered":"<p>Bu \u00e7al\u0131\u015fma k\u00fcreselle\u015fme \u00e7a\u011f\u0131nda devletin kaderinin ne olaca\u011f\u0131yla ilgili, Avrupa Birli\u011fini odak noktas\u0131na koyan bir sorgulamaya giri\u015firken, iki b\u00fcy\u00fck devlet kuramc\u0131s\u0131 Weber ve Habermas\u2019\u0131n konuyla ilgili d\u00fc\u015f\u00fcncelerini kar\u015f\u0131la\u015ft\u0131r\u0131yor. McCormick Habermas\u2019\u0131n Weber\u2019e getirmi\u015f oldu\u011fu ele\u015ftiriyi tamamlamaya \u00e7al\u0131\u015f\u0131rken bir yandan da, hukuki temelleri konusunda hararetli tart\u0131\u015fmalar cereyan eden Avrupa uluslar\u00fcst\u00fc kurumlar\u0131 ba\u011flam\u0131nda demokratik de\u011ferlerin ve hukukun egemenli\u011finin h\u00e2l\u00e2 bir ge\u00e7erlili\u011fi olup olmayaca\u011f\u0131n\u0131 sorguluyor. <\/p>\n","protected":false},"excerpt":{"rendered":"<p>Bu \u00e7al\u0131\u015fma k\u00fcreselle\u015fme \u00e7a\u011f\u0131nda devletin kaderinin ne olaca\u011f\u0131yla ilgili, Avrupa Birli\u011fini odak noktas\u0131na koyan bir sorgulamaya giri\u015firken, iki b\u00fcy\u00fck devlet kuramc\u0131s\u0131 Weber ve Habermas\u2019\u0131n konuyla ilgili<span class=\"excerpt-hellip\"> [\u2026]<\/span><\/p>\n","protected":false},"featured_media":0,"template":"","meta":{"_monsterinsights_skip_tracking":false,"_monsterinsights_sitenote_active":false,"_monsterinsights_sitenote_note":"","_monsterinsights_sitenote_category":0},"product_brand":[],"product_cat":[13590,12337],"product_tag":[],"class_list":{"0":"post-703009","1":"product","2":"type-product","3":"status-publish","5":"product_cat-arastirma-inceleme-politika-siyaset","6":"product_cat-politika-siyaset","7":"pa_cilt-ciltsiz","8":"pa_tur-kitap","9":"pa_yayinevi-is-bankasi-kultur-yayinlari","10":"pa_yazar-john-mccormick","12":"first","13":"instock","14":"sale","15":"shipping-taxable","16":"purchasable","17":"product-type-simple"},"_links":{"self":[{"href":"https:\/\/roveyayinevi.com.tr\/index.php\/wp-json\/wp\/v2\/product\/703009","targetHints":{"allow":["GET"]}}],"collection":[{"href":"https:\/\/roveyayinevi.com.tr\/index.php\/wp-json\/wp\/v2\/product"}],"about":[{"href":"https:\/\/roveyayinevi.com.tr\/index.php\/wp-json\/wp\/v2\/types\/product"}],"wp:attachment":[{"href":"https:\/\/roveyayinevi.com.tr\/index.php\/wp-json\/wp\/v2\/media?parent=703009"}],"wp:term":[{"taxonomy":"product_brand","embeddable":true,"href":"https:\/\/roveyayinevi.com.tr\/index.php\/wp-json\/wp\/v2\/product_brand?post=703009"},{"taxonomy":"product_cat","embeddable":true,"href":"https:\/\/roveyayinevi.com.tr\/index.php\/wp-json\/wp\/v2\/product_cat?post=703009"},{"taxonomy":"product_tag","embeddable":true,"href":"https:\/\/roveyayinevi.com.tr\/index.php\/wp-json\/wp\/v2\/product_tag?post=703009"}],"curies":[{"name":"wp","href":"https:\/\/api.w.org\/{rel}","templated":true}]}}