{"id":703007,"date":"2025-08-27T15:20:56","date_gmt":"2025-08-27T12:20:56","guid":{"rendered":"https:\/\/roveyayinevi.com.tr\/index.php\/urun\/sessizin-payi\/"},"modified":"2026-03-11T02:21:30","modified_gmt":"2026-03-10T23:21:30","slug":"sessizin-payi","status":"publish","type":"product","link":"https:\/\/roveyayinevi.com.tr\/index.php\/urun\/sessizin-payi\/","title":{"rendered":"Sessizin Pay\u0131"},"content":{"rendered":"<p>Kavramlara edebiyat\u0131n i\u00e7inden bakan denemelerden olu\u015fuyor Sessizin Pay\u0131. Adalet i Dostoyevski&#8217;nin, vicdan \u0131 Tolstoy&#8217;un, merhamet i Orhan Kemal&#8217;in, utan\u00e7 \u0131 J. M. Coetzee&#8217;nin, son y\u0131llar\u0131n vazge\u00e7ilmez kutupla\u015fma s\u0131n\u0131 Peyami Safa&#8217;n\u0131n penceresinden okuyan denemeler. Edebiyat yap\u0131tlar\u0131yla d\u0131\u015far\u0131s\u0131 aras\u0131nda sert ge\u00e7i\u015flerle ilerleyen, kitap sayfalar\u0131yla \u015fehrin sokaklar\u0131, duru\u015fma salonlar\u0131, tarihin y\u0131k\u0131nt\u0131lar\u0131 aras\u0131nda gidip gelen yaz\u0131lar. <\/p>\n","protected":false},"excerpt":{"rendered":"<p>Kavramlara edebiyat\u0131n i\u00e7inden bakan denemelerden olu\u015fuyor Sessizin Pay\u0131. Adalet i Dostoyevski&#8217;nin, vicdan \u0131 Tolstoy&#8217;un, merhamet i Orhan Kemal&#8217;in, utan\u00e7 \u0131 J. M. Coetzee&#8217;nin, son y\u0131llar\u0131n vazge\u00e7ilmez<span class=\"excerpt-hellip\"> [\u2026]<\/span><\/p>\n","protected":false},"featured_media":0,"template":"","meta":{"_monsterinsights_skip_tracking":false,"_monsterinsights_sitenote_active":false,"_monsterinsights_sitenote_note":"","_monsterinsights_sitenote_category":0},"product_brand":[],"product_cat":[12777,12291],"product_tag":[],"class_list":{"0":"post-703007","1":"product","2":"type-product","3":"status-publish","5":"product_cat-deneme","6":"product_cat-edebiyat","7":"pa_cilt-ciltsiz","8":"pa_tur-kitap","9":"pa_yayinevi-metis-yayinlari","10":"pa_yazar-nurdan-gurbilek","12":"first","13":"instock","14":"sale","15":"shipping-taxable","16":"purchasable","17":"product-type-simple"},"_links":{"self":[{"href":"https:\/\/roveyayinevi.com.tr\/index.php\/wp-json\/wp\/v2\/product\/703007","targetHints":{"allow":["GET"]}}],"collection":[{"href":"https:\/\/roveyayinevi.com.tr\/index.php\/wp-json\/wp\/v2\/product"}],"about":[{"href":"https:\/\/roveyayinevi.com.tr\/index.php\/wp-json\/wp\/v2\/types\/product"}],"wp:attachment":[{"href":"https:\/\/roveyayinevi.com.tr\/index.php\/wp-json\/wp\/v2\/media?parent=703007"}],"wp:term":[{"taxonomy":"product_brand","embeddable":true,"href":"https:\/\/roveyayinevi.com.tr\/index.php\/wp-json\/wp\/v2\/product_brand?post=703007"},{"taxonomy":"product_cat","embeddable":true,"href":"https:\/\/roveyayinevi.com.tr\/index.php\/wp-json\/wp\/v2\/product_cat?post=703007"},{"taxonomy":"product_tag","embeddable":true,"href":"https:\/\/roveyayinevi.com.tr\/index.php\/wp-json\/wp\/v2\/product_tag?post=703007"}],"curies":[{"name":"wp","href":"https:\/\/api.w.org\/{rel}","templated":true}]}}