{"id":703006,"date":"2025-08-27T15:20:56","date_gmt":"2025-08-27T12:20:56","guid":{"rendered":"https:\/\/roveyayinevi.com.tr\/index.php\/urun\/sefiller-2-kitap-takim\/"},"modified":"2026-04-16T02:12:27","modified_gmt":"2026-04-15T23:12:27","slug":"sefiller-2-kitap-takim","status":"publish","type":"product","link":"https:\/\/roveyayinevi.com.tr\/index.php\/urun\/sefiller-2-kitap-takim\/","title":{"rendered":"Sefiller (2 Kitap Tak\u0131m)"},"content":{"rendered":"<p>Romantik ak\u0131m\u0131n ilk kuramc\u0131s\u0131 ve \u015fefi Victor Hugo\u2019nun Sefiller adl\u0131 bu roman\u0131 19. Y\u00fczy\u0131l\u0131n en \u00e7ok tan\u0131nm\u0131\u015f ve sevilmi\u015f klasik yap\u0131tlar\u0131n\u0131n ba\u015f\u0131nda gelir. <\/p>\n","protected":false},"excerpt":{"rendered":"<p>Romantik ak\u0131m\u0131n ilk kuramc\u0131s\u0131 ve \u015fefi Victor Hugo\u2019nun Sefiller adl\u0131 bu roman\u0131 19. Y\u00fczy\u0131l\u0131n en \u00e7ok tan\u0131nm\u0131\u015f ve sevilmi\u015f klasik yap\u0131tlar\u0131n\u0131n ba\u015f\u0131nda gelir.<\/p>\n","protected":false},"featured_media":0,"template":"","meta":{"_monsterinsights_skip_tracking":false,"_monsterinsights_sitenote_active":false,"_monsterinsights_sitenote_note":"","_monsterinsights_sitenote_category":0},"product_brand":[],"product_cat":[12291,13376],"product_tag":[],"class_list":{"0":"post-703006","1":"product","2":"type-product","3":"status-publish","5":"product_cat-edebiyat","6":"product_cat-fransiz-edebiyati","7":"pa_tur-kitap","8":"pa_yayinevi-oda-yayinlari","9":"pa_yazar-victor-hugo","11":"first","12":"instock","13":"sale","14":"shipping-taxable","15":"purchasable","16":"product-type-simple"},"_links":{"self":[{"href":"https:\/\/roveyayinevi.com.tr\/index.php\/wp-json\/wp\/v2\/product\/703006","targetHints":{"allow":["GET"]}}],"collection":[{"href":"https:\/\/roveyayinevi.com.tr\/index.php\/wp-json\/wp\/v2\/product"}],"about":[{"href":"https:\/\/roveyayinevi.com.tr\/index.php\/wp-json\/wp\/v2\/types\/product"}],"wp:attachment":[{"href":"https:\/\/roveyayinevi.com.tr\/index.php\/wp-json\/wp\/v2\/media?parent=703006"}],"wp:term":[{"taxonomy":"product_brand","embeddable":true,"href":"https:\/\/roveyayinevi.com.tr\/index.php\/wp-json\/wp\/v2\/product_brand?post=703006"},{"taxonomy":"product_cat","embeddable":true,"href":"https:\/\/roveyayinevi.com.tr\/index.php\/wp-json\/wp\/v2\/product_cat?post=703006"},{"taxonomy":"product_tag","embeddable":true,"href":"https:\/\/roveyayinevi.com.tr\/index.php\/wp-json\/wp\/v2\/product_tag?post=703006"}],"curies":[{"name":"wp","href":"https:\/\/api.w.org\/{rel}","templated":true}]}}