{"id":703005,"date":"2025-08-27T15:20:56","date_gmt":"2025-08-27T12:20:56","guid":{"rendered":"https:\/\/roveyayinevi.com.tr\/index.php\/urun\/egitimde-etkili-iletisim\/"},"modified":"2026-04-16T02:12:27","modified_gmt":"2026-04-15T23:12:27","slug":"egitimde-etkili-iletisim","status":"publish","type":"product","link":"https:\/\/roveyayinevi.com.tr\/index.php\/urun\/egitimde-etkili-iletisim\/","title":{"rendered":"E\u011fitimde Etkili \u0130leti\u015fim"},"content":{"rendered":"<p>\u0130leti\u015fim s\u00fcreci \u00f6gelerinin \u00f6\u011fretme-\u00f6\u011frenme s\u00fcreci a\u00e7\u0131s\u0131ndan tart\u0131\u015f\u0131ld\u0131\u011f\u0131 ve ya\u015fam kalitesini art\u0131rmada ipu\u00e7lar\u0131n\u0131n verilmeye \u00e7al\u0131\u015f\u0131ld\u0131\u011f\u0131 bu kitapta, \u00f6\u011fretmen ve \u00f6\u011frencilerin ileti\u015fim becerileri a\u00e7\u0131s\u0131ndan daha duyarl\u0131 k\u0131l\u0131nmalar\u0131, daha iyi donat\u0131lmalar\u0131 ve \u00f6\u011fretmen-\u00f6\u011frenci ikilisinin birbirlerine yak\u0131nla\u015fmalar\u0131n\u0131 sa\u011flamaya ve bireylerin ya\u015famlar\u0131n\u0131 daha kaliteli k\u0131lmalar\u0131na yard\u0131mc\u0131 olunmas\u0131 ama\u00e7lanm\u0131\u015ft\u0131r.   B\u00f6yle bir kitab\u0131n yazar\u0131 olarak isterdim ki, kitapta \u00f6\u011fretmenler i\u00e7in \u00f6nerilen \u00e7o\u011fu noktalar\u0131 meslekteki ilk y\u0131llar\u0131mdan ba\u015flayarak uygulam\u0131\u015f olay\u0131m. \u0130sterdim ki, &#8220;Meslekte geride b\u0131rakt\u0131\u011f\u0131m y\u0131llarda top-luma sunulan hatal\u0131 \u00fcr\u00fcnlerde benim pay\u0131m yok.&#8221; diyebileyim. \u0130sterdim ki, okuyucunun kar\u015f\u0131s\u0131na \u00e7\u0131karken, &#8220;Bakmay\u0131n b\u00f6yle yazd\u0131\u011f\u0131na, o ki\u015fi bir zamanlar bizim \u00f6\u011fretmenimizken \u015fu gibi olumsuz davran\u0131\u015flar\u0131 olmu\u015ftu.&#8221; diyerek yapt\u0131\u011f\u0131m yanl\u0131\u015flar\u0131 anlatabilecek bir tek \u00f6\u011frencim bile olmas\u0131n.   \u0130nsano\u011flu bilgilendik\u00e7e, deneyim kazand\u0131k\u00e7a daha do\u011fruya ve daha iyiye y\u00f6nelebiliyor. \u0130stiyorum ki, e\u011fitimci aday\u0131 \u00f6\u011frencilerim ilerdeki meslek hayatlar\u0131nda benim yapt\u0131\u011f\u0131m yanl\u0131\u015flar\u0131 yapmadan y\u00fcr\u00fcs\u00fcnler. \u0130stiyorum ki, \u00f6\u011fretme-\u00f6\u011frenme s\u00fcre\u00e7lerindeki engelleri a\u015fabilmek i\u00e7in benim otuz sekiz y\u0131ll\u0131k bilgi ve deneyim birikimi ile ancak bug\u00fcn varabildi\u011fim nokta, onlar\u0131n mesle\u011fe ad\u0131mlar\u0131n\u0131 atarken ilk basamaklar\u0131 olsun.   Ku\u015fkusuz ki, \u00f6zg\u00fcrce d\u00fc\u015f\u00fcnen ve d\u00fc\u015f\u00fcnce \u00fcretebilen ku\u015faklar yaratmak i\u00e7in \u00f6n\u00fcm\u00fczde a\u015fmam\u0131z gereken y\u00fcce y\u00fcce da\u011flar bulunmaktad\u0131r. Yunus Emre &#8220;Da\u011f ne kadar y\u00fcce olsa, yol onun \u00fcst\u00fcnden a\u015far.&#8221; der.<\/p>\n","protected":false},"excerpt":{"rendered":"<p>\u0130leti\u015fim s\u00fcreci \u00f6gelerinin \u00f6\u011fretme-\u00f6\u011frenme s\u00fcreci a\u00e7\u0131s\u0131ndan tart\u0131\u015f\u0131ld\u0131\u011f\u0131 ve ya\u015fam kalitesini art\u0131rmada ipu\u00e7lar\u0131n\u0131n verilmeye \u00e7al\u0131\u015f\u0131ld\u0131\u011f\u0131 bu kitapta, \u00f6\u011fretmen ve \u00f6\u011frencilerin ileti\u015fim becerileri a\u00e7\u0131s\u0131ndan daha duyarl\u0131 k\u0131l\u0131nmalar\u0131, daha<span class=\"excerpt-hellip\"> [\u2026]<\/span><\/p>\n","protected":false},"featured_media":0,"template":"","meta":{"_monsterinsights_skip_tracking":false,"_monsterinsights_sitenote_active":false,"_monsterinsights_sitenote_note":"","_monsterinsights_sitenote_category":0},"product_brand":[],"product_cat":[12573,12566],"product_tag":[],"class_list":{"0":"post-703005","1":"product","2":"type-product","3":"status-publish","5":"product_cat-akademik-kitaplar","6":"product_cat-egitim","7":"pa_cilt-ciltsiz","8":"pa_tur-kitap","9":"pa_yayinevi-ani-yayincilik","10":"pa_yazar-akif-ergin","12":"first","13":"instock","14":"sale","15":"shipping-taxable","16":"purchasable","17":"product-type-simple"},"_links":{"self":[{"href":"https:\/\/roveyayinevi.com.tr\/index.php\/wp-json\/wp\/v2\/product\/703005","targetHints":{"allow":["GET"]}}],"collection":[{"href":"https:\/\/roveyayinevi.com.tr\/index.php\/wp-json\/wp\/v2\/product"}],"about":[{"href":"https:\/\/roveyayinevi.com.tr\/index.php\/wp-json\/wp\/v2\/types\/product"}],"wp:attachment":[{"href":"https:\/\/roveyayinevi.com.tr\/index.php\/wp-json\/wp\/v2\/media?parent=703005"}],"wp:term":[{"taxonomy":"product_brand","embeddable":true,"href":"https:\/\/roveyayinevi.com.tr\/index.php\/wp-json\/wp\/v2\/product_brand?post=703005"},{"taxonomy":"product_cat","embeddable":true,"href":"https:\/\/roveyayinevi.com.tr\/index.php\/wp-json\/wp\/v2\/product_cat?post=703005"},{"taxonomy":"product_tag","embeddable":true,"href":"https:\/\/roveyayinevi.com.tr\/index.php\/wp-json\/wp\/v2\/product_tag?post=703005"}],"curies":[{"name":"wp","href":"https:\/\/api.w.org\/{rel}","templated":true}]}}