{"id":703004,"date":"2025-08-27T15:20:55","date_gmt":"2025-08-27T12:20:55","guid":{"rendered":"https:\/\/roveyayinevi.com.tr\/index.php\/urun\/hikayeler-1\/"},"modified":"2026-04-16T02:12:27","modified_gmt":"2026-04-15T23:12:27","slug":"hikayeler-1","status":"publish","type":"product","link":"https:\/\/roveyayinevi.com.tr\/index.php\/urun\/hikayeler-1\/","title":{"rendered":"Hikayeler &#8211; 1"},"content":{"rendered":"<p>K\u00fc\u00e7\u00fck hik\u00e2ye t\u00fcr\u00fcn\u00fcn T\u00fcrk\u00e7ede \u00e7ok azald\u0131\u011f\u0131 bug\u00fcnlerde Seyda\u2019n\u0131n hik\u00e2yeleri okuyucular i\u00e7in ilgi \u00e7ekici bir olay san\u0131r\u0131m. Bu hik\u00e2yeler onun sanat\u0131n\u0131n anla\u015f\u0131lmas\u0131na yard\u0131mc\u0131 oldu\u011funa g\u00f6re daha da \u00f6nem kazan\u0131yor.\u201d <\/p>\n","protected":false},"excerpt":{"rendered":"<p>K\u00fc\u00e7\u00fck hik\u00e2ye t\u00fcr\u00fcn\u00fcn T\u00fcrk\u00e7ede \u00e7ok azald\u0131\u011f\u0131 bug\u00fcnlerde Seyda\u2019n\u0131n hik\u00e2yeleri okuyucular i\u00e7in ilgi \u00e7ekici bir olay san\u0131r\u0131m. Bu hik\u00e2yeler onun sanat\u0131n\u0131n anla\u015f\u0131lmas\u0131na yard\u0131mc\u0131 oldu\u011funa g\u00f6re daha da<span class=\"excerpt-hellip\"> [\u2026]<\/span><\/p>\n","protected":false},"featured_media":0,"template":"","meta":{"_monsterinsights_skip_tracking":false,"_monsterinsights_sitenote_active":false,"_monsterinsights_sitenote_note":"","_monsterinsights_sitenote_category":0},"product_brand":[],"product_cat":[12291,12711],"product_tag":[],"class_list":{"0":"post-703004","1":"product","2":"type-product","3":"status-publish","5":"product_cat-edebiyat","6":"product_cat-roman-oyku","7":"pa_tur-kitap","8":"pa_yayinevi-bilge-kultur-sanat","9":"pa_yazar-mehmet-seyda","11":"first","12":"instock","13":"sale","14":"shipping-taxable","15":"purchasable","16":"product-type-simple"},"_links":{"self":[{"href":"https:\/\/roveyayinevi.com.tr\/index.php\/wp-json\/wp\/v2\/product\/703004","targetHints":{"allow":["GET"]}}],"collection":[{"href":"https:\/\/roveyayinevi.com.tr\/index.php\/wp-json\/wp\/v2\/product"}],"about":[{"href":"https:\/\/roveyayinevi.com.tr\/index.php\/wp-json\/wp\/v2\/types\/product"}],"wp:attachment":[{"href":"https:\/\/roveyayinevi.com.tr\/index.php\/wp-json\/wp\/v2\/media?parent=703004"}],"wp:term":[{"taxonomy":"product_brand","embeddable":true,"href":"https:\/\/roveyayinevi.com.tr\/index.php\/wp-json\/wp\/v2\/product_brand?post=703004"},{"taxonomy":"product_cat","embeddable":true,"href":"https:\/\/roveyayinevi.com.tr\/index.php\/wp-json\/wp\/v2\/product_cat?post=703004"},{"taxonomy":"product_tag","embeddable":true,"href":"https:\/\/roveyayinevi.com.tr\/index.php\/wp-json\/wp\/v2\/product_tag?post=703004"}],"curies":[{"name":"wp","href":"https:\/\/api.w.org\/{rel}","templated":true}]}}