{"id":703003,"date":"2025-08-27T15:20:55","date_gmt":"2025-08-27T12:20:55","guid":{"rendered":"https:\/\/roveyayinevi.com.tr\/index.php\/urun\/gunes-sistemi-serisi-gokyuzu\/"},"modified":"2026-04-16T02:12:27","modified_gmt":"2026-04-15T23:12:27","slug":"gunes-sistemi-serisi-gokyuzu","status":"publish","type":"product","link":"https:\/\/roveyayinevi.com.tr\/index.php\/urun\/gunes-sistemi-serisi-gokyuzu\/","title":{"rendered":"G\u00fcne\u015f Sistemi Serisi: G\u00f6ky\u00fcz\u00fc"},"content":{"rendered":"<p>Demir ve Ay\u00e7a k\u0131rlarda bir gezintiye \u00e7\u0131k\u0131yorlar. Hava g\u00fcne\u015fli, g\u00f6ky\u00fcz\u00fc u\u00e7suz bucaks\u0131z ve masmavi; \u0131\u015f\u0131kla, bulutlarla ve hemen tahmin edemeyecekleri pek \u00e7ok ba\u015fka \u015feyle dolu. \u0130nsanlar uzun zamand\u0131r, g\u00f6ky\u00fcz\u00fcne ve onun derinliklerine bak\u0131yor. Ve b\u00f6ylece, g\u00fcne\u015f sistemi ve evren ke\u015ffedildi. Bug\u00fcn, Demir ve Ay\u00e7a da g\u00f6ky\u00fcz\u00fcn\u00fc ke\u015ffediyorlar ve \u00e7ok \u015fansl\u0131lar \u00e7\u00fcnk\u00fc Ay\u00e7a&#8217;n\u0131n annesi bir g\u00f6k bilimci. Onlara hayal bile edemeyecekleri pek \u00e7ok bilgi aktarabilir\u2026 <\/p>\n","protected":false},"excerpt":{"rendered":"<p>Demir ve Ay\u00e7a k\u0131rlarda bir gezintiye \u00e7\u0131k\u0131yorlar. Hava g\u00fcne\u015fli, g\u00f6ky\u00fcz\u00fc u\u00e7suz bucaks\u0131z ve masmavi; \u0131\u015f\u0131kla, bulutlarla ve hemen tahmin edemeyecekleri pek \u00e7ok ba\u015fka \u015feyle dolu. \u0130nsanlar<span class=\"excerpt-hellip\"> [\u2026]<\/span><\/p>\n","protected":false},"featured_media":0,"template":"","meta":{"_monsterinsights_skip_tracking":false,"_monsterinsights_sitenote_active":false,"_monsterinsights_sitenote_note":"","_monsterinsights_sitenote_category":0},"product_brand":[],"product_cat":[12913,12274],"product_tag":[],"class_list":{"0":"post-703003","1":"product","2":"type-product","3":"status-publish","5":"product_cat-3-6-yas-kitaplari","6":"product_cat-cocuk-ve-genclik-kitaplari","7":"pa_cilt-ciltsiz","8":"pa_tur-kitap","9":"pa_yayinevi-potikare-yayincilik","10":"pa_yazar-nuria-roca","12":"first","13":"instock","14":"sale","15":"shipping-taxable","16":"purchasable","17":"product-type-simple"},"_links":{"self":[{"href":"https:\/\/roveyayinevi.com.tr\/index.php\/wp-json\/wp\/v2\/product\/703003","targetHints":{"allow":["GET"]}}],"collection":[{"href":"https:\/\/roveyayinevi.com.tr\/index.php\/wp-json\/wp\/v2\/product"}],"about":[{"href":"https:\/\/roveyayinevi.com.tr\/index.php\/wp-json\/wp\/v2\/types\/product"}],"wp:attachment":[{"href":"https:\/\/roveyayinevi.com.tr\/index.php\/wp-json\/wp\/v2\/media?parent=703003"}],"wp:term":[{"taxonomy":"product_brand","embeddable":true,"href":"https:\/\/roveyayinevi.com.tr\/index.php\/wp-json\/wp\/v2\/product_brand?post=703003"},{"taxonomy":"product_cat","embeddable":true,"href":"https:\/\/roveyayinevi.com.tr\/index.php\/wp-json\/wp\/v2\/product_cat?post=703003"},{"taxonomy":"product_tag","embeddable":true,"href":"https:\/\/roveyayinevi.com.tr\/index.php\/wp-json\/wp\/v2\/product_tag?post=703003"}],"curies":[{"name":"wp","href":"https:\/\/api.w.org\/{rel}","templated":true}]}}