{"id":702998,"date":"2025-08-27T15:20:53","date_gmt":"2025-08-27T12:20:53","guid":{"rendered":"https:\/\/roveyayinevi.com.tr\/index.php\/urun\/historias-seleccionadas-de-nasreddin-hoca\/"},"modified":"2026-04-16T02:12:27","modified_gmt":"2026-04-15T23:12:27","slug":"historias-seleccionadas-de-nasreddin-hoca","status":"publish","type":"product","link":"https:\/\/roveyayinevi.com.tr\/index.php\/urun\/historias-seleccionadas-de-nasreddin-hoca\/","title":{"rendered":"Historias Seleccionadas De Nasreddin Hoca"},"content":{"rendered":"<p>&#8211; Un d\u00eda, un hombre trajo una carta a Nasreddin Hodja. Sin embargo, no fue escrito en un idioma que conoc\u00eda el Hodja. Se mir\u00f3 la carta, reflexion\u00f3 un poco y lo hizo: <\/p>\n","protected":false},"excerpt":{"rendered":"<p>&#8211; Un d\u00eda, un hombre trajo una carta a Nasreddin Hodja. Sin embargo, no fue escrito en un idioma que conoc\u00eda el Hodja. Se mir\u00f3 la<span class=\"excerpt-hellip\"> [\u2026]<\/span><\/p>\n","protected":false},"featured_media":0,"template":"","meta":{"_monsterinsights_skip_tracking":false,"_monsterinsights_sitenote_active":false,"_monsterinsights_sitenote_note":"","_monsterinsights_sitenote_category":0},"product_brand":[],"product_cat":[12472],"product_tag":[],"class_list":{"0":"post-702998","1":"product","2":"type-product","3":"status-publish","5":"product_cat-yabanci-dilde-kitaplar","6":"pa_tur-kitap","7":"pa_yayinevi-profil-kitap","8":"pa_yazar-demet-kucuk","10":"first","11":"instock","12":"sale","13":"shipping-taxable","14":"purchasable","15":"product-type-simple"},"_links":{"self":[{"href":"https:\/\/roveyayinevi.com.tr\/index.php\/wp-json\/wp\/v2\/product\/702998","targetHints":{"allow":["GET"]}}],"collection":[{"href":"https:\/\/roveyayinevi.com.tr\/index.php\/wp-json\/wp\/v2\/product"}],"about":[{"href":"https:\/\/roveyayinevi.com.tr\/index.php\/wp-json\/wp\/v2\/types\/product"}],"wp:attachment":[{"href":"https:\/\/roveyayinevi.com.tr\/index.php\/wp-json\/wp\/v2\/media?parent=702998"}],"wp:term":[{"taxonomy":"product_brand","embeddable":true,"href":"https:\/\/roveyayinevi.com.tr\/index.php\/wp-json\/wp\/v2\/product_brand?post=702998"},{"taxonomy":"product_cat","embeddable":true,"href":"https:\/\/roveyayinevi.com.tr\/index.php\/wp-json\/wp\/v2\/product_cat?post=702998"},{"taxonomy":"product_tag","embeddable":true,"href":"https:\/\/roveyayinevi.com.tr\/index.php\/wp-json\/wp\/v2\/product_tag?post=702998"}],"curies":[{"name":"wp","href":"https:\/\/api.w.org\/{rel}","templated":true}]}}