{"id":702996,"date":"2025-08-27T15:20:53","date_gmt":"2025-08-27T12:20:53","guid":{"rendered":"https:\/\/roveyayinevi.com.tr\/index.php\/urun\/gunes-sistemi-serisi-ay\/"},"modified":"2026-04-16T02:12:27","modified_gmt":"2026-04-15T23:12:27","slug":"gunes-sistemi-serisi-ay","status":"publish","type":"product","link":"https:\/\/roveyayinevi.com.tr\/index.php\/urun\/gunes-sistemi-serisi-ay\/","title":{"rendered":"G\u00fcne\u015f Sistemi Serisi &#8211; Ay"},"content":{"rendered":"<p>\u015eimdi gece ve Ay, her zamanki gibi parlam\u0131yor. Daha k\u0131rm\u0131z\u0131ms\u0131 bir rengi var. Ay\u00e7a ve Demir \u015fa\u015f\u0131rm\u0131\u015f. Sankisihirli bir gece gibi. Ama Ay\u00e7a\u2019n\u0131n annesi bunun sihirle ilgisi olmad\u0131\u011f\u0131n\u0131, sadece Ay tutulmas\u0131 ad\u0131 verilenbilimsel bir olay oldu\u011funu a\u00e7\u0131klad\u0131. Ayr\u0131ca, onlara geceleri \u00e7ocuklar uyurken ve g\u00fcnd\u00fcz G\u00fcne\u015f parlarken, Ay\u2019\u0131nyapt\u0131\u011f\u0131 di\u011fer \u015feyleri de anlatt\u0131. Ay, D\u00fcnya\u2019n\u0131n uydusu ve her zaman \u00e7evremizde d\u00f6n\u00fcyor. Biz de onu dahayak\u0131ndan tan\u0131mak ve \u00f6\u011frenmek istiyoruz!<\/p>\n","protected":false},"excerpt":{"rendered":"<p>\u015eimdi gece ve Ay, her zamanki gibi parlam\u0131yor. Daha k\u0131rm\u0131z\u0131ms\u0131 bir rengi var. Ay\u00e7a ve Demir \u015fa\u015f\u0131rm\u0131\u015f. Sankisihirli bir gece gibi. Ama Ay\u00e7a\u2019n\u0131n annesi bunun sihirle<span class=\"excerpt-hellip\"> [\u2026]<\/span><\/p>\n","protected":false},"featured_media":0,"template":"","meta":{"_monsterinsights_skip_tracking":false,"_monsterinsights_sitenote_active":false,"_monsterinsights_sitenote_note":"","_monsterinsights_sitenote_category":0},"product_brand":[],"product_cat":[12913,12274],"product_tag":[],"class_list":{"0":"post-702996","1":"product","2":"type-product","3":"status-publish","5":"product_cat-3-6-yas-kitaplari","6":"product_cat-cocuk-ve-genclik-kitaplari","7":"pa_cilt-ciltsiz","8":"pa_tur-kitap","9":"pa_yayinevi-potikare-yayincilik","10":"pa_yazar-nuria-roca","12":"first","13":"instock","14":"sale","15":"shipping-taxable","16":"purchasable","17":"product-type-simple"},"_links":{"self":[{"href":"https:\/\/roveyayinevi.com.tr\/index.php\/wp-json\/wp\/v2\/product\/702996","targetHints":{"allow":["GET"]}}],"collection":[{"href":"https:\/\/roveyayinevi.com.tr\/index.php\/wp-json\/wp\/v2\/product"}],"about":[{"href":"https:\/\/roveyayinevi.com.tr\/index.php\/wp-json\/wp\/v2\/types\/product"}],"wp:attachment":[{"href":"https:\/\/roveyayinevi.com.tr\/index.php\/wp-json\/wp\/v2\/media?parent=702996"}],"wp:term":[{"taxonomy":"product_brand","embeddable":true,"href":"https:\/\/roveyayinevi.com.tr\/index.php\/wp-json\/wp\/v2\/product_brand?post=702996"},{"taxonomy":"product_cat","embeddable":true,"href":"https:\/\/roveyayinevi.com.tr\/index.php\/wp-json\/wp\/v2\/product_cat?post=702996"},{"taxonomy":"product_tag","embeddable":true,"href":"https:\/\/roveyayinevi.com.tr\/index.php\/wp-json\/wp\/v2\/product_tag?post=702996"}],"curies":[{"name":"wp","href":"https:\/\/api.w.org\/{rel}","templated":true}]}}