{"id":702995,"date":"2025-08-27T15:20:52","date_gmt":"2025-08-27T12:20:52","guid":{"rendered":"https:\/\/roveyayinevi.com.tr\/index.php\/urun\/masal-terapi\/"},"modified":"2026-04-13T02:14:44","modified_gmt":"2026-04-12T23:14:44","slug":"masal-terapi","status":"publish","type":"product","link":"https:\/\/roveyayinevi.com.tr\/index.php\/urun\/masal-terapi\/","title":{"rendered":"Masal Terapi"},"content":{"rendered":"<p>&#8220;Bu kitap hayat yolculu\u011funda t\u0131ls\u0131ml\u0131 pusulan olacak\u2026&#8221;Sevgili yolcu; Bu kitap senin i\u00e7in bir pusula olsun diye hayal edildi. Onu \u00e7antanda ta\u015f\u0131. Kendini bir yol ayr\u0131m\u0131nda buldu\u011funda, karars\u0131zl\u0131k ya\u015fad\u0131\u011f\u0131nda, ruhun yolunu kaybetti\u011finde kitab\u0131 \u00e7antandan \u00e7\u0131kar. Rasgele bir sayfas\u0131n\u0131 a\u00e7. Ve okumaya ba\u015fla\u2026 Kar\u015f\u0131na \u00e7\u0131kan masal sana yolunu bulmanda yard\u0131m edecek. Seni masallarla bir oyun oynamaya davet ediyorum. \u0130\u00e7indeki y\u0131ld\u0131z g\u00f6zl\u00fc oyunbaz \u00e7ocukla yeniden ba\u011f kurman\u0131n vakti geldi. Bu bir iyile\u015fme oyunudur. B\u0131rak masallar sana rehberlik etsin, seni iyile\u015ftirsin ve d\u00f6n\u00fc\u015ft\u00fcrs\u00fcn\u2026<\/p>\n","protected":false},"excerpt":{"rendered":"<p>&#8220;Bu kitap hayat yolculu\u011funda t\u0131ls\u0131ml\u0131 pusulan olacak\u2026&#8221;Sevgili yolcu; Bu kitap senin i\u00e7in bir pusula olsun diye hayal edildi. Onu \u00e7antanda ta\u015f\u0131. Kendini bir yol ayr\u0131m\u0131nda buldu\u011funda,<span class=\"excerpt-hellip\"> [\u2026]<\/span><\/p>\n","protected":false},"featured_media":0,"template":"","meta":{"_monsterinsights_skip_tracking":false,"_monsterinsights_sitenote_active":false,"_monsterinsights_sitenote_note":"","_monsterinsights_sitenote_category":0},"product_brand":[],"product_cat":[12364,12376],"product_tag":[],"class_list":{"0":"post-702995","1":"product","2":"type-product","3":"status-publish","5":"product_cat-genel-konular","6":"product_cat-kisisel-gelisim","7":"pa_cilt-ciltsiz","8":"pa_tur-kitap","9":"pa_yayinevi-dogan-novus","10":"pa_yazar-judith-malika-liberman","12":"first","13":"instock","14":"sale","15":"shipping-taxable","16":"purchasable","17":"product-type-simple"},"_links":{"self":[{"href":"https:\/\/roveyayinevi.com.tr\/index.php\/wp-json\/wp\/v2\/product\/702995","targetHints":{"allow":["GET"]}}],"collection":[{"href":"https:\/\/roveyayinevi.com.tr\/index.php\/wp-json\/wp\/v2\/product"}],"about":[{"href":"https:\/\/roveyayinevi.com.tr\/index.php\/wp-json\/wp\/v2\/types\/product"}],"wp:attachment":[{"href":"https:\/\/roveyayinevi.com.tr\/index.php\/wp-json\/wp\/v2\/media?parent=702995"}],"wp:term":[{"taxonomy":"product_brand","embeddable":true,"href":"https:\/\/roveyayinevi.com.tr\/index.php\/wp-json\/wp\/v2\/product_brand?post=702995"},{"taxonomy":"product_cat","embeddable":true,"href":"https:\/\/roveyayinevi.com.tr\/index.php\/wp-json\/wp\/v2\/product_cat?post=702995"},{"taxonomy":"product_tag","embeddable":true,"href":"https:\/\/roveyayinevi.com.tr\/index.php\/wp-json\/wp\/v2\/product_tag?post=702995"}],"curies":[{"name":"wp","href":"https:\/\/api.w.org\/{rel}","templated":true}]}}