{"id":702992,"date":"2025-08-27T15:20:51","date_gmt":"2025-08-27T12:20:51","guid":{"rendered":"https:\/\/roveyayinevi.com.tr\/index.php\/urun\/dunyayi-yonetmek\/"},"modified":"2026-04-16T02:12:27","modified_gmt":"2026-04-15T23:12:27","slug":"dunyayi-yonetmek","status":"publish","type":"product","link":"https:\/\/roveyayinevi.com.tr\/index.php\/urun\/dunyayi-yonetmek\/","title":{"rendered":"D\u00fcnyay\u0131 Y\u00f6netmek"},"content":{"rendered":"<p>K\u00fcresel i\u015fbirli\u011fi hikayesi, insanl\u0131\u011f\u0131n en k\u00f6t\u00fc sorunlar\u0131na \u00e7are bulmak i\u00e7in bizi ortak bir ama\u00e7 bulmaya te\u015fvik eden hayalperestlerin masal\u0131d\u0131r. Ancak uluslararas\u0131 kurulu\u015flar ayn\u0131 zamanda kendi \u00e7\u0131karlar\u0131n\u0131 artt\u0131racak g\u00fc\u00e7lerin de ara\u00e7lar\u0131d\u0131r. <\/p>\n","protected":false},"excerpt":{"rendered":"<p>K\u00fcresel i\u015fbirli\u011fi hikayesi, insanl\u0131\u011f\u0131n en k\u00f6t\u00fc sorunlar\u0131na \u00e7are bulmak i\u00e7in bizi ortak bir ama\u00e7 bulmaya te\u015fvik eden hayalperestlerin masal\u0131d\u0131r. Ancak uluslararas\u0131 kurulu\u015flar ayn\u0131 zamanda kendi \u00e7\u0131karlar\u0131n\u0131<span class=\"excerpt-hellip\"> [\u2026]<\/span><\/p>\n","protected":false},"featured_media":0,"template":"","meta":{"_monsterinsights_skip_tracking":false,"_monsterinsights_sitenote_active":false,"_monsterinsights_sitenote_note":"","_monsterinsights_sitenote_category":0},"product_brand":[],"product_cat":[12370,12304],"product_tag":[],"class_list":{"0":"post-702992","1":"product","2":"type-product","3":"status-publish","5":"product_cat-arastirma-inceleme","6":"product_cat-tarih","7":"pa_tur-kitap","8":"pa_yayinevi-alfa-yayinlari","9":"pa_yazar-mark-mazower","11":"first","12":"instock","13":"sale","14":"shipping-taxable","15":"purchasable","16":"product-type-simple"},"_links":{"self":[{"href":"https:\/\/roveyayinevi.com.tr\/index.php\/wp-json\/wp\/v2\/product\/702992","targetHints":{"allow":["GET"]}}],"collection":[{"href":"https:\/\/roveyayinevi.com.tr\/index.php\/wp-json\/wp\/v2\/product"}],"about":[{"href":"https:\/\/roveyayinevi.com.tr\/index.php\/wp-json\/wp\/v2\/types\/product"}],"wp:attachment":[{"href":"https:\/\/roveyayinevi.com.tr\/index.php\/wp-json\/wp\/v2\/media?parent=702992"}],"wp:term":[{"taxonomy":"product_brand","embeddable":true,"href":"https:\/\/roveyayinevi.com.tr\/index.php\/wp-json\/wp\/v2\/product_brand?post=702992"},{"taxonomy":"product_cat","embeddable":true,"href":"https:\/\/roveyayinevi.com.tr\/index.php\/wp-json\/wp\/v2\/product_cat?post=702992"},{"taxonomy":"product_tag","embeddable":true,"href":"https:\/\/roveyayinevi.com.tr\/index.php\/wp-json\/wp\/v2\/product_tag?post=702992"}],"curies":[{"name":"wp","href":"https:\/\/api.w.org\/{rel}","templated":true}]}}