{"id":702991,"date":"2025-08-27T15:20:51","date_gmt":"2025-08-27T12:20:51","guid":{"rendered":"https:\/\/roveyayinevi.com.tr\/index.php\/urun\/demokrasi-din-devlet\/"},"modified":"2026-04-16T02:12:27","modified_gmt":"2026-04-15T23:12:27","slug":"demokrasi-din-devlet","status":"publish","type":"product","link":"https:\/\/roveyayinevi.com.tr\/index.php\/urun\/demokrasi-din-devlet\/","title":{"rendered":"Demokrasi Din Devlet"},"content":{"rendered":"<p>Bozkurt G\u00fcven\u00e7, k\u00fclt\u00fcr varl\u0131klar\u0131na y\u00f6nelik \u0130nsan ve K\u00fclt\u00fcr, Japon K\u00fclt\u00fcr\u00fc, ve T\u00fcrk Kimli\u011fi kitaplar\u0131nda insanl\u0131k tarihinin kaynaklar\u0131na inmi\u015ftir. Bunu yaparken, konulara bir insanl\u0131k ve uygarl\u0131k tarihi \u00f6\u011frencisi gibi yakla\u015fm\u0131\u015f, kitap sayfalar\u0131nda kalm\u0131\u015f bilgilerin tart\u0131\u015f\u0131lmas\u0131na \u00f6nayak olmu\u015ftur. \ufffcTan\u0131t\u0131m Metni<\/p>\n","protected":false},"excerpt":{"rendered":"<p>Bozkurt G\u00fcven\u00e7, k\u00fclt\u00fcr varl\u0131klar\u0131na y\u00f6nelik \u0130nsan ve K\u00fclt\u00fcr, Japon K\u00fclt\u00fcr\u00fc, ve T\u00fcrk Kimli\u011fi kitaplar\u0131nda insanl\u0131k tarihinin kaynaklar\u0131na inmi\u015ftir. Bunu yaparken, konulara bir insanl\u0131k ve uygarl\u0131k tarihi<span class=\"excerpt-hellip\"> [\u2026]<\/span><\/p>\n","protected":false},"featured_media":0,"template":"","meta":{"_monsterinsights_skip_tracking":false,"_monsterinsights_sitenote_active":false,"_monsterinsights_sitenote_note":"","_monsterinsights_sitenote_category":0},"product_brand":[],"product_cat":[12965,12337],"product_tag":[],"class_list":{"0":"post-702991","1":"product","2":"type-product","3":"status-publish","5":"product_cat-genel-politika","6":"product_cat-politika-siyaset","7":"pa_tur-kitap","8":"pa_yayinevi-efil-yayinevi","9":"pa_yazar-bozkurt-guvenc","11":"first","12":"instock","13":"sale","14":"shipping-taxable","15":"purchasable","16":"product-type-simple"},"_links":{"self":[{"href":"https:\/\/roveyayinevi.com.tr\/index.php\/wp-json\/wp\/v2\/product\/702991","targetHints":{"allow":["GET"]}}],"collection":[{"href":"https:\/\/roveyayinevi.com.tr\/index.php\/wp-json\/wp\/v2\/product"}],"about":[{"href":"https:\/\/roveyayinevi.com.tr\/index.php\/wp-json\/wp\/v2\/types\/product"}],"wp:attachment":[{"href":"https:\/\/roveyayinevi.com.tr\/index.php\/wp-json\/wp\/v2\/media?parent=702991"}],"wp:term":[{"taxonomy":"product_brand","embeddable":true,"href":"https:\/\/roveyayinevi.com.tr\/index.php\/wp-json\/wp\/v2\/product_brand?post=702991"},{"taxonomy":"product_cat","embeddable":true,"href":"https:\/\/roveyayinevi.com.tr\/index.php\/wp-json\/wp\/v2\/product_cat?post=702991"},{"taxonomy":"product_tag","embeddable":true,"href":"https:\/\/roveyayinevi.com.tr\/index.php\/wp-json\/wp\/v2\/product_tag?post=702991"}],"curies":[{"name":"wp","href":"https:\/\/api.w.org\/{rel}","templated":true}]}}