{"id":702990,"date":"2025-08-27T15:20:51","date_gmt":"2025-08-27T12:20:51","guid":{"rendered":"https:\/\/roveyayinevi.com.tr\/index.php\/urun\/bilim-adamlarimiz-serisi-piri-reis\/"},"modified":"2026-04-16T02:12:27","modified_gmt":"2026-04-15T23:12:27","slug":"bilim-adamlarimiz-serisi-piri-reis","status":"publish","type":"product","link":"https:\/\/roveyayinevi.com.tr\/index.php\/urun\/bilim-adamlarimiz-serisi-piri-reis\/","title":{"rendered":"Bilim Adamlar\u0131m\u0131z Serisi : Piri Reis"},"content":{"rendered":"<p>\u00dcnl\u00fc bir Osmanl\u0131 denizcisi olan Piri Reis, deniz co\u011frafyas\u0131 alan\u0131ndaki \u00e7al\u0131\u015fmalar\u0131 ve \u00e7izdi\u011fi d\u00fcnya haritas\u0131yla tan\u0131nm\u0131\u015ft\u0131r. Osmanl\u0131 denizcilik tarihinde derin izler b\u0131rakm\u0131\u015f olmas\u0131n\u0131n yan\u0131 s\u0131ra Piri Reis e\u015fsiz bir kartograf ve deniz bilginidir. Do\u011fum tarihi kesin olarak bilinmiyor. 1465-1470 aras\u0131nda Gelibolu\u2019da do\u011fdu. Kahire\u2019de \u00f6ld\u00fc. As\u0131l ad\u0131 Ahmet Muhiddin Piri\u2019dir. Karamanl\u0131 Hac\u0131 Ali Mehmet\u2019in o\u011flu ve \u00fcnl\u00fc Osmanl\u0131 denizcisi Kemal Reis\u2019in ye\u011fenidir. \ufffcTan\u0131t\u0131m Metni<\/p>\n","protected":false},"excerpt":{"rendered":"<p>\u00dcnl\u00fc bir Osmanl\u0131 denizcisi olan Piri Reis, deniz co\u011frafyas\u0131 alan\u0131ndaki \u00e7al\u0131\u015fmalar\u0131 ve \u00e7izdi\u011fi d\u00fcnya haritas\u0131yla tan\u0131nm\u0131\u015ft\u0131r. Osmanl\u0131 denizcilik tarihinde derin izler b\u0131rakm\u0131\u015f olmas\u0131n\u0131n yan\u0131 s\u0131ra Piri<span class=\"excerpt-hellip\"> [\u2026]<\/span><\/p>\n","protected":false},"featured_media":0,"template":"","meta":{"_monsterinsights_skip_tracking":false,"_monsterinsights_sitenote_active":false,"_monsterinsights_sitenote_note":"","_monsterinsights_sitenote_category":0},"product_brand":[],"product_cat":[12370,12304],"product_tag":[],"class_list":{"0":"post-702990","1":"product","2":"type-product","3":"status-publish","5":"product_cat-arastirma-inceleme","6":"product_cat-tarih","7":"pa_tur-kitap","8":"pa_yayinevi-parola-yayinlari","9":"pa_yazar-ali-kuzu","11":"first","12":"instock","13":"sale","14":"shipping-taxable","15":"purchasable","16":"product-type-simple"},"_links":{"self":[{"href":"https:\/\/roveyayinevi.com.tr\/index.php\/wp-json\/wp\/v2\/product\/702990","targetHints":{"allow":["GET"]}}],"collection":[{"href":"https:\/\/roveyayinevi.com.tr\/index.php\/wp-json\/wp\/v2\/product"}],"about":[{"href":"https:\/\/roveyayinevi.com.tr\/index.php\/wp-json\/wp\/v2\/types\/product"}],"wp:attachment":[{"href":"https:\/\/roveyayinevi.com.tr\/index.php\/wp-json\/wp\/v2\/media?parent=702990"}],"wp:term":[{"taxonomy":"product_brand","embeddable":true,"href":"https:\/\/roveyayinevi.com.tr\/index.php\/wp-json\/wp\/v2\/product_brand?post=702990"},{"taxonomy":"product_cat","embeddable":true,"href":"https:\/\/roveyayinevi.com.tr\/index.php\/wp-json\/wp\/v2\/product_cat?post=702990"},{"taxonomy":"product_tag","embeddable":true,"href":"https:\/\/roveyayinevi.com.tr\/index.php\/wp-json\/wp\/v2\/product_tag?post=702990"}],"curies":[{"name":"wp","href":"https:\/\/api.w.org\/{rel}","templated":true}]}}