{"id":702987,"date":"2025-08-27T15:20:50","date_gmt":"2025-08-27T12:20:50","guid":{"rendered":"https:\/\/roveyayinevi.com.tr\/index.php\/urun\/evrenden-torpilim-var\/"},"modified":"2026-04-03T02:16:34","modified_gmt":"2026-04-02T23:16:34","slug":"evrenden-torpilim-var","status":"publish","type":"product","link":"https:\/\/roveyayinevi.com.tr\/index.php\/urun\/evrenden-torpilim-var\/","title":{"rendered":"Evrenden Torpilim Var"},"content":{"rendered":"<p>Siz hi\u00e7 150 kilo oldunuz mu? Sizin hi\u00e7 yabanc\u0131 bir \u00fclkede bavulunuzu kaybetti\u011finiz, sabahlar\u0131 m\u0131s\u0131r gevre\u011fine bira d\u00f6k\u00fcp hayatta kalmaya \u00e7al\u0131\u015ft\u0131\u011f\u0131n\u0131z, g\u00fcnlerce tek kelime bile konu\u015fmad\u0131\u011f\u0131n\u0131z oldu mu? Dayak yedikten sonra girdi\u011finiz komadan bir g\u00f6z\u00fcn\u00fcz\u00fc kaybetmi\u015f olarak \u00e7\u0131k\u0131p tekrar parklara d\u00f6nd\u00fc\u011f\u00fcn\u00fcz\u2026 Annenizi kaybettikten sonra hapiste yatarken baban\u0131z\u0131 kaybetti\u011finiz oldu mu?Benim oldu!Peki ya sonra o yabanc\u0131 \u00fclkenin dilinde \u015fak\u0131r \u015fak\u0131r konu\u015fup hatta seslendirme y\u00f6netmenli\u011fi bile yapt\u0131\u011f\u0131n\u0131z\u2026 O \u00fclkedeki filmlerde ba\u015frol oynad\u0131\u011f\u0131n\u0131z\u2026  70 kilo verip filinta gibi oldu\u011funuz\u2026 Yeni ve mutlu bir hayat kurdu\u011funuz\u2026 Elinizi att\u0131\u011f\u0131n\u0131z her i\u015fi alt\u0131n yumurtlayan tavu\u011fa \u00e7evirdi\u011finiz\u2026 Her saniyenizi g\u00fcl\u00fcmseyerek ge\u00e7irdi\u011finiz, hayatta istedi\u011finiz her \u015feyi elde etmeye ba\u015flad\u0131\u011f\u0131n\u0131z oldu mu?Benim oldu!Nas\u0131l m\u0131? Gelin anlatay\u0131m\u2026\u201c\u0130stemek olman\u0131n yar\u0131s\u0131d\u0131r!\u201d<\/p>\n","protected":false},"excerpt":{"rendered":"<p>Siz hi\u00e7 150 kilo oldunuz mu? Sizin hi\u00e7 yabanc\u0131 bir \u00fclkede bavulunuzu kaybetti\u011finiz, sabahlar\u0131 m\u0131s\u0131r gevre\u011fine bira d\u00f6k\u00fcp hayatta kalmaya \u00e7al\u0131\u015ft\u0131\u011f\u0131n\u0131z, g\u00fcnlerce tek kelime bile konu\u015fmad\u0131\u011f\u0131n\u0131z<span class=\"excerpt-hellip\"> [\u2026]<\/span><\/p>\n","protected":false},"featured_media":0,"template":"","meta":{"_monsterinsights_skip_tracking":false,"_monsterinsights_sitenote_active":false,"_monsterinsights_sitenote_note":"","_monsterinsights_sitenote_category":0},"product_brand":[],"product_cat":[12364,12376],"product_tag":[],"class_list":{"0":"post-702987","1":"product","2":"type-product","3":"status-publish","5":"product_cat-genel-konular","6":"product_cat-kisisel-gelisim","7":"pa_cilt-ciltsiz","8":"pa_tur-kitap","9":"pa_yayinevi-dogan-novus","10":"pa_yazar-aykut-ogut","12":"first","13":"instock","14":"sale","15":"shipping-taxable","16":"purchasable","17":"product-type-simple"},"_links":{"self":[{"href":"https:\/\/roveyayinevi.com.tr\/index.php\/wp-json\/wp\/v2\/product\/702987","targetHints":{"allow":["GET"]}}],"collection":[{"href":"https:\/\/roveyayinevi.com.tr\/index.php\/wp-json\/wp\/v2\/product"}],"about":[{"href":"https:\/\/roveyayinevi.com.tr\/index.php\/wp-json\/wp\/v2\/types\/product"}],"wp:attachment":[{"href":"https:\/\/roveyayinevi.com.tr\/index.php\/wp-json\/wp\/v2\/media?parent=702987"}],"wp:term":[{"taxonomy":"product_brand","embeddable":true,"href":"https:\/\/roveyayinevi.com.tr\/index.php\/wp-json\/wp\/v2\/product_brand?post=702987"},{"taxonomy":"product_cat","embeddable":true,"href":"https:\/\/roveyayinevi.com.tr\/index.php\/wp-json\/wp\/v2\/product_cat?post=702987"},{"taxonomy":"product_tag","embeddable":true,"href":"https:\/\/roveyayinevi.com.tr\/index.php\/wp-json\/wp\/v2\/product_tag?post=702987"}],"curies":[{"name":"wp","href":"https:\/\/api.w.org\/{rel}","templated":true}]}}