{"id":702986,"date":"2025-08-27T15:20:50","date_gmt":"2025-08-27T12:20:50","guid":{"rendered":"https:\/\/roveyayinevi.com.tr\/index.php\/urun\/gunes-sistemi-serisi-yeryuzu\/"},"modified":"2026-04-16T02:12:27","modified_gmt":"2026-04-15T23:12:27","slug":"gunes-sistemi-serisi-yeryuzu","status":"publish","type":"product","link":"https:\/\/roveyayinevi.com.tr\/index.php\/urun\/gunes-sistemi-serisi-yeryuzu\/","title":{"rendered":"G\u00fcne\u015f Sistemi Serisi &#8211; Yery\u00fcz\u00fc"},"content":{"rendered":"<p>Ay\u00e7a ve Demir balkonda oturup g\u00f6ky\u00fcz\u00fcne bakmay\u0131 seviyorlar. Yery\u00fcz\u00fc&#8217;n\u00fcn olduk\u00e7a konuksever bir gezegen oldu\u011funu, g\u00fcne\u015f sisteminde hayat\u0131n oldu\u011fu yeg\u00e2ne gezegen oldu\u011funu biliyorlar! Ama g\u00f6ky\u00fcz\u00fcne ilgi duyan di\u011fer b\u00fct\u00fcn insanlar gibi, bir uzay gemisiyle yolculuk yap\u0131p Merk\u00fcr, Ven\u00fcs, Pl\u00fcton ve di\u011ferleri ile g\u00fcne\u015f sistemimizin \u00f6tesini g\u00f6rmeyi \u00e7ok istiyorlar. \u0130nsanlar her zaman hem bizim gezegenimizdeki hem de d\u00fcnya d\u0131\u015f\u0131ndaki, uzaya ait \u015feylerin nas\u0131l oldu\u011funu ke\u015ffetmek i\u00e7in merak duymu\u015ftur. \ufffc<\/p>\n","protected":false},"excerpt":{"rendered":"<p>Ay\u00e7a ve Demir balkonda oturup g\u00f6ky\u00fcz\u00fcne bakmay\u0131 seviyorlar. Yery\u00fcz\u00fc&#8217;n\u00fcn olduk\u00e7a konuksever bir gezegen oldu\u011funu, g\u00fcne\u015f sisteminde hayat\u0131n oldu\u011fu yeg\u00e2ne gezegen oldu\u011funu biliyorlar! Ama g\u00f6ky\u00fcz\u00fcne ilgi duyan<span class=\"excerpt-hellip\"> [\u2026]<\/span><\/p>\n","protected":false},"featured_media":0,"template":"","meta":{"_monsterinsights_skip_tracking":false,"_monsterinsights_sitenote_active":false,"_monsterinsights_sitenote_note":"","_monsterinsights_sitenote_category":0},"product_brand":[],"product_cat":[12275,12274],"product_tag":[],"class_list":{"0":"post-702986","1":"product","2":"type-product","3":"status-publish","5":"product_cat-6-12-yas-kitaplari","6":"product_cat-cocuk-ve-genclik-kitaplari","7":"pa_cilt-ciltsiz","8":"pa_tur-kitap","9":"pa_yayinevi-potikare-yayincilik","10":"pa_yazar-nuria-roca","12":"first","13":"instock","14":"sale","15":"shipping-taxable","16":"purchasable","17":"product-type-simple"},"_links":{"self":[{"href":"https:\/\/roveyayinevi.com.tr\/index.php\/wp-json\/wp\/v2\/product\/702986","targetHints":{"allow":["GET"]}}],"collection":[{"href":"https:\/\/roveyayinevi.com.tr\/index.php\/wp-json\/wp\/v2\/product"}],"about":[{"href":"https:\/\/roveyayinevi.com.tr\/index.php\/wp-json\/wp\/v2\/types\/product"}],"wp:attachment":[{"href":"https:\/\/roveyayinevi.com.tr\/index.php\/wp-json\/wp\/v2\/media?parent=702986"}],"wp:term":[{"taxonomy":"product_brand","embeddable":true,"href":"https:\/\/roveyayinevi.com.tr\/index.php\/wp-json\/wp\/v2\/product_brand?post=702986"},{"taxonomy":"product_cat","embeddable":true,"href":"https:\/\/roveyayinevi.com.tr\/index.php\/wp-json\/wp\/v2\/product_cat?post=702986"},{"taxonomy":"product_tag","embeddable":true,"href":"https:\/\/roveyayinevi.com.tr\/index.php\/wp-json\/wp\/v2\/product_tag?post=702986"}],"curies":[{"name":"wp","href":"https:\/\/api.w.org\/{rel}","templated":true}]}}